{"id":16687,"date":"2023-03-02T12:17:19","date_gmt":"2023-03-02T15:17:19","guid":{"rendered":"https:\/\/stayfit.com.ar\/?post_type=product&#038;p=16687"},"modified":"2026-04-07T23:47:29","modified_gmt":"2026-04-08T02:47:29","slug":"combo-truemade-crearina-ena","status":"publish","type":"product","link":"https:\/\/stayfit.com.ar\/?product=combo-truemade-crearina-ena","title":{"rendered":"TRUE MADE 907gr + CREATINA MICRONIZADA 300gr ENA"},"content":{"rendered":"<h5>DESCRIPCION WHEY PROTEIN:<br \/>\nes la forma m\u00e1s pura de prote\u00edna de suero que existe actualmente. Al sumarla a nuestra f\u00f3rmula cl\u00e1sica (WPC + WPI) elevamos el est\u00e1ndar de calidad, asegur\u00e1ndote un mejor producto en cada scoop para que logres la performance que buscas.<br \/>\nWHEY PROTEIN contiene un blend de m\u00e1xima pureza con una r\u00e1pida absorci\u00f3n y una excelente calidad, garantizando una efectiva y r\u00e1pida recuperaci\u00f3n del tejido muscular:<br \/>\n\u2013 Whey protein concentrate (WPC): perfil completo de amino\u00e1cidos esenciales, brindando la mejor calidad de prote\u00ednas para aumentar la energ\u00eda durante el entrenamiento.<br \/>\n\u2013 Whey Protein Isolate (WPI): m\u00e1xima pureza. Bajo en carbohidratos, grasas y f\u00e1cil de digerir logrando una mayor absorci\u00f3n de la prote\u00edna.<br \/>\nMODO DE USO WHEY PROTEIN:<br \/>\nAgregar 1 medida colmada de ADVANCE WHEY\u00a0\u00a0en 200 ml de agua o leche fr\u00eda. Mezclar directamente en un vaso con una cuchara o mezclar en una licuadora o shaker durante unos 15 segundos.<br \/>\nTomar 2-3 porciones diarias.<\/h5>\n<p>DESCRIPCION CREATINA:<br \/>\nDiversos estudios han demostrado que, a trav\u00e9s de la incorporaci\u00f3n de Creatina a tu suplementaci\u00f3n, tu potencia y energ\u00eda se incrementan considerablemente. El consumo de Creatina es clave para ejercicios que llevan menos de 10 segundos, como las repeticiones con mancuernas. La clave de este ingrediente es que desarrolla r\u00e1pidamente la energ\u00eda celular, y esto mejora la resistencia para potenciar el crecimiento de tus m\u00fasculos.<br \/>\nMODO DE USO CREATINA:<br \/>\nlos primeros cinco d\u00edas (fase de carga*) se debe incorporar 24 gramos diarios. Una vez superado este proceso, a partir del sexto d\u00eda (fase de entrenamiento) se reduce a 15 gramos. Los d\u00edas de entrenamiento tomarlo por la ma\u00f1ana e inmediatamente despu\u00e9s del ejercicio. El resto de los d\u00edas, hacerlo por la ma\u00f1ana y repetir en cualquier momento del d\u00eda. Por otro lado, beber 10 vasos de agua por d\u00eda favorece la absorci\u00f3n de creatina y ayuda a mantener un buen estado de hidrataci\u00f3n corporal.<\/p>\n","protected":false},"excerpt":{"rendered":"<p>Este combo te ayudara a incrementar tu masa muscular gracias<br \/>\na TRUE MASS ENA y mejorar tu resistencia y rendimiento f\u00edsico a la hora de entrenar con la CREATINA ENA MICRONIZADA<\/p>\n","protected":false},"featured_media":16688,"template":"","meta":{"_monsterinsights_skip_tracking":false,"_monsterinsights_sitenote_active":false,"_monsterinsights_sitenote_note":"","_monsterinsights_sitenote_category":0},"product_brand":[],"product_cat":[192,137],"product_tag":[],"class_list":{"0":"post-16687","1":"product","2":"type-product","3":"status-publish","4":"has-post-thumbnail","6":"product_cat-combos","7":"product_cat-ena","9":"first","10":"instock","11":"taxable","12":"shipping-taxable","13":"purchasable","14":"product-type-simple"},"_links":{"self":[{"href":"https:\/\/stayfit.com.ar\/index.php?rest_route=\/wp\/v2\/product\/16687","targetHints":{"allow":["GET"]}}],"collection":[{"href":"https:\/\/stayfit.com.ar\/index.php?rest_route=\/wp\/v2\/product"}],"about":[{"href":"https:\/\/stayfit.com.ar\/index.php?rest_route=\/wp\/v2\/types\/product"}],"wp:featuredmedia":[{"embeddable":true,"href":"https:\/\/stayfit.com.ar\/index.php?rest_route=\/wp\/v2\/media\/16688"}],"wp:attachment":[{"href":"https:\/\/stayfit.com.ar\/index.php?rest_route=%2Fwp%2Fv2%2Fmedia&parent=16687"}],"wp:term":[{"taxonomy":"product_brand","embeddable":true,"href":"https:\/\/stayfit.com.ar\/index.php?rest_route=%2Fwp%2Fv2%2Fproduct_brand&post=16687"},{"taxonomy":"product_cat","embeddable":true,"href":"https:\/\/stayfit.com.ar\/index.php?rest_route=%2Fwp%2Fv2%2Fproduct_cat&post=16687"},{"taxonomy":"product_tag","embeddable":true,"href":"https:\/\/stayfit.com.ar\/index.php?rest_route=%2Fwp%2Fv2%2Fproduct_tag&post=16687"}],"curies":[{"name":"wp","href":"https:\/\/api.w.org\/{rel}","templated":true}]}}