{"id":16691,"date":"2023-03-02T12:26:19","date_gmt":"2023-03-02T15:26:19","guid":{"rendered":"https:\/\/stayfit.com.ar\/?post_type=product&#038;p=16691"},"modified":"2026-04-11T15:51:30","modified_gmt":"2026-04-11T18:51:30","slug":"100-whey-907gr-creatina-monohidrato-300gr","status":"publish","type":"product","link":"https:\/\/stayfit.com.ar\/?product=100-whey-907gr-creatina-monohidrato-300gr","title":{"rendered":"100% WHEY 907gr + CREATINA Monohidrato 300gr  GOLD NUTRITION"},"content":{"rendered":"<hr \/>\n<p>DESCRIPCION 100% WHEY:<br \/>\nGAINER GOLD\u00a0\u00a0es un verdadero ganador de masa que\u00a0evita el\u00a0catabolismo muscular.<br \/>\nEl blend 8en1 desarrollado por Gold Nutrition\u00a0 hace la diferencia aportando caracter\u00edsticas \u00fanicas a este suplemento.<br \/>\nAdem\u00e1s est\u00e1 certificado Libre de Gluten, \u201d SIN T.A.C.C.\u201d<br \/>\nMODO DE USO 100% WHEY:<br \/>\nDiluir en un shaker GOLD NUTRITION 1 medida \u201ccolmada\u201d 35gs. en 200ml o 250 ml de agua o leche descremada.<br \/>\nVar\u00ede la cantidad de l\u00edquido para lograr el sabor y la consistencia deseada<br \/>\nBatir y consumir.<\/p>\n<p>DESCRIPCION CREATINA:<br \/>\nCREATINE MONOHYDRATE de\u00a0GOLD NUTRITION\u00a0contiene la f\u00f3rmula de creatina m\u00e1s avanzada.<br \/>\nUn potente aporte de energ\u00eda extra para los m\u00fasculos en deportes anaer\u00f3bicos y aer\u00f3bicos que precisan periodos de fuerza cortos e intensos.<br \/>\nAproximadamente el 95% de la creatina del cuerpo se encuentra en el m\u00fasculo esquel\u00e9tico.<br \/>\nEl rendimiento atl\u00e9tico se ver\u00e1 mejorado, permitiendo mayor trabajo bajo tensi\u00f3n, reclutando un mayor n\u00famero de fibras, siendo por tanto, un mayor n\u00famero de ellas estimuladas.<br \/>\nMODO DE USO CREATINA:<br \/>\nFase inicial de Carga: Durante la primera semana consumir 5gs 2 veces al d\u00eda entre las comidas.<br \/>\nFase de Mantenimiento: Comienza la segunda semana con 5gs una vez al d\u00eda lejos de las comidas o 90 min antes del entrenamiento<\/p>\n","protected":false},"excerpt":{"rendered":"<p>Este combo te ayudara a incrementar tu masa muscular gracias<br \/>\na 100% WHEY GOLD NUTRITION y mejorar tu resistencia y rendimiento f\u00edsico<br \/>\na la hora de entrenar con la CREATINA MONOHIDRATO GOLD NUTRITION<\/p>\n","protected":false},"featured_media":16692,"template":"","meta":{"_monsterinsights_skip_tracking":false,"_monsterinsights_sitenote_active":false,"_monsterinsights_sitenote_note":"","_monsterinsights_sitenote_category":0},"product_brand":[],"product_cat":[192,141],"product_tag":[],"class_list":{"0":"post-16691","1":"product","2":"type-product","3":"status-publish","4":"has-post-thumbnail","6":"product_cat-combos","7":"product_cat-gold-nutrition","9":"first","10":"instock","11":"taxable","12":"shipping-taxable","13":"purchasable","14":"product-type-simple"},"_links":{"self":[{"href":"https:\/\/stayfit.com.ar\/index.php?rest_route=\/wp\/v2\/product\/16691","targetHints":{"allow":["GET"]}}],"collection":[{"href":"https:\/\/stayfit.com.ar\/index.php?rest_route=\/wp\/v2\/product"}],"about":[{"href":"https:\/\/stayfit.com.ar\/index.php?rest_route=\/wp\/v2\/types\/product"}],"wp:featuredmedia":[{"embeddable":true,"href":"https:\/\/stayfit.com.ar\/index.php?rest_route=\/wp\/v2\/media\/16692"}],"wp:attachment":[{"href":"https:\/\/stayfit.com.ar\/index.php?rest_route=%2Fwp%2Fv2%2Fmedia&parent=16691"}],"wp:term":[{"taxonomy":"product_brand","embeddable":true,"href":"https:\/\/stayfit.com.ar\/index.php?rest_route=%2Fwp%2Fv2%2Fproduct_brand&post=16691"},{"taxonomy":"product_cat","embeddable":true,"href":"https:\/\/stayfit.com.ar\/index.php?rest_route=%2Fwp%2Fv2%2Fproduct_cat&post=16691"},{"taxonomy":"product_tag","embeddable":true,"href":"https:\/\/stayfit.com.ar\/index.php?rest_route=%2Fwp%2Fv2%2Fproduct_tag&post=16691"}],"curies":[{"name":"wp","href":"https:\/\/api.w.org\/{rel}","templated":true}]}}