{"id":16724,"date":"2023-03-12T17:54:50","date_gmt":"2023-03-12T20:54:50","guid":{"rendered":"https:\/\/stayfit.com.ar\/?post_type=product&#038;p=16724"},"modified":"2026-01-17T15:54:09","modified_gmt":"2026-01-17T18:54:09","slug":"combo-mass-body-advance-whey-protein-907gr-creatina-monohidrato-150gr","status":"publish","type":"product","link":"https:\/\/stayfit.com.ar\/?product=combo-mass-body-advance-whey-protein-907gr-creatina-monohidrato-150gr","title":{"rendered":"<strong>WHEY PROTEIN 907gr + CREATINA MONOHIDRATO 150gr BODY ADVANCE <\/strong>"},"content":{"rendered":"<p>DESCRIPCION MONSTER MASS:<br \/>\nInnovadora combinaci\u00f3n que aporta nutrientes (prote\u00ednas y carbohidratos) y calor\u00edas extra para aumentar masa muscular. Ideal para quienes busquen aumentar de peso y a deportistas cuyos entrenamientos requieren un gran comsumo cal\u00f3rico.<br \/>\nEntre sus beneficios podemos destacar:<br \/>\n+ Aumento de la ingesta cal\u00f3rica.<br \/>\n+ Aumento de peso y construcci\u00f3n de masa muscular magra.<br \/>\n+ Mayor recuperaci\u00f3n y rendimiento deportivo.<br \/>\nMODO DE USO MONSTER MASS:<br \/>\nUna medida (40 gr), de 1 a 2 veces por d\u00eda. Mezclar en 250 ml de agua, leche descremada o leche vegetal de su preferencia.<\/p>\n<p>DESCRIPCION CREATINA:<br \/>\nDiversos estudios han demostrado que, a trav\u00e9s de la incorporaci\u00f3n de Creatina a tu suplementaci\u00f3n, tu potencia y energ\u00eda se incrementan considerablemente. El consumo de Creatina es clave para ejercicios que llevan menos de 10 segundos, como las repeticiones con mancuernas. La clave de este ingrediente es que desarrolla r\u00e1pidamente la energ\u00eda celular, y esto mejora la resistencia para potenciar el crecimiento de tus m\u00fasculos.<br \/>\nMODO DE USO CREATINA:<br \/>\nlos primeros cinco d\u00edas (fase de carga*) se debe incorporar 24 gramos diarios. Una vez superado este proceso, a partir del sexto d\u00eda (fase de entrenamiento) se reduce a 15 gramos. Los d\u00edas de entrenamiento tomarlo por la ma\u00f1ana e inmediatamente despu\u00e9s del ejercicio. El resto de los d\u00edas, hacerlo por la ma\u00f1ana y repetir en cualquier momento del d\u00eda. Por otro lado, beber 10 vasos de agua por d\u00eda favorece la absorci\u00f3n de creatina y ayuda a mantener un buen estado de hidrataci\u00f3n corporal.<\/p>\n","protected":false},"excerpt":{"rendered":"<p>Este combo te ayudara a incrementar tu masa muscular gracias<br \/>\na MONSTER MASS BODY ADVANCE y mejorar tu resistencia y rendimiento f\u00edsico a la hora de entrenar con la CREATINA MONOHIDRATO BODY ADVANCE<\/p>\n","protected":false},"featured_media":16725,"template":"","meta":{"_monsterinsights_skip_tracking":false,"_monsterinsights_sitenote_active":false,"_monsterinsights_sitenote_note":"","_monsterinsights_sitenote_category":0},"product_brand":[],"product_cat":[126,192],"product_tag":[],"class_list":{"0":"post-16724","1":"product","2":"type-product","3":"status-publish","4":"has-post-thumbnail","6":"product_cat-body-advance","7":"product_cat-combos","9":"first","10":"instock","11":"taxable","12":"shipping-taxable","13":"purchasable","14":"product-type-simple"},"_links":{"self":[{"href":"https:\/\/stayfit.com.ar\/index.php?rest_route=\/wp\/v2\/product\/16724","targetHints":{"allow":["GET"]}}],"collection":[{"href":"https:\/\/stayfit.com.ar\/index.php?rest_route=\/wp\/v2\/product"}],"about":[{"href":"https:\/\/stayfit.com.ar\/index.php?rest_route=\/wp\/v2\/types\/product"}],"wp:featuredmedia":[{"embeddable":true,"href":"https:\/\/stayfit.com.ar\/index.php?rest_route=\/wp\/v2\/media\/16725"}],"wp:attachment":[{"href":"https:\/\/stayfit.com.ar\/index.php?rest_route=%2Fwp%2Fv2%2Fmedia&parent=16724"}],"wp:term":[{"taxonomy":"product_brand","embeddable":true,"href":"https:\/\/stayfit.com.ar\/index.php?rest_route=%2Fwp%2Fv2%2Fproduct_brand&post=16724"},{"taxonomy":"product_cat","embeddable":true,"href":"https:\/\/stayfit.com.ar\/index.php?rest_route=%2Fwp%2Fv2%2Fproduct_cat&post=16724"},{"taxonomy":"product_tag","embeddable":true,"href":"https:\/\/stayfit.com.ar\/index.php?rest_route=%2Fwp%2Fv2%2Fproduct_tag&post=16724"}],"curies":[{"name":"wp","href":"https:\/\/api.w.org\/{rel}","templated":true}]}}