{"id":16803,"date":"2023-04-11T17:56:43","date_gmt":"2023-04-11T20:56:43","guid":{"rendered":"https:\/\/stayfit.com.ar\/?post_type=product&#038;p=16803"},"modified":"2026-03-15T23:10:22","modified_gmt":"2026-03-16T02:10:22","slug":"growsbar-world-nutrition-12-unidades","status":"publish","type":"product","link":"https:\/\/stayfit.com.ar\/?product=growsbar-world-nutrition-12-unidades","title":{"rendered":"<strong>GROWSBAR (WORLD NUTRITION) 12 UNIDADES<\/strong>"},"content":{"rendered":"<p>DESCRIPCION:<br \/>\nbarra nutricional con un importante aporte de prote\u00ednas de suero l\u00e1cteo e hidratos de carbono, las primeras con alta concentraci\u00f3n de amino\u00e1cidos ramificados (recuperaci\u00f3n y crecimiento muscular) y los \u00faltimos como fuente de energ\u00eda para los m\u00fasculos<br \/>\nMODO DE USO:<br \/>\n1 Barra diaria<br \/>\n\u2022 No utilizar en caso de embarazo, lactancia, ni en ni\u00f1os.<br \/>\n\u2022 Mantener fuera del alcance de los ni\u00f1os.<br \/>\n\u2022 Consulte a su m\u00e9dico.<br \/>\n\u2022 Este producto no debe ser consumido por diab\u00e9ticos.<\/p>\n","protected":false},"excerpt":{"rendered":"<p>barra nutricional con un importante aporte de prote\u00ednas de suero l\u00e1cteo e hidratos de carbono, las primeras con alta concentraci\u00f3n de amino\u00e1cidos ramificados (recuperaci\u00f3n y crecimiento muscular) y los \u00faltimos como fuente de energ\u00eda para los m\u00fasculos<\/p>\n","protected":false},"featured_media":16804,"template":"","meta":{"_monsterinsights_skip_tracking":false,"_monsterinsights_sitenote_active":false,"_monsterinsights_sitenote_note":"","_monsterinsights_sitenote_category":0},"product_brand":[],"product_cat":[159],"product_tag":[],"class_list":{"0":"post-16803","1":"product","2":"type-product","3":"status-publish","4":"has-post-thumbnail","6":"product_cat-barras-de-proteina","8":"first","9":"instock","10":"taxable","11":"shipping-taxable","12":"purchasable","13":"product-type-variable"},"_links":{"self":[{"href":"https:\/\/stayfit.com.ar\/index.php?rest_route=\/wp\/v2\/product\/16803","targetHints":{"allow":["GET"]}}],"collection":[{"href":"https:\/\/stayfit.com.ar\/index.php?rest_route=\/wp\/v2\/product"}],"about":[{"href":"https:\/\/stayfit.com.ar\/index.php?rest_route=\/wp\/v2\/types\/product"}],"wp:featuredmedia":[{"embeddable":true,"href":"https:\/\/stayfit.com.ar\/index.php?rest_route=\/wp\/v2\/media\/16804"}],"wp:attachment":[{"href":"https:\/\/stayfit.com.ar\/index.php?rest_route=%2Fwp%2Fv2%2Fmedia&parent=16803"}],"wp:term":[{"taxonomy":"product_brand","embeddable":true,"href":"https:\/\/stayfit.com.ar\/index.php?rest_route=%2Fwp%2Fv2%2Fproduct_brand&post=16803"},{"taxonomy":"product_cat","embeddable":true,"href":"https:\/\/stayfit.com.ar\/index.php?rest_route=%2Fwp%2Fv2%2Fproduct_cat&post=16803"},{"taxonomy":"product_tag","embeddable":true,"href":"https:\/\/stayfit.com.ar\/index.php?rest_route=%2Fwp%2Fv2%2Fproduct_tag&post=16803"}],"curies":[{"name":"wp","href":"https:\/\/api.w.org\/{rel}","templated":true}]}}