{"id":17341,"date":"2023-06-12T10:07:10","date_gmt":"2023-06-12T13:07:10","guid":{"rendered":"https:\/\/stayfit.com.ar\/?post_type=product&#038;p=17341"},"modified":"2026-05-08T00:17:19","modified_gmt":"2026-05-08T03:17:19","slug":"truemade-amino-full-146gr-ena","status":"publish","type":"product","link":"https:\/\/stayfit.com.ar\/?product=truemade-amino-full-146gr-ena","title":{"rendered":"TRUEMADE AMINO FULL 146gr ENA"},"content":{"rendered":"<p>PRESENTACI\u00d3N:<br \/>\nAMINO\u00c1CIDOS + CAFE\u00cdNA + ELECTROLITOS<br \/>\nAMINO FULL\u00a0contiene una combinaci\u00f3n de amino\u00e1cidos de cadena ramificada (Leucina, Isoleucina, Valina) en un ratio 2:1:1; que son indispensables para el desarrollo y una mejor y m\u00e1s r\u00e1pida recuperaci\u00f3n de la masa muscular. La f\u00f3rmula se complementa con L- Citrulina y L-Glutamina, ayudando a reducir la fatiga, ya que mantienen a las c\u00e9lulas en buen estado y trabajan sobre la reparaci\u00f3n tejidos; ideales para mejorar el rendimiento, ganar fuerza y masa muscular.<br \/>\nAdem\u00e1s, AMINO FULL aporta 100 mg de cafe\u00edna para respaldar la energ\u00eda y el enfoque, ideal tanto en entrenamientos de resistencia como en ejercicios de alta intensidad.<br \/>\nMODO DE USO:<br \/>\nDisolver 1 scoop colmado (7,30 g aprox) en 300 ml de agua, agitar unos segundos y consumir antes y despu\u00e9s del entrenamiento.<br \/>\nRinde 30 Servicios.<\/p>\n","protected":false},"excerpt":{"rendered":"<p>DENOMINACI\u00d3N:<br \/>\nSuplemento dietario en polvo diet\u00e9tico para preparar bebida a base de amino\u00e1cidos 146g.<\/p>\n","protected":false},"featured_media":17343,"template":"","meta":{"_monsterinsights_skip_tracking":false,"_monsterinsights_sitenote_active":false,"_monsterinsights_sitenote_note":"","_monsterinsights_sitenote_category":0},"product_brand":[],"product_cat":[124,137],"product_tag":[138,139],"class_list":{"0":"post-17341","1":"product","2":"type-product","3":"status-publish","4":"has-post-thumbnail","6":"product_cat-aminoacidos","7":"product_cat-ena","8":"product_tag-aminoacidos-ena","9":"product_tag-ena-reload","11":"first","12":"instock","13":"taxable","14":"shipping-taxable","15":"product-type-simple"},"_links":{"self":[{"href":"https:\/\/stayfit.com.ar\/index.php?rest_route=\/wp\/v2\/product\/17341","targetHints":{"allow":["GET"]}}],"collection":[{"href":"https:\/\/stayfit.com.ar\/index.php?rest_route=\/wp\/v2\/product"}],"about":[{"href":"https:\/\/stayfit.com.ar\/index.php?rest_route=\/wp\/v2\/types\/product"}],"wp:featuredmedia":[{"embeddable":true,"href":"https:\/\/stayfit.com.ar\/index.php?rest_route=\/wp\/v2\/media\/17343"}],"wp:attachment":[{"href":"https:\/\/stayfit.com.ar\/index.php?rest_route=%2Fwp%2Fv2%2Fmedia&parent=17341"}],"wp:term":[{"taxonomy":"product_brand","embeddable":true,"href":"https:\/\/stayfit.com.ar\/index.php?rest_route=%2Fwp%2Fv2%2Fproduct_brand&post=17341"},{"taxonomy":"product_cat","embeddable":true,"href":"https:\/\/stayfit.com.ar\/index.php?rest_route=%2Fwp%2Fv2%2Fproduct_cat&post=17341"},{"taxonomy":"product_tag","embeddable":true,"href":"https:\/\/stayfit.com.ar\/index.php?rest_route=%2Fwp%2Fv2%2Fproduct_tag&post=17341"}],"curies":[{"name":"wp","href":"https:\/\/api.w.org\/{rel}","templated":true}]}}