{"id":17344,"date":"2023-06-12T10:12:24","date_gmt":"2023-06-12T13:12:24","guid":{"rendered":"https:\/\/stayfit.com.ar\/?post_type=product&#038;p=17344"},"modified":"2026-03-27T09:22:31","modified_gmt":"2026-03-27T12:22:31","slug":"starcuts-star-nutrition-120-capsulas","status":"publish","type":"product","link":"https:\/\/stayfit.com.ar\/?product=starcuts-star-nutrition-120-capsulas","title":{"rendered":"STARCUTS STAR NUTRITION (120 CAPSULAS)"},"content":{"rendered":"<p>DESCRIPCION:<br \/>\n\u00a0StarCuts con una f\u00f3rmula 100% renovada.<br \/>\nContiene ingredientes activos que necesitas para entrenar intensamente, por m\u00e1s tiempo, con mayor volumen de sangre en los m\u00fasculos y s\u00faper motivado.<br \/>\nAdem\u00e1s es muy bajo en calor\u00edas.<br \/>\nMODO DE USO:<br \/>\nConsumir 4 c\u00e1psulas diarias.<br \/>\n2 por la ma\u00f1ana y 2 antes del entrenamiento o como lo indique su especialista.<\/p>\n","protected":false},"excerpt":{"rendered":"<p>Suplemento dietario a base de extractos de hierbas, vitaminas y minerales, en c\u00e1psulas.<br \/>\n120 CAP. | 30 SERV. | 250MG L-CARNITINA X SERV.<\/p>\n","protected":false},"featured_media":17345,"template":"","meta":{"_monsterinsights_skip_tracking":false,"_monsterinsights_sitenote_active":false,"_monsterinsights_sitenote_note":"","_monsterinsights_sitenote_category":0},"product_brand":[],"product_cat":[152,129],"product_tag":[],"class_list":{"0":"post-17344","1":"product","2":"type-product","3":"status-publish","4":"has-post-thumbnail","6":"product_cat-quemadores","7":"product_cat-star-nutrition","9":"first","10":"outofstock","11":"taxable","12":"shipping-taxable","13":"product-type-simple"},"_links":{"self":[{"href":"https:\/\/stayfit.com.ar\/index.php?rest_route=\/wp\/v2\/product\/17344","targetHints":{"allow":["GET"]}}],"collection":[{"href":"https:\/\/stayfit.com.ar\/index.php?rest_route=\/wp\/v2\/product"}],"about":[{"href":"https:\/\/stayfit.com.ar\/index.php?rest_route=\/wp\/v2\/types\/product"}],"wp:featuredmedia":[{"embeddable":true,"href":"https:\/\/stayfit.com.ar\/index.php?rest_route=\/wp\/v2\/media\/17345"}],"wp:attachment":[{"href":"https:\/\/stayfit.com.ar\/index.php?rest_route=%2Fwp%2Fv2%2Fmedia&parent=17344"}],"wp:term":[{"taxonomy":"product_brand","embeddable":true,"href":"https:\/\/stayfit.com.ar\/index.php?rest_route=%2Fwp%2Fv2%2Fproduct_brand&post=17344"},{"taxonomy":"product_cat","embeddable":true,"href":"https:\/\/stayfit.com.ar\/index.php?rest_route=%2Fwp%2Fv2%2Fproduct_cat&post=17344"},{"taxonomy":"product_tag","embeddable":true,"href":"https:\/\/stayfit.com.ar\/index.php?rest_route=%2Fwp%2Fv2%2Fproduct_tag&post=17344"}],"curies":[{"name":"wp","href":"https:\/\/api.w.org\/{rel}","templated":true}]}}