{"id":17350,"date":"2023-06-12T10:22:43","date_gmt":"2023-06-12T13:22:43","guid":{"rendered":"https:\/\/stayfit.com.ar\/?post_type=product&#038;p=17350"},"modified":"2025-10-11T10:36:20","modified_gmt":"2025-10-11T13:36:20","slug":"black-mamba-hyperrush-innovate-100-capsulas","status":"publish","type":"product","link":"https:\/\/stayfit.com.ar\/?product=black-mamba-hyperrush-innovate-100-capsulas","title":{"rendered":"BLACK MAMBA HYPERRUSH INNOVATE  (90 CAPSULAS)"},"content":{"rendered":"<p>DESCRIPCION:<br \/>\nCreado para intensificar la energ\u00eda y atacar la grasa, Black Mamba desintegra la grasa con solo una c\u00e1psula al d\u00eda. Este producto fue creado por el complejo AAA patentado mejor conocido como \u201cEliminador del Apetito de Alerta Mental Acelerada Amplificada\u201d<br \/>\nBlack Mamba es un potente quemador de grasa que contiene potentes ingredientes en su f\u00f3rmula.<br \/>\nBlack Mamba contiene 65 mg de extracto de Ephedran, 200 mg de cafe\u00edna y otras sustancias tales como la yohimbina HCL y 4-2-dimetilaminoetilo.<br \/>\nBlack Mamba optimizar\u00e1 tu energ\u00eda y concentraci\u00f3n durante el entrenamiento, adem\u00e1s de oxidar las grasas de tu cuerpo. Es un complemento alimenticio termog\u00e9nico recomendado para personas sanas que buscan una mejor definici\u00f3n muscular y\/o las destinadas a la p\u00e9rdida de peso.<br \/>\nMODO DE USO:<br \/>\nPara poner a prueba su tolerancia al producto, tomar una c\u00e1psula al despertar con la primer comida del d\u00eda durante 7 d\u00edas. Despu\u00e9s del octavo d\u00eda si hay una buena adaptaci\u00f3n al producto, tomar una c\u00e1psula al despertar con la primer comida y otra c\u00e1psula 6 horas m\u00e1s tarde con alguna otra comida. Nunca use m\u00e1s de 2 c\u00e1psulas al d\u00eda. Nunca tome 2 c\u00e1psulas al mismo tiempo.<\/p>\n","protected":false},"excerpt":{"rendered":"<ul>\n<li>Ayuda en la p\u00e9rdida de peso.<\/li>\n<li>Reducci\u00f3n de la grasa localizada (optimiza la definici\u00f3n muscular).<\/li>\n<li>Oxidaci\u00f3n de la grasa corporal intensiva.<\/li>\n<li>M\u00e1s energ\u00eda para tu entrenamiento.<\/li>\n<li>Inhibidor del apetito.<\/li>\n<li>Reduce la retenci\u00f3n de l\u00edquidos.<\/li>\n<\/ul>\n","protected":false},"featured_media":17351,"template":"","meta":{"_monsterinsights_skip_tracking":false,"_monsterinsights_sitenote_active":false,"_monsterinsights_sitenote_note":"","_monsterinsights_sitenote_category":0},"product_brand":[],"product_cat":[186,152],"product_tag":[],"class_list":{"0":"post-17350","1":"product","2":"type-product","3":"status-publish","4":"has-post-thumbnail","6":"product_cat-importados","7":"product_cat-quemadores","9":"first","10":"instock","11":"taxable","12":"shipping-taxable","13":"product-type-simple"},"_links":{"self":[{"href":"https:\/\/stayfit.com.ar\/index.php?rest_route=\/wp\/v2\/product\/17350","targetHints":{"allow":["GET"]}}],"collection":[{"href":"https:\/\/stayfit.com.ar\/index.php?rest_route=\/wp\/v2\/product"}],"about":[{"href":"https:\/\/stayfit.com.ar\/index.php?rest_route=\/wp\/v2\/types\/product"}],"wp:featuredmedia":[{"embeddable":true,"href":"https:\/\/stayfit.com.ar\/index.php?rest_route=\/wp\/v2\/media\/17351"}],"wp:attachment":[{"href":"https:\/\/stayfit.com.ar\/index.php?rest_route=%2Fwp%2Fv2%2Fmedia&parent=17350"}],"wp:term":[{"taxonomy":"product_brand","embeddable":true,"href":"https:\/\/stayfit.com.ar\/index.php?rest_route=%2Fwp%2Fv2%2Fproduct_brand&post=17350"},{"taxonomy":"product_cat","embeddable":true,"href":"https:\/\/stayfit.com.ar\/index.php?rest_route=%2Fwp%2Fv2%2Fproduct_cat&post=17350"},{"taxonomy":"product_tag","embeddable":true,"href":"https:\/\/stayfit.com.ar\/index.php?rest_route=%2Fwp%2Fv2%2Fproduct_tag&post=17350"}],"curies":[{"name":"wp","href":"https:\/\/api.w.org\/{rel}","templated":true}]}}