{"id":17352,"date":"2023-06-12T10:29:43","date_gmt":"2023-06-12T13:29:43","guid":{"rendered":"https:\/\/stayfit.com.ar\/?post_type=product&#038;p=17352"},"modified":"2025-10-11T10:36:20","modified_gmt":"2025-10-11T13:36:20","slug":"eph-25-kn-nutrition-90-capsulas","status":"publish","type":"product","link":"https:\/\/stayfit.com.ar\/?product=eph-25-kn-nutrition-90-capsulas","title":{"rendered":"EPH 25 KN NUTRITION  (90 C\u00c1PSULAS)"},"content":{"rendered":"<p>DESCRIPCION:<\/p>\n<h5 id=\"tw-target-text\" class=\"tw-data-text tw-text-large XcVN5d tw-ta\" dir=\"ltr\" data-placeholder=\"Traducci\u00f3n\"><span class=\"Y2IQFc\" lang=\"es\">DESARROLLADO POR KN NUTRITION, EL EPH 25 ES UN POTENTE QUEMAGRASAS QUE CONTIENE INGREDIENTES 100% NATURALES COMO PRINCIPALES COMPUESTOS TERMOG\u00c9NICOS Y ACELERADORES METAB\u00d3LICOS. ADEM\u00c1S, TIENE OTROS INGREDIENTES DIUR\u00c9TICOS ALTAMENTE EFICIENTES PARA COMBATIR LA RETENCI\u00d3N DE L\u00cdQUIDOS Y M\u00c1S, EL EPH 100 ES UN PODEROSO SUPRESOR DEL APETITO.<br \/>\nMODO DE USO:<\/p>\n<h5 class=\"tw-data-text tw-text-large XcVN5d tw-ta\" dir=\"ltr\" data-placeholder=\"Traducci\u00f3n\">COMO SUPLEMENTO DIET\u00c9TICO, TOME 1 PORCI\u00d3N POR LA MA\u00d1ANA CON EL EST\u00d3MAGO VAC\u00cdO Y 1 EN 4 A 6 HORAS M\u00c1S TARDE POR LA TARDE. NO EXCEDA DE 2 PORCIONES DURANTE UN PER\u00cdODO DE 24 HORAS. PARA APOYAR LA SALUD GENERAL, BEBA 8 VASOS DE AGUA DURANTE UN D\u00cdA<\/p>\n","protected":false},"excerpt":{"rendered":"<p>EFECTO DIUR\u00c9TICO: EL EXTRACTO DE T\u00c9 VERDE Y EL EXTRACTO DE JENGIBRE SON POTENTES DIUR\u00c9TICOS QUE ELIMINAN CUALQUIER RETENCI\u00d3N ENTRE LA PIEL Y EL M\u00daSCULO, PROMOVIENDO UN EFECTO DE DEFINICI\u00d3N EN POCOS D\u00cdAS.<\/p>\n","protected":false},"featured_media":17353,"template":"","meta":{"_monsterinsights_skip_tracking":false,"_monsterinsights_sitenote_active":false,"_monsterinsights_sitenote_note":"","_monsterinsights_sitenote_category":0},"product_brand":[],"product_cat":[186,152],"product_tag":[],"class_list":{"0":"post-17352","1":"product","2":"type-product","3":"status-publish","4":"has-post-thumbnail","6":"product_cat-importados","7":"product_cat-quemadores","9":"first","10":"instock","11":"taxable","12":"shipping-taxable","13":"product-type-simple"},"_links":{"self":[{"href":"https:\/\/stayfit.com.ar\/index.php?rest_route=\/wp\/v2\/product\/17352","targetHints":{"allow":["GET"]}}],"collection":[{"href":"https:\/\/stayfit.com.ar\/index.php?rest_route=\/wp\/v2\/product"}],"about":[{"href":"https:\/\/stayfit.com.ar\/index.php?rest_route=\/wp\/v2\/types\/product"}],"wp:featuredmedia":[{"embeddable":true,"href":"https:\/\/stayfit.com.ar\/index.php?rest_route=\/wp\/v2\/media\/17353"}],"wp:attachment":[{"href":"https:\/\/stayfit.com.ar\/index.php?rest_route=%2Fwp%2Fv2%2Fmedia&parent=17352"}],"wp:term":[{"taxonomy":"product_brand","embeddable":true,"href":"https:\/\/stayfit.com.ar\/index.php?rest_route=%2Fwp%2Fv2%2Fproduct_brand&post=17352"},{"taxonomy":"product_cat","embeddable":true,"href":"https:\/\/stayfit.com.ar\/index.php?rest_route=%2Fwp%2Fv2%2Fproduct_cat&post=17352"},{"taxonomy":"product_tag","embeddable":true,"href":"https:\/\/stayfit.com.ar\/index.php?rest_route=%2Fwp%2Fv2%2Fproduct_tag&post=17352"}],"curies":[{"name":"wp","href":"https:\/\/api.w.org\/{rel}","templated":true}]}}