{"id":17967,"date":"2023-07-31T20:49:43","date_gmt":"2023-07-31T23:49:43","guid":{"rendered":"https:\/\/stayfit.com.ar\/?post_type=product&#038;p=17967"},"modified":"2026-05-08T00:17:19","modified_gmt":"2026-05-08T03:17:19","slug":"multi-vitamin-ena-60-comprimidos","status":"publish","type":"product","link":"https:\/\/stayfit.com.ar\/?product=multi-vitamin-ena-60-comprimidos","title":{"rendered":"MULTI VITAMIN ENA (60 comprimidos)"},"content":{"rendered":"<p>DESCRIPCION:<br \/>\nMULTIVITAMIN es un suplemento multivitam\u00ednico completo a base de vitaminas y minerales, especialmente formulado para ayudar a respaldar la salud f\u00edsica, con un plus de cafe\u00edna que estimula la concentraci\u00f3n y el rendimiento. Su aporte de Vitaminas del complejo B, colabora para sostener los niveles de energ\u00eda, reducir la sensaci\u00f3n de cansancio y mejorar al resistencia al estr\u00e9s f\u00edsico y mental.<br \/>\nMODO DE USO:<\/p>\n<p>Tomas un comprimido a la ma\u00f1ana o previo a la actividad f\u00edsica, con abundante agua<\/p>\n","protected":false},"excerpt":{"rendered":"<p>Suplemento ideal para aportar este nutriente esencial que tu cuerpo necesita para su buen funcionamiento 60 comprimidos<\/p>\n","protected":false},"featured_media":17968,"template":"","meta":{"_monsterinsights_skip_tracking":false,"_monsterinsights_sitenote_active":false,"_monsterinsights_sitenote_note":"","_monsterinsights_sitenote_category":0},"product_brand":[],"product_cat":[137,171],"product_tag":[],"class_list":{"0":"post-17967","1":"product","2":"type-product","3":"status-publish","4":"has-post-thumbnail","6":"product_cat-ena","7":"product_cat-vitaminas","9":"first","10":"instock","11":"taxable","12":"shipping-taxable","13":"purchasable","14":"product-type-simple"},"_links":{"self":[{"href":"https:\/\/stayfit.com.ar\/index.php?rest_route=\/wp\/v2\/product\/17967","targetHints":{"allow":["GET"]}}],"collection":[{"href":"https:\/\/stayfit.com.ar\/index.php?rest_route=\/wp\/v2\/product"}],"about":[{"href":"https:\/\/stayfit.com.ar\/index.php?rest_route=\/wp\/v2\/types\/product"}],"wp:featuredmedia":[{"embeddable":true,"href":"https:\/\/stayfit.com.ar\/index.php?rest_route=\/wp\/v2\/media\/17968"}],"wp:attachment":[{"href":"https:\/\/stayfit.com.ar\/index.php?rest_route=%2Fwp%2Fv2%2Fmedia&parent=17967"}],"wp:term":[{"taxonomy":"product_brand","embeddable":true,"href":"https:\/\/stayfit.com.ar\/index.php?rest_route=%2Fwp%2Fv2%2Fproduct_brand&post=17967"},{"taxonomy":"product_cat","embeddable":true,"href":"https:\/\/stayfit.com.ar\/index.php?rest_route=%2Fwp%2Fv2%2Fproduct_cat&post=17967"},{"taxonomy":"product_tag","embeddable":true,"href":"https:\/\/stayfit.com.ar\/index.php?rest_route=%2Fwp%2Fv2%2Fproduct_tag&post=17967"}],"curies":[{"name":"wp","href":"https:\/\/api.w.org\/{rel}","templated":true}]}}