{"id":17970,"date":"2023-07-31T20:54:09","date_gmt":"2023-07-31T23:54:09","guid":{"rendered":"https:\/\/stayfit.com.ar\/?post_type=product&#038;p=17970"},"modified":"2026-05-08T00:17:26","modified_gmt":"2026-05-08T03:17:26","slug":"100-whey-ena-910-gramos","status":"publish","type":"product","link":"https:\/\/stayfit.com.ar\/?product=100-whey-ena-910-gramos","title":{"rendered":"<strong>100% WHEY ENA (910 gramos) <\/strong>"},"content":{"rendered":"<p>DESCRIPCION:<br \/>\nLa suplementaci\u00f3n con prote\u00ednas de suero (Whey protein) es ideal para complementar tus desayunos, tus meriendas y tu snack recovery post entreno. Los 20 gs de prote\u00ednas por porci\u00f3n de 100% WHEY la posicionan como una gran opci\u00f3n para toda la poblaci\u00f3n fisicamente activa, tanto hombres como mujeres. La calidad de 100% WHEY es ideal para favorecer la s\u00edntesis de masa muscular, ya que es rica en amino\u00e1cidos ramificados conocidos como BCAA.<br \/>\nMODO DE USO:<br \/>\ncolocar una medida (scoop) en un shaker ENA y agregar 200 cm3 de agua o leche (preferentemente descremada), agitar y consumir en tus desayunos o meriendas.<\/p>\n","protected":false},"excerpt":{"rendered":"<p>Suplemento diet\u00e9tico en polvo para preparar bebida a base de carbohidratos, prote\u00ednas de suero y vitaminas.<br \/>\n2 libras | 24G DE PROTE\u00cdNA X SERV.<\/p>\n","protected":false},"featured_media":17971,"template":"","meta":{"_monsterinsights_skip_tracking":false,"_monsterinsights_sitenote_active":false,"_monsterinsights_sitenote_note":"","_monsterinsights_sitenote_category":0},"product_brand":[],"product_cat":[137,146],"product_tag":[],"class_list":{"0":"post-17970","1":"product","2":"type-product","3":"status-publish","4":"has-post-thumbnail","6":"product_cat-ena","7":"product_cat-proteinas","9":"first","10":"instock","11":"taxable","12":"shipping-taxable","13":"purchasable","14":"product-type-variable"},"_links":{"self":[{"href":"https:\/\/stayfit.com.ar\/index.php?rest_route=\/wp\/v2\/product\/17970","targetHints":{"allow":["GET"]}}],"collection":[{"href":"https:\/\/stayfit.com.ar\/index.php?rest_route=\/wp\/v2\/product"}],"about":[{"href":"https:\/\/stayfit.com.ar\/index.php?rest_route=\/wp\/v2\/types\/product"}],"wp:featuredmedia":[{"embeddable":true,"href":"https:\/\/stayfit.com.ar\/index.php?rest_route=\/wp\/v2\/media\/17971"}],"wp:attachment":[{"href":"https:\/\/stayfit.com.ar\/index.php?rest_route=%2Fwp%2Fv2%2Fmedia&parent=17970"}],"wp:term":[{"taxonomy":"product_brand","embeddable":true,"href":"https:\/\/stayfit.com.ar\/index.php?rest_route=%2Fwp%2Fv2%2Fproduct_brand&post=17970"},{"taxonomy":"product_cat","embeddable":true,"href":"https:\/\/stayfit.com.ar\/index.php?rest_route=%2Fwp%2Fv2%2Fproduct_cat&post=17970"},{"taxonomy":"product_tag","embeddable":true,"href":"https:\/\/stayfit.com.ar\/index.php?rest_route=%2Fwp%2Fv2%2Fproduct_tag&post=17970"}],"curies":[{"name":"wp","href":"https:\/\/api.w.org\/{rel}","templated":true}]}}