{"id":17976,"date":"2023-07-31T21:00:17","date_gmt":"2023-08-01T00:00:17","guid":{"rendered":"https:\/\/stayfit.com.ar\/?post_type=product&#038;p=17976"},"modified":"2026-04-09T21:41:50","modified_gmt":"2026-04-10T00:41:50","slug":"just-whey-star-nutrition-910-gramos-sabor-neutro","status":"publish","type":"product","link":"https:\/\/stayfit.com.ar\/?product=just-whey-star-nutrition-910-gramos-sabor-neutro","title":{"rendered":"JUST WHEY STAR NUTRITION (910 GRAMOS) SABOR Neutro"},"content":{"rendered":"<p>DESCRIPCION: Compuesta por ultra concentrado de suero de m\u00e1xima pureza, obtenidos por m\u00e9todos no agresivos que garantizan la calidad y estabilidad del producto.<br \/>\nSin endulzantes, colorantes ni saborizantes solo 100% concentrado de prote\u00ednas<br \/>\n100% NATURAL GRASS FED PROTEIN<br \/>\nFuente natural de amino\u00e1cidos esenciales, amino\u00e1cidos de cadena ramificada y Glutamina.<br \/>\nMODO DE USO: Diluir 1 medida (30g) de just Whey en 200cm3 de agua o leche descremada.<br \/>\nConsumir 1 hora antes del entrenamiento, luego del mismo o simplemente en cualquier momento del d\u00eda para alcanzar tus necesidades proteicas.<\/p>\n","protected":false},"excerpt":{"rendered":"<p>Suplemento Dietario en Polvo Diet\u00e9tico a base de ULTRA Concentrado de Prote\u00edna de Suero L\u00e1cteo. Libre de Gluten. Sin T.A.C.C.<br \/>\n2 LIBRAS | 30 SERV. | 25GR DE PROTE\u00cdNA X SERV.<\/p>\n","protected":false},"featured_media":17977,"template":"","meta":{"_monsterinsights_skip_tracking":false,"_monsterinsights_sitenote_active":false,"_monsterinsights_sitenote_note":"","_monsterinsights_sitenote_category":0},"product_brand":[],"product_cat":[146,129],"product_tag":[],"class_list":{"0":"post-17976","1":"product","2":"type-product","3":"status-publish","4":"has-post-thumbnail","6":"product_cat-proteinas","7":"product_cat-star-nutrition","9":"first","10":"instock","11":"taxable","12":"shipping-taxable","13":"purchasable","14":"product-type-simple"},"_links":{"self":[{"href":"https:\/\/stayfit.com.ar\/index.php?rest_route=\/wp\/v2\/product\/17976","targetHints":{"allow":["GET"]}}],"collection":[{"href":"https:\/\/stayfit.com.ar\/index.php?rest_route=\/wp\/v2\/product"}],"about":[{"href":"https:\/\/stayfit.com.ar\/index.php?rest_route=\/wp\/v2\/types\/product"}],"wp:featuredmedia":[{"embeddable":true,"href":"https:\/\/stayfit.com.ar\/index.php?rest_route=\/wp\/v2\/media\/17977"}],"wp:attachment":[{"href":"https:\/\/stayfit.com.ar\/index.php?rest_route=%2Fwp%2Fv2%2Fmedia&parent=17976"}],"wp:term":[{"taxonomy":"product_brand","embeddable":true,"href":"https:\/\/stayfit.com.ar\/index.php?rest_route=%2Fwp%2Fv2%2Fproduct_brand&post=17976"},{"taxonomy":"product_cat","embeddable":true,"href":"https:\/\/stayfit.com.ar\/index.php?rest_route=%2Fwp%2Fv2%2Fproduct_cat&post=17976"},{"taxonomy":"product_tag","embeddable":true,"href":"https:\/\/stayfit.com.ar\/index.php?rest_route=%2Fwp%2Fv2%2Fproduct_tag&post=17976"}],"curies":[{"name":"wp","href":"https:\/\/api.w.org\/{rel}","templated":true}]}}