{"id":17996,"date":"2023-07-31T23:04:52","date_gmt":"2023-08-01T02:04:52","guid":{"rendered":"https:\/\/stayfit.com.ar\/?post_type=product&#038;p=17996"},"modified":"2026-04-09T21:17:57","modified_gmt":"2026-04-10T00:17:57","slug":"proteina-star-nutrition-doypack-910-gramos-creatina-monohidrato-ultramicronizada-300-gramos","status":"publish","type":"product","link":"https:\/\/stayfit.com.ar\/?product=proteina-star-nutrition-doypack-910-gramos-creatina-monohidrato-ultramicronizada-300-gramos","title":{"rendered":"PLATINUM WHEY DOYPACK 910 GRAMOS + CREATINA ULTRAMICRONIZADA 300 GRAMOS STAR NUTRITION"},"content":{"rendered":"<p style=\"text-align: center;\">DESCRIPCION PLATINUM WHEY:<br \/>\nCompuesta por ultra concentrado, aislado e hidrolizado de suero de m\u00e1xima pureza, obtenido por m\u00e9todos no agresivos que garantizan la calidad y estabilidad del producto.<br \/>\nSu agradable sabor y alta disoluci\u00f3n lo determinan en la opci\u00f3n inteligente a la hora de agregar prote\u00ednas de alto valor deportivo biol\u00f3gico a nuestra dieta, o como parte de un programa nutricional.<br \/>\n100% PROTE\u00cdNA ALIMENTADA CON HIERBA NATURAL<br \/>\nFuente natural de amino\u00e1cidos esenciales, amino\u00e1cidos de cadena ramificada y Glutamina.<br \/>\nMODO DE USO PLATINUM WHEY:<br \/>\nMezclar 1 medida de Platinum Whey Protein en 200cm3 de agua o leche descremada.<br \/>\nConsumir 1 hora antes del entrenamiento, luego del mismo o simplemente en cualquier momento del d\u00eda para alcanzar tus necesidades proteicas.<\/p>\n<p>DESCRIPCION CREATINA:<br \/>\nLa creatina micronizada es la uni\u00f3n de tres amino\u00e1cidos que ofrece mayores ventajas que la creatina normal, mejorando su asimilaci\u00f3n.<br \/>\nLa creatina monohidrato es recomendada durante un plan de entrenamiento para aumentar la fuerza, resistencia y recuperaci\u00f3n.<br \/>\nMODO DE USO CREATINA:<br \/>\nDurante los primeros 4 d\u00edas, consumir 4 porciones diarias, y los d\u00edas siguientes consumir una o dos porciones diarias preferentemente con el est\u00f3mgo vac\u00edo.<\/p>\n","protected":false},"excerpt":{"rendered":"<p>Este combo te ayudara a incrementar tu masa muscular gracias<br \/>\na PLATINUM WHEY STAR NUTRITION y mejorar tu resistencia y rendimiento f\u00edsico a la hora de entrenar con la creatina monohidrato de star nutrition<\/p>\n","protected":false},"featured_media":17997,"template":"","meta":{"_monsterinsights_skip_tracking":false,"_monsterinsights_sitenote_active":false,"_monsterinsights_sitenote_note":"","_monsterinsights_sitenote_category":0},"product_brand":[],"product_cat":[192,129],"product_tag":[],"class_list":{"0":"post-17996","1":"product","2":"type-product","3":"status-publish","4":"has-post-thumbnail","6":"product_cat-combos","7":"product_cat-star-nutrition","9":"first","10":"instock","11":"taxable","12":"shipping-taxable","13":"purchasable","14":"product-type-simple"},"_links":{"self":[{"href":"https:\/\/stayfit.com.ar\/index.php?rest_route=\/wp\/v2\/product\/17996","targetHints":{"allow":["GET"]}}],"collection":[{"href":"https:\/\/stayfit.com.ar\/index.php?rest_route=\/wp\/v2\/product"}],"about":[{"href":"https:\/\/stayfit.com.ar\/index.php?rest_route=\/wp\/v2\/types\/product"}],"wp:featuredmedia":[{"embeddable":true,"href":"https:\/\/stayfit.com.ar\/index.php?rest_route=\/wp\/v2\/media\/17997"}],"wp:attachment":[{"href":"https:\/\/stayfit.com.ar\/index.php?rest_route=%2Fwp%2Fv2%2Fmedia&parent=17996"}],"wp:term":[{"taxonomy":"product_brand","embeddable":true,"href":"https:\/\/stayfit.com.ar\/index.php?rest_route=%2Fwp%2Fv2%2Fproduct_brand&post=17996"},{"taxonomy":"product_cat","embeddable":true,"href":"https:\/\/stayfit.com.ar\/index.php?rest_route=%2Fwp%2Fv2%2Fproduct_cat&post=17996"},{"taxonomy":"product_tag","embeddable":true,"href":"https:\/\/stayfit.com.ar\/index.php?rest_route=%2Fwp%2Fv2%2Fproduct_tag&post=17996"}],"curies":[{"name":"wp","href":"https:\/\/api.w.org\/{rel}","templated":true}]}}