{"id":18772,"date":"2023-10-04T17:37:42","date_gmt":"2023-10-04T20:37:42","guid":{"rendered":"https:\/\/stayfit.com.ar\/?post_type=product&#038;p=18772"},"modified":"2025-11-24T18:15:12","modified_gmt":"2025-11-24T21:15:12","slug":"creatina-monohidrato-gentech-500-gramos","status":"publish","type":"product","link":"https:\/\/stayfit.com.ar\/?product=creatina-monohidrato-gentech-500-gramos","title":{"rendered":"CREATINA MONOHIDRATO GENTECH 500 GRAMOS"},"content":{"rendered":"<p>DESCRIPCION:<br \/>\nLa creatina es uno de los complementos deportivos m\u00e1s conocidos y su principal objetivo es fortalecer el tejido muscular. Es producida de forma natural por el cuerpo y est\u00e1 presente en alimentos como el pescado, la carne, los l\u00e1cteos y el huevo. Su consumo a trav\u00e9s de suplementos puede contribuir a un mayor rendimiento en actividades f\u00edsicas que requieran intervalos de fuerza cortos e intensos, como el levantamiento de pesas y otros deportes de alto desgaste que requieren una recuperaci\u00f3n m\u00e1s r\u00e1pida.<br \/>\nMODO DE USO:<br \/>\nConsumir 5gr de creatina por d\u00eda<\/p>\n","protected":false},"excerpt":{"rendered":"<p>Suplemento dietario a base de Creatina Monohidrato.<br \/>\n500G |\u00a0 5G CREATINA X SERV. | ULTRAMICRONIZED<br \/>\n100% PURA | AUMENTA EL VOLUMEN Y LA RESISTENCIA<\/p>\n","protected":false},"featured_media":18773,"template":"","meta":{"_monsterinsights_skip_tracking":false,"_monsterinsights_sitenote_active":false,"_monsterinsights_sitenote_note":"","_monsterinsights_sitenote_category":0},"product_brand":[],"product_cat":[149,147],"product_tag":[],"class_list":{"0":"post-18772","1":"product","2":"type-product","3":"status-publish","4":"has-post-thumbnail","6":"product_cat-creatinas","7":"product_cat-gentech","9":"first","10":"outofstock","11":"taxable","12":"shipping-taxable","13":"purchasable","14":"product-type-simple"},"_links":{"self":[{"href":"https:\/\/stayfit.com.ar\/index.php?rest_route=\/wp\/v2\/product\/18772","targetHints":{"allow":["GET"]}}],"collection":[{"href":"https:\/\/stayfit.com.ar\/index.php?rest_route=\/wp\/v2\/product"}],"about":[{"href":"https:\/\/stayfit.com.ar\/index.php?rest_route=\/wp\/v2\/types\/product"}],"wp:featuredmedia":[{"embeddable":true,"href":"https:\/\/stayfit.com.ar\/index.php?rest_route=\/wp\/v2\/media\/18773"}],"wp:attachment":[{"href":"https:\/\/stayfit.com.ar\/index.php?rest_route=%2Fwp%2Fv2%2Fmedia&parent=18772"}],"wp:term":[{"taxonomy":"product_brand","embeddable":true,"href":"https:\/\/stayfit.com.ar\/index.php?rest_route=%2Fwp%2Fv2%2Fproduct_brand&post=18772"},{"taxonomy":"product_cat","embeddable":true,"href":"https:\/\/stayfit.com.ar\/index.php?rest_route=%2Fwp%2Fv2%2Fproduct_cat&post=18772"},{"taxonomy":"product_tag","embeddable":true,"href":"https:\/\/stayfit.com.ar\/index.php?rest_route=%2Fwp%2Fv2%2Fproduct_tag&post=18772"}],"curies":[{"name":"wp","href":"https:\/\/api.w.org\/{rel}","templated":true}]}}