{"id":18775,"date":"2023-10-04T17:44:15","date_gmt":"2023-10-04T20:44:15","guid":{"rendered":"https:\/\/stayfit.com.ar\/?post_type=product&#038;p=18775"},"modified":"2026-04-07T23:47:37","modified_gmt":"2026-04-08T02:47:37","slug":"proteina-iso-prot-ena-2-libras","status":"publish","type":"product","link":"https:\/\/stayfit.com.ar\/?product=proteina-iso-prot-ena-2-libras","title":{"rendered":"<strong>PROTEINA ISO PROT ENA 2 LIBRAS<\/strong>"},"content":{"rendered":"<p>DESCRIPCION:<br \/>\nM\u00e1s prote\u00ednas, menos carbohidratos y menos calor\u00edas.<br \/>\nProte\u00edna de r\u00e1pida asimilaci\u00f3n. Potencia el crecimiento y la recuperaci\u00f3n muscular.<br \/>\nContiene alta concentraci\u00f3n de amino\u00e1cidos ramificados (BCAA) que promueven el crecimiento muscular, elevando la energ\u00eda utilizada para tu entrenamiento, logrando as\u00ed una mayor p\u00e9rdida de grasa en el cuerpo.<br \/>\nMODO DE USO:<br \/>\nMezclar una cucharada con 200 cm3 de leche o agua.<\/p>\n","protected":false},"excerpt":{"rendered":"<ul>\n<li>\nProte\u00edna 100% aislada.\n<\/li>\n<li>\n27 grs de prote\u00edna por porci\u00f3n (scoop).\n<\/li>\n<li>\nAyuda a acelerar el crecimiento y la recuperaci\u00f3n muscular.\n<\/li>\n<li>\nElevada concentraci\u00f3n de amino\u00e1cidos ramificados\n<\/li>\n<li>\nM\u00e1s prote\u00ednas, menos carbohidratos y menos calor\u00edas\n<\/li>\n<\/ul>\n","protected":false},"featured_media":18776,"template":"","meta":{"_monsterinsights_skip_tracking":false,"_monsterinsights_sitenote_active":false,"_monsterinsights_sitenote_note":"","_monsterinsights_sitenote_category":0},"product_brand":[],"product_cat":[137,146],"product_tag":[],"class_list":{"0":"post-18775","1":"product","2":"type-product","3":"status-publish","4":"has-post-thumbnail","6":"product_cat-ena","7":"product_cat-proteinas","9":"first","10":"instock","11":"taxable","12":"shipping-taxable","13":"purchasable","14":"product-type-variable"},"_links":{"self":[{"href":"https:\/\/stayfit.com.ar\/index.php?rest_route=\/wp\/v2\/product\/18775","targetHints":{"allow":["GET"]}}],"collection":[{"href":"https:\/\/stayfit.com.ar\/index.php?rest_route=\/wp\/v2\/product"}],"about":[{"href":"https:\/\/stayfit.com.ar\/index.php?rest_route=\/wp\/v2\/types\/product"}],"wp:featuredmedia":[{"embeddable":true,"href":"https:\/\/stayfit.com.ar\/index.php?rest_route=\/wp\/v2\/media\/18776"}],"wp:attachment":[{"href":"https:\/\/stayfit.com.ar\/index.php?rest_route=%2Fwp%2Fv2%2Fmedia&parent=18775"}],"wp:term":[{"taxonomy":"product_brand","embeddable":true,"href":"https:\/\/stayfit.com.ar\/index.php?rest_route=%2Fwp%2Fv2%2Fproduct_brand&post=18775"},{"taxonomy":"product_cat","embeddable":true,"href":"https:\/\/stayfit.com.ar\/index.php?rest_route=%2Fwp%2Fv2%2Fproduct_cat&post=18775"},{"taxonomy":"product_tag","embeddable":true,"href":"https:\/\/stayfit.com.ar\/index.php?rest_route=%2Fwp%2Fv2%2Fproduct_tag&post=18775"}],"curies":[{"name":"wp","href":"https:\/\/api.w.org\/{rel}","templated":true}]}}