{"id":18815,"date":"2023-10-06T17:21:38","date_gmt":"2023-10-06T20:21:38","guid":{"rendered":"https:\/\/stayfit.com.ar\/?post_type=product&#038;p=18815"},"modified":"2026-05-08T00:17:26","modified_gmt":"2026-05-08T03:17:26","slug":"protein-bar-ena-16-unidades","status":"publish","type":"product","link":"https:\/\/stayfit.com.ar\/?product=protein-bar-ena-16-unidades","title":{"rendered":"<strong>PROTEIN BAR ENA (16 UNIDADES)<\/strong>"},"content":{"rendered":"<p>DESCRIPCION:<br \/>\nProtein Bar es el snack saludable para todos los d\u00edas. Constituye una muy buena fuente de prote\u00ednas y carbohidratos ideal para completar una larga rutina de ejercicios, en un formato f\u00e1cil de transportar y consumir. Dos barritas de Protein Bar aportan 30 gramos de prote\u00edna pura por d\u00eda. Constituye un alimento funcional, que al estar reforzado con vitaminas y minerales, permite formar masa muscular al mismo tiempo que provee de energ\u00eda.<br \/>\nMODO DE USO:<br \/>\n1 Barra diaria<br \/>\n\u2022 No utilizar en caso de embarazo, lactancia, ni en ni\u00f1os.<br \/>\n\u2022 Mantener fuera del alcance de los ni\u00f1os.<br \/>\n\u2022 Consulte a su m\u00e9dico.<br \/>\n\u2022 Este producto no debe ser consumido por diab\u00e9ticos.<\/p>\n","protected":false},"excerpt":{"rendered":"<p>barra nutricional con un importante aporte de prote\u00ednas de suero l\u00e1cteo e hidratos de carbono, las primeras con alta concentraci\u00f3n de amino\u00e1cidos ramificados (recuperaci\u00f3n y crecimiento muscular) y los \u00faltimos como fuente de energ\u00eda para los m\u00fasculos<\/p>\n","protected":false},"featured_media":18820,"template":"","meta":{"_monsterinsights_skip_tracking":false,"_monsterinsights_sitenote_active":false,"_monsterinsights_sitenote_note":"","_monsterinsights_sitenote_category":0},"product_brand":[],"product_cat":[159,137],"product_tag":[],"class_list":{"0":"post-18815","1":"product","2":"type-product","3":"status-publish","4":"has-post-thumbnail","6":"product_cat-barras-de-proteina","7":"product_cat-ena","9":"first","10":"instock","11":"taxable","12":"shipping-taxable","13":"purchasable","14":"product-type-variable"},"_links":{"self":[{"href":"https:\/\/stayfit.com.ar\/index.php?rest_route=\/wp\/v2\/product\/18815","targetHints":{"allow":["GET"]}}],"collection":[{"href":"https:\/\/stayfit.com.ar\/index.php?rest_route=\/wp\/v2\/product"}],"about":[{"href":"https:\/\/stayfit.com.ar\/index.php?rest_route=\/wp\/v2\/types\/product"}],"wp:featuredmedia":[{"embeddable":true,"href":"https:\/\/stayfit.com.ar\/index.php?rest_route=\/wp\/v2\/media\/18820"}],"wp:attachment":[{"href":"https:\/\/stayfit.com.ar\/index.php?rest_route=%2Fwp%2Fv2%2Fmedia&parent=18815"}],"wp:term":[{"taxonomy":"product_brand","embeddable":true,"href":"https:\/\/stayfit.com.ar\/index.php?rest_route=%2Fwp%2Fv2%2Fproduct_brand&post=18815"},{"taxonomy":"product_cat","embeddable":true,"href":"https:\/\/stayfit.com.ar\/index.php?rest_route=%2Fwp%2Fv2%2Fproduct_cat&post=18815"},{"taxonomy":"product_tag","embeddable":true,"href":"https:\/\/stayfit.com.ar\/index.php?rest_route=%2Fwp%2Fv2%2Fproduct_tag&post=18815"}],"curies":[{"name":"wp","href":"https:\/\/api.w.org\/{rel}","templated":true}]}}