{"id":18827,"date":"2023-10-06T17:36:25","date_gmt":"2023-10-06T20:36:25","guid":{"rendered":"https:\/\/stayfit.com.ar\/?post_type=product&#038;p=18827"},"modified":"2026-04-11T15:51:30","modified_gmt":"2026-04-11T18:51:30","slug":"amino-essential-gold-nutrition-240-gramos-sabor-mango","status":"publish","type":"product","link":"https:\/\/stayfit.com.ar\/?product=amino-essential-gold-nutrition-240-gramos-sabor-mango","title":{"rendered":"AMINO ESSENTIAL GOLD NUTRITION 240 GRAMOS SABOR: MANGO"},"content":{"rendered":"<p>PRESENTACI\u00d3N:<br \/>\nEl AMINO ESSENTIAL es un suplemento nutricional incomparable que apoya una amplia gama de beneficios para la salud, incluyendo:<\/p>\n<ul>\n<li>\nRecuperaci\u00f3n Muscular:\u00a0Los amino\u00e1cidos esenciales son los bloques de construcci\u00f3n de las prote\u00ednas, esenciales para la recuperaci\u00f3n y el desarrollo\u00a0muscular.\n<\/li>\n<li>\nSalud articular y \u00f3sea:\u00a0El col\u00e1geno hidrolizado, ayuda a mantener la salud de tus articulaciones y mejorar la movilidad, lo que es esencial para una vida activa y sin limitaciones.\n<\/li>\n<li>\nAntioxidante hidratante:\u00a0La vitamina C, combinada con col\u00e1geno hidrolizado, L-hidroxilisina y L-hidroxiprolina, protege las c\u00e9lulas contra el estr\u00e9s oxidativo, hidrata y fortalece la piel, reduciendo arrugas y mejorando la firmeza.\n<\/li>\n<li>\nEnerg\u00eda y Vitalidad:\u00a0Aumenta la energ\u00eda y la resistencia, lo que te permite enfrentar tus desaf\u00edos diarios con mayor vigor.\n<\/li>\n<li>\nApoya el sistema inmunol\u00f3gico:\u00a0La combinaci\u00f3n de BCAA, gutamina y vitamina C\u00a0brinda un gran apoyo al\u00a0sistema inmunol\u00f3gico, previniendo el catabolismo y el no contraer infecciones oportunistas.\n<\/li>\n<\/ul>\n<p>MODO DE USO:<br \/>\nSe recomienda consumir 1\u00a0servicio inmediatamente despu\u00e9s\u00a0del entrenamiento, o en cualquier momento del d\u00eda<\/p>\n","protected":false},"excerpt":{"rendered":"<p>DENOMINACI\u00d3N:<br \/>\nSuplemento dietario en polvo diet\u00e9tico para preparar bebida a base de amino\u00e1cidos 146g.<\/p>\n","protected":false},"featured_media":18828,"template":"","meta":{"_monsterinsights_skip_tracking":false,"_monsterinsights_sitenote_active":false,"_monsterinsights_sitenote_note":"","_monsterinsights_sitenote_category":0},"product_brand":[],"product_cat":[124,141],"product_tag":[],"class_list":{"0":"post-18827","1":"product","2":"type-product","3":"status-publish","4":"has-post-thumbnail","6":"product_cat-aminoacidos","7":"product_cat-gold-nutrition","9":"first","10":"instock","11":"taxable","12":"shipping-taxable","13":"purchasable","14":"product-type-simple"},"_links":{"self":[{"href":"https:\/\/stayfit.com.ar\/index.php?rest_route=\/wp\/v2\/product\/18827","targetHints":{"allow":["GET"]}}],"collection":[{"href":"https:\/\/stayfit.com.ar\/index.php?rest_route=\/wp\/v2\/product"}],"about":[{"href":"https:\/\/stayfit.com.ar\/index.php?rest_route=\/wp\/v2\/types\/product"}],"wp:featuredmedia":[{"embeddable":true,"href":"https:\/\/stayfit.com.ar\/index.php?rest_route=\/wp\/v2\/media\/18828"}],"wp:attachment":[{"href":"https:\/\/stayfit.com.ar\/index.php?rest_route=%2Fwp%2Fv2%2Fmedia&parent=18827"}],"wp:term":[{"taxonomy":"product_brand","embeddable":true,"href":"https:\/\/stayfit.com.ar\/index.php?rest_route=%2Fwp%2Fv2%2Fproduct_brand&post=18827"},{"taxonomy":"product_cat","embeddable":true,"href":"https:\/\/stayfit.com.ar\/index.php?rest_route=%2Fwp%2Fv2%2Fproduct_cat&post=18827"},{"taxonomy":"product_tag","embeddable":true,"href":"https:\/\/stayfit.com.ar\/index.php?rest_route=%2Fwp%2Fv2%2Fproduct_tag&post=18827"}],"curies":[{"name":"wp","href":"https:\/\/api.w.org\/{rel}","templated":true}]}}