{"id":18837,"date":"2023-10-06T17:51:05","date_gmt":"2023-10-06T20:51:05","guid":{"rendered":"https:\/\/stayfit.com.ar\/?post_type=product&#038;p=18837"},"modified":"2026-04-14T21:52:06","modified_gmt":"2026-04-15T00:52:06","slug":"creatina-monohidrato-mervick-sin-sabor-300-gramos","status":"publish","type":"product","link":"https:\/\/stayfit.com.ar\/?product=creatina-monohidrato-mervick-sin-sabor-300-gramos","title":{"rendered":"CREATINA MONOHIDRATO MERVICK SIN SABOR 300 GRAMOS"},"content":{"rendered":"<p>DESCRIPCION:<br \/>\nLa creatina es uno de los complementos deportivos m\u00e1s conocidos y su principal objetivo es fortalecer el tejido muscular. Es producida de forma natural por el cuerpo y est\u00e1 presente en alimentos como el pescado, la carne, los l\u00e1cteos y el huevo. Su consumo a trav\u00e9s de suplementos puede contribuir a un mayor rendimiento en actividades f\u00edsicas que requieran intervalos de fuerza cortos e intensos, como el levantamiento de pesas y otros deportes de alto desgaste que requieren una recuperaci\u00f3n m\u00e1s r\u00e1pida.<br \/>\nMODO DE USO:<br \/>\nLa creatina debe disolverse completamente en l\u00edquidos tales como agua, jugo de frutas o te. Deben ser consumidas inmediatamente luego de preparados, dada la baja estabilidad de la creatina en agua.<br \/>\nSe recomienda una dosis diaria de 5 gramos. Pudiendo realizar los primeros 5 a 7 d\u00edas una fase de carga en la que se consumen de 4 a 5 dosis de 5 gramos distribuidas durante el dia, para luego continuar con la fase de mantenimiento de 5 gramos diarios. Consulte a su entrenador el mejor esquema de acuerdo a su actividad y objetivos<\/p>\n","protected":false},"excerpt":{"rendered":"<ul>\n<li>La suplementaci\u00f3n con creatina incrementa la s\u00edntesis de ATP durante la contracci\u00f3n muscular<\/li>\n<li>La suplementaci\u00f3n con creatina mejora la habilidad para producir mayor fuerza muscular<\/li>\n<li>La suplementaci\u00f3n con creatina mejora la performance dado que retrasa la reducci\u00f3n del pH muscular<\/li>\n<li>La suplementaci\u00f3n con creatina resulta en menores concentraciones de lactato durante el ejercicio<\/li>\n<\/ul>\n","protected":false},"featured_media":18838,"template":"","meta":{"_monsterinsights_skip_tracking":false,"_monsterinsights_sitenote_active":false,"_monsterinsights_sitenote_note":"","_monsterinsights_sitenote_category":0},"product_brand":[],"product_cat":[149,201],"product_tag":[],"class_list":{"0":"post-18837","1":"product","2":"type-product","3":"status-publish","4":"has-post-thumbnail","6":"product_cat-creatinas","7":"product_cat-mervick","9":"first","10":"instock","11":"taxable","12":"shipping-taxable","13":"purchasable","14":"product-type-simple"},"_links":{"self":[{"href":"https:\/\/stayfit.com.ar\/index.php?rest_route=\/wp\/v2\/product\/18837","targetHints":{"allow":["GET"]}}],"collection":[{"href":"https:\/\/stayfit.com.ar\/index.php?rest_route=\/wp\/v2\/product"}],"about":[{"href":"https:\/\/stayfit.com.ar\/index.php?rest_route=\/wp\/v2\/types\/product"}],"wp:featuredmedia":[{"embeddable":true,"href":"https:\/\/stayfit.com.ar\/index.php?rest_route=\/wp\/v2\/media\/18838"}],"wp:attachment":[{"href":"https:\/\/stayfit.com.ar\/index.php?rest_route=%2Fwp%2Fv2%2Fmedia&parent=18837"}],"wp:term":[{"taxonomy":"product_brand","embeddable":true,"href":"https:\/\/stayfit.com.ar\/index.php?rest_route=%2Fwp%2Fv2%2Fproduct_brand&post=18837"},{"taxonomy":"product_cat","embeddable":true,"href":"https:\/\/stayfit.com.ar\/index.php?rest_route=%2Fwp%2Fv2%2Fproduct_cat&post=18837"},{"taxonomy":"product_tag","embeddable":true,"href":"https:\/\/stayfit.com.ar\/index.php?rest_route=%2Fwp%2Fv2%2Fproduct_tag&post=18837"}],"curies":[{"name":"wp","href":"https:\/\/api.w.org\/{rel}","templated":true}]}}