{"id":18952,"date":"2023-10-14T18:24:56","date_gmt":"2023-10-14T21:24:56","guid":{"rendered":"https:\/\/stayfit.com.ar\/?post_type=product&#038;p=18952"},"modified":"2026-02-17T12:27:42","modified_gmt":"2026-02-17T15:27:42","slug":"iron-bar-20-unidades-x-10-cajas-gentech","status":"publish","type":"product","link":"https:\/\/stayfit.com.ar\/?product=iron-bar-20-unidades-x-10-cajas-gentech","title":{"rendered":"IRON BAR 20 unidades X 10 CAJAS GENTECH"},"content":{"rendered":"<p>DESCRIPCION:<br \/>\nIron Bar es una barra nutricional con un importante aporte de prote\u00ednas de suero l\u00e1cteo e hidratos de carbono, las primeras con alta concentraci\u00f3n de amino\u00e1cidos ramificados (recuperaci\u00f3n y crecimiento muscular) y los \u00faltimos como fuente de energ\u00eda para los m\u00fasculos<br \/>\nMODO DE USO:<br \/>\n1 Barra diaria<br \/>\n\u2022 No utilizar en caso de embarazo, lactancia, ni en ni\u00f1os.<br \/>\n\u2022 Mantener fuera del alcance de los ni\u00f1os.<br \/>\n\u2022 Consulte a su m\u00e9dico.<br \/>\n\u2022 Este producto no debe ser consumido por diab\u00e9ticos.<\/p>\n","protected":false},"excerpt":{"rendered":"<p>Iron Bar es una barra nutricional con un importante aporte de prote\u00ednas de suero l\u00e1cteo e hidratos de carbono, las primeras con alta concentraci\u00f3n de amino\u00e1cidos ramificados (recuperaci\u00f3n y crecimiento muscular) y los \u00faltimos como fuente de energ\u00eda para los m\u00fasculos<\/p>\n","protected":false},"featured_media":14857,"template":"","meta":{"_monsterinsights_skip_tracking":false,"_monsterinsights_sitenote_active":false,"_monsterinsights_sitenote_note":"","_monsterinsights_sitenote_category":0},"product_brand":[],"product_cat":[159,147],"product_tag":[],"class_list":{"0":"post-18952","1":"product","2":"type-product","3":"status-publish","4":"has-post-thumbnail","6":"product_cat-barras-de-proteina","7":"product_cat-gentech","9":"first","10":"instock","11":"taxable","12":"shipping-taxable","13":"purchasable","14":"product-type-simple"},"_links":{"self":[{"href":"https:\/\/stayfit.com.ar\/index.php?rest_route=\/wp\/v2\/product\/18952","targetHints":{"allow":["GET"]}}],"collection":[{"href":"https:\/\/stayfit.com.ar\/index.php?rest_route=\/wp\/v2\/product"}],"about":[{"href":"https:\/\/stayfit.com.ar\/index.php?rest_route=\/wp\/v2\/types\/product"}],"wp:featuredmedia":[{"embeddable":true,"href":"https:\/\/stayfit.com.ar\/index.php?rest_route=\/wp\/v2\/media\/14857"}],"wp:attachment":[{"href":"https:\/\/stayfit.com.ar\/index.php?rest_route=%2Fwp%2Fv2%2Fmedia&parent=18952"}],"wp:term":[{"taxonomy":"product_brand","embeddable":true,"href":"https:\/\/stayfit.com.ar\/index.php?rest_route=%2Fwp%2Fv2%2Fproduct_brand&post=18952"},{"taxonomy":"product_cat","embeddable":true,"href":"https:\/\/stayfit.com.ar\/index.php?rest_route=%2Fwp%2Fv2%2Fproduct_cat&post=18952"},{"taxonomy":"product_tag","embeddable":true,"href":"https:\/\/stayfit.com.ar\/index.php?rest_route=%2Fwp%2Fv2%2Fproduct_tag&post=18952"}],"curies":[{"name":"wp","href":"https:\/\/api.w.org\/{rel}","templated":true}]}}