{"id":18962,"date":"2023-10-14T18:29:09","date_gmt":"2023-10-14T21:29:09","guid":{"rendered":"https:\/\/stayfit.com.ar\/?post_type=product&#038;p=18962"},"modified":"2026-02-17T12:27:42","modified_gmt":"2026-02-17T15:27:42","slug":"low-carb-10-unidades-x-10-cajas-gentech","status":"publish","type":"product","link":"https:\/\/stayfit.com.ar\/?product=low-carb-10-unidades-x-10-cajas-gentech","title":{"rendered":"LOW CARB 10 unidades X 10 CAJAS GENTECH"},"content":{"rendered":"<p>INGREDIENTES:<br \/>\nJarabe de isomalto-oligosac\u00e1ridos, concentrado de prote\u00ednas de leche, texturizado de aislado de prote\u00edna de soja, ba\u00f1o de reposter\u00eda diet\u00e9tico aromatizado con vainilla (aceite vegetal hidrogenado, polvo de cacao, aspartame 100 mg \/ 100 g, polidextrosa, lecitina, aromatizante vainilla). Jarabe de maltitol, aceite vegetal de soja interesterificado, cacao alcalino en polvo, colorante caramelo, aromatizante chocolate, sucralosa 18 mg \/ 100 g, glic\u00f3sidos de esteviol 9 mg \/ 100 g.<br \/>\n-CONTIENE LECHE DERIVADOS DE SOJA.<br \/>\n-PUEDE CONTENER DERIVADOS DE HUEVOS Y MAN\u00cd.<br \/>\n-CONTIENE FENIL-ALANINA.<br \/>\nMODO DE USO:<br \/>\n1 Barra diaria<\/p>\n","protected":false},"excerpt":{"rendered":"<p>Las barritas LOW CARB son ideales para consumir en planes de alimentaci\u00f3n bajos en carbohidratos, siendo parte de desayunos y meriendas pr\u00e1cticas como as\u00ed tambi\u00e9n en colaciones.<\/p>\n","protected":false},"featured_media":14846,"template":"","meta":{"_monsterinsights_skip_tracking":false,"_monsterinsights_sitenote_active":false,"_monsterinsights_sitenote_note":"","_monsterinsights_sitenote_category":0},"product_brand":[],"product_cat":[159,147],"product_tag":[],"class_list":{"0":"post-18962","1":"product","2":"type-product","3":"status-publish","4":"has-post-thumbnail","6":"product_cat-barras-de-proteina","7":"product_cat-gentech","9":"first","10":"instock","11":"taxable","12":"shipping-taxable","13":"purchasable","14":"product-type-simple"},"_links":{"self":[{"href":"https:\/\/stayfit.com.ar\/index.php?rest_route=\/wp\/v2\/product\/18962","targetHints":{"allow":["GET"]}}],"collection":[{"href":"https:\/\/stayfit.com.ar\/index.php?rest_route=\/wp\/v2\/product"}],"about":[{"href":"https:\/\/stayfit.com.ar\/index.php?rest_route=\/wp\/v2\/types\/product"}],"wp:featuredmedia":[{"embeddable":true,"href":"https:\/\/stayfit.com.ar\/index.php?rest_route=\/wp\/v2\/media\/14846"}],"wp:attachment":[{"href":"https:\/\/stayfit.com.ar\/index.php?rest_route=%2Fwp%2Fv2%2Fmedia&parent=18962"}],"wp:term":[{"taxonomy":"product_brand","embeddable":true,"href":"https:\/\/stayfit.com.ar\/index.php?rest_route=%2Fwp%2Fv2%2Fproduct_brand&post=18962"},{"taxonomy":"product_cat","embeddable":true,"href":"https:\/\/stayfit.com.ar\/index.php?rest_route=%2Fwp%2Fv2%2Fproduct_cat&post=18962"},{"taxonomy":"product_tag","embeddable":true,"href":"https:\/\/stayfit.com.ar\/index.php?rest_route=%2Fwp%2Fv2%2Fproduct_tag&post=18962"}],"curies":[{"name":"wp","href":"https:\/\/api.w.org\/{rel}","templated":true}]}}