{"id":19119,"date":"2023-10-28T15:57:46","date_gmt":"2023-10-28T18:57:46","guid":{"rendered":"https:\/\/stayfit.com.ar\/?post_type=product&#038;p=19119"},"modified":"2026-04-08T00:25:07","modified_gmt":"2026-04-08T03:25:07","slug":"6-x-whey-protein-910gr-max-force","status":"publish","type":"product","link":"https:\/\/stayfit.com.ar\/?product=6-x-whey-protein-910gr-max-force","title":{"rendered":"6 x WHEY PROTEIN 910gr. MAX FORCE"},"content":{"rendered":"<p>DESCRIPCION:<br \/>\nPromueve el crecimiento muscular: La whey protein es r\u00e1pidamente absorbida por el cuerpo y proporciona los amino\u00e1cidos necesarios para la s\u00edntesis de prote\u00ednas musculares. Esto ayuda a promover el crecimiento y la recuperaci\u00f3n muscular despu\u00e9s del ejercicio, lo que es especialmente beneficioso para las personas que realizan entrenamientos intensos o buscan aumentar su masa muscular.<br \/>\nMODO DE USO:<br \/>\nMezclar un scoop con 250 cm3 de leche o agua.<\/p>\n","protected":false},"excerpt":{"rendered":"<ul>\n<li>\nProte\u00edna 100% concentrada.\n<\/li>\n<li>\n26 grs de prote\u00edna por porci\u00f3n (scoop).\n<\/li>\n<li>\nAyuda a acelerar el crecimiento y la recuperaci\u00f3n muscular.\n<\/li>\n<li>\nM\u00e1s prote\u00ednas, menos carbohidratos y menos calor\u00edas\n<\/li>\n<\/ul>\n","protected":false},"featured_media":19092,"template":"","meta":{"_monsterinsights_skip_tracking":false,"_monsterinsights_sitenote_active":false,"_monsterinsights_sitenote_note":"","_monsterinsights_sitenote_category":0},"product_brand":[],"product_cat":[203,146],"product_tag":[],"class_list":{"0":"post-19119","1":"product","2":"type-product","3":"status-publish","4":"has-post-thumbnail","6":"product_cat-max-force","7":"product_cat-proteinas","9":"first","10":"instock","11":"taxable","12":"shipping-taxable","13":"purchasable","14":"product-type-simple"},"_links":{"self":[{"href":"https:\/\/stayfit.com.ar\/index.php?rest_route=\/wp\/v2\/product\/19119","targetHints":{"allow":["GET"]}}],"collection":[{"href":"https:\/\/stayfit.com.ar\/index.php?rest_route=\/wp\/v2\/product"}],"about":[{"href":"https:\/\/stayfit.com.ar\/index.php?rest_route=\/wp\/v2\/types\/product"}],"wp:featuredmedia":[{"embeddable":true,"href":"https:\/\/stayfit.com.ar\/index.php?rest_route=\/wp\/v2\/media\/19092"}],"wp:attachment":[{"href":"https:\/\/stayfit.com.ar\/index.php?rest_route=%2Fwp%2Fv2%2Fmedia&parent=19119"}],"wp:term":[{"taxonomy":"product_brand","embeddable":true,"href":"https:\/\/stayfit.com.ar\/index.php?rest_route=%2Fwp%2Fv2%2Fproduct_brand&post=19119"},{"taxonomy":"product_cat","embeddable":true,"href":"https:\/\/stayfit.com.ar\/index.php?rest_route=%2Fwp%2Fv2%2Fproduct_cat&post=19119"},{"taxonomy":"product_tag","embeddable":true,"href":"https:\/\/stayfit.com.ar\/index.php?rest_route=%2Fwp%2Fv2%2Fproduct_tag&post=19119"}],"curies":[{"name":"wp","href":"https:\/\/api.w.org\/{rel}","templated":true}]}}