{"id":19132,"date":"2023-10-28T16:10:03","date_gmt":"2023-10-28T19:10:03","guid":{"rendered":"https:\/\/stayfit.com.ar\/?post_type=product&#038;p=19132"},"modified":"2026-04-08T00:25:09","modified_gmt":"2026-04-08T03:25:09","slug":"bcaa-8-1-1-280gr-max-force","status":"publish","type":"product","link":"https:\/\/stayfit.com.ar\/?product=bcaa-8-1-1-280gr-max-force","title":{"rendered":"<strong>BCAA 8.1.1 280GR. MAX FORCE<\/strong>"},"content":{"rendered":"<p>PRESENTACI\u00d3N:<br \/>\nCompuesto de amino\u00e1cidos ramificados.<br \/>\nEsenciales para la recuperaci\u00f3n muscular, al acelerar la s\u00edntesis proteica en entrenamientos intensos, disminuye la fatiga y previene la degradaci\u00f3n proteica.<br \/>\nLogramos un producto \u00f3ptimo para que te recuperes en menor tiempo y as\u00ed volver a un nuevo entrenamiento intenso.<br \/>\nRINDE 20 servicios.<br \/>\nMODO DE USO:<br \/>\nDisolver 1 scoop colmado en 300 ml de agua, agitar unos segundos y consumir antes y despu\u00e9s del entrenamiento.<br \/>\nRinde 20 Servicios.<\/p>\n","protected":false},"excerpt":{"rendered":"<p>DENOMINACI\u00d3N:<br \/>\nSuplemento dietario en polvo diet\u00e9tico para preparar bebida a base de amino\u00e1cidos 280g.<\/p>\n","protected":false},"featured_media":19133,"template":"","meta":{"_monsterinsights_skip_tracking":false,"_monsterinsights_sitenote_active":false,"_monsterinsights_sitenote_note":"","_monsterinsights_sitenote_category":0},"product_brand":[],"product_cat":[124,203],"product_tag":[138,139],"class_list":{"0":"post-19132","1":"product","2":"type-product","3":"status-publish","4":"has-post-thumbnail","6":"product_cat-aminoacidos","7":"product_cat-max-force","8":"product_tag-aminoacidos-ena","9":"product_tag-ena-reload","11":"first","12":"instock","13":"taxable","14":"shipping-taxable","15":"purchasable","16":"product-type-variable"},"_links":{"self":[{"href":"https:\/\/stayfit.com.ar\/index.php?rest_route=\/wp\/v2\/product\/19132","targetHints":{"allow":["GET"]}}],"collection":[{"href":"https:\/\/stayfit.com.ar\/index.php?rest_route=\/wp\/v2\/product"}],"about":[{"href":"https:\/\/stayfit.com.ar\/index.php?rest_route=\/wp\/v2\/types\/product"}],"wp:featuredmedia":[{"embeddable":true,"href":"https:\/\/stayfit.com.ar\/index.php?rest_route=\/wp\/v2\/media\/19133"}],"wp:attachment":[{"href":"https:\/\/stayfit.com.ar\/index.php?rest_route=%2Fwp%2Fv2%2Fmedia&parent=19132"}],"wp:term":[{"taxonomy":"product_brand","embeddable":true,"href":"https:\/\/stayfit.com.ar\/index.php?rest_route=%2Fwp%2Fv2%2Fproduct_brand&post=19132"},{"taxonomy":"product_cat","embeddable":true,"href":"https:\/\/stayfit.com.ar\/index.php?rest_route=%2Fwp%2Fv2%2Fproduct_cat&post=19132"},{"taxonomy":"product_tag","embeddable":true,"href":"https:\/\/stayfit.com.ar\/index.php?rest_route=%2Fwp%2Fv2%2Fproduct_tag&post=19132"}],"curies":[{"name":"wp","href":"https:\/\/api.w.org\/{rel}","templated":true}]}}