{"id":19177,"date":"2023-10-28T21:21:42","date_gmt":"2023-10-29T00:21:42","guid":{"rendered":"https:\/\/stayfit.com.ar\/?post_type=product&#038;p=19177"},"modified":"2026-04-08T00:25:09","modified_gmt":"2026-04-08T03:25:09","slug":"pre-workout-280-gramos-max-force","status":"publish","type":"product","link":"https:\/\/stayfit.com.ar\/?product=pre-workout-280-gramos-max-force","title":{"rendered":"<strong>PRE WORKOUT 280 GRAMOS MAX FORCE<\/strong>"},"content":{"rendered":"<p>DESCRIPCION:<br \/>\nEs un potenciador que contiene grandes dosis de todo lo necesario para un entrenamiento efectivo. Una f\u00f3rmula alta en ingredientes estimulantes activos, que contribuyen en los procesos metab\u00f3licos energ\u00e9ticos, y a reducir el cansancio y la fatiga.<br \/>\nEste pre entreno est\u00e1 dise\u00f1ado para aquellos cuyos cuerpos se han acostumbrado al pre entreno promedio.<br \/>\nDevuelve el fuego que te hace entrenar m\u00e1s y m\u00e1s duro.n polvo, libre de gluten.<br \/>\nMODO DE USO:<br \/>\n1 medida a diario, antes del entrenamiento, mezclado con 200 ml de agua.<\/p>\n","protected":false},"excerpt":{"rendered":"<p>SUPLEMENTO DIETARIO A BASE DE BETA ALANINA, ARGININA, TAURINA, VITAMINA C, TIROSINA, CAFE\u00cdNA, VITAMINA B3 Y B6, EN POLVO.<br \/>\n280 GRAMOS | Energ\u00eda + Concentraci\u00f3n + Resistencia<\/p>\n","protected":false},"featured_media":22434,"template":"","meta":{"_monsterinsights_skip_tracking":false,"_monsterinsights_sitenote_active":false,"_monsterinsights_sitenote_note":"","_monsterinsights_sitenote_category":0},"product_brand":[],"product_cat":[203,155],"product_tag":[],"class_list":{"0":"post-19177","1":"product","2":"type-product","3":"status-publish","4":"has-post-thumbnail","6":"product_cat-max-force","7":"product_cat-pre-entrenos","9":"first","10":"instock","11":"taxable","12":"shipping-taxable","13":"purchasable","14":"product-type-variable"},"_links":{"self":[{"href":"https:\/\/stayfit.com.ar\/index.php?rest_route=\/wp\/v2\/product\/19177","targetHints":{"allow":["GET"]}}],"collection":[{"href":"https:\/\/stayfit.com.ar\/index.php?rest_route=\/wp\/v2\/product"}],"about":[{"href":"https:\/\/stayfit.com.ar\/index.php?rest_route=\/wp\/v2\/types\/product"}],"wp:featuredmedia":[{"embeddable":true,"href":"https:\/\/stayfit.com.ar\/index.php?rest_route=\/wp\/v2\/media\/22434"}],"wp:attachment":[{"href":"https:\/\/stayfit.com.ar\/index.php?rest_route=%2Fwp%2Fv2%2Fmedia&parent=19177"}],"wp:term":[{"taxonomy":"product_brand","embeddable":true,"href":"https:\/\/stayfit.com.ar\/index.php?rest_route=%2Fwp%2Fv2%2Fproduct_brand&post=19177"},{"taxonomy":"product_cat","embeddable":true,"href":"https:\/\/stayfit.com.ar\/index.php?rest_route=%2Fwp%2Fv2%2Fproduct_cat&post=19177"},{"taxonomy":"product_tag","embeddable":true,"href":"https:\/\/stayfit.com.ar\/index.php?rest_route=%2Fwp%2Fv2%2Fproduct_tag&post=19177"}],"curies":[{"name":"wp","href":"https:\/\/api.w.org\/{rel}","templated":true}]}}