{"id":19193,"date":"2023-10-28T22:07:28","date_gmt":"2023-10-29T01:07:28","guid":{"rendered":"https:\/\/stayfit.com.ar\/?post_type=product&#038;p=19193"},"modified":"2026-04-08T00:25:07","modified_gmt":"2026-04-08T03:25:07","slug":"whey-protein-910-gramos-creatina-monohidrato-300-gramos-max-force","status":"publish","type":"product","link":"https:\/\/stayfit.com.ar\/?product=whey-protein-910-gramos-creatina-monohidrato-300-gramos-max-force","title":{"rendered":"WHEY PROTEIN 910 GRAMOS + CREATINA MONOHIDRATO 300 GRAMOS MAX FORCE"},"content":{"rendered":"<p>DESCRIPCION WHEY PROTEIN:<br \/>\nGracias a su contenido de prote\u00edna contribuye a mantener la masa muscular y huesos sanos, as\u00ed como el crecimiento de la misma.<br \/>\nLa materia prima utilizada es de alt\u00edsima calidad, debido al proceso de secado a baja temperatura y la tecnolog\u00eda de la ultra dilataci\u00f3n cruzada, las prote\u00ednas conservan su forma natural, de f\u00e1cil absorci\u00f3n, sin someterla a ning\u00fan cambio qu\u00edmico.<br \/>\nPara aquellas personas sensibles al gluten.<br \/>\nNecesitas m\u00e1s prote\u00ednas si te ejercitas regularmente y queres aumentar tu masa muscular. Una manera r\u00e1pida, conveniente y efectiva es tomar suplementos proteicos.<br \/>\nMODO DE USO WHEY PROTEIN:<br \/>\nMezclar una cucharada con 200 cm3 de leche o agua.<\/p>\n<p>DESCRIPCION CREATINA:<br \/>\nLa creatina es uno de los complementos deportivos m\u00e1s conocidos y su principal objetivo es fortalecer el tejido muscular. Es producida de forma natural por el cuerpo y est\u00e1 presente en alimentos como el pescado, la carne, los l\u00e1cteos y el huevo. Su consumo a trav\u00e9s de suplementos puede contribuir a un mayor rendimiento en actividades f\u00edsicas que requieran intervalos de fuerza cortos e intensos, como el levantamiento de pesas y otros deportes de alto desgaste que requieren una recuperaci\u00f3n m\u00e1s r\u00e1pida.<br \/>\nMODO DE USO CREATINA:<br \/>\nConsumir 5gr de creatina por d\u00eda<\/p>\n","protected":false},"excerpt":{"rendered":"<p>Este combo te ayudara a incrementar tu masa muscular gracias<br \/>\na WHEY PROTEIN y mejorar tu resistencia y rendimiento f\u00edsico a la hora de entrenar con la CREATINA MAX FORCE<\/p>\n","protected":false},"featured_media":19194,"template":"","meta":{"_monsterinsights_skip_tracking":false,"_monsterinsights_sitenote_active":false,"_monsterinsights_sitenote_note":"","_monsterinsights_sitenote_category":0},"product_brand":[],"product_cat":[192,203],"product_tag":[],"class_list":{"0":"post-19193","1":"product","2":"type-product","3":"status-publish","4":"has-post-thumbnail","6":"product_cat-combos","7":"product_cat-max-force","9":"first","10":"instock","11":"taxable","12":"shipping-taxable","13":"purchasable","14":"product-type-simple"},"_links":{"self":[{"href":"https:\/\/stayfit.com.ar\/index.php?rest_route=\/wp\/v2\/product\/19193","targetHints":{"allow":["GET"]}}],"collection":[{"href":"https:\/\/stayfit.com.ar\/index.php?rest_route=\/wp\/v2\/product"}],"about":[{"href":"https:\/\/stayfit.com.ar\/index.php?rest_route=\/wp\/v2\/types\/product"}],"wp:featuredmedia":[{"embeddable":true,"href":"https:\/\/stayfit.com.ar\/index.php?rest_route=\/wp\/v2\/media\/19194"}],"wp:attachment":[{"href":"https:\/\/stayfit.com.ar\/index.php?rest_route=%2Fwp%2Fv2%2Fmedia&parent=19193"}],"wp:term":[{"taxonomy":"product_brand","embeddable":true,"href":"https:\/\/stayfit.com.ar\/index.php?rest_route=%2Fwp%2Fv2%2Fproduct_brand&post=19193"},{"taxonomy":"product_cat","embeddable":true,"href":"https:\/\/stayfit.com.ar\/index.php?rest_route=%2Fwp%2Fv2%2Fproduct_cat&post=19193"},{"taxonomy":"product_tag","embeddable":true,"href":"https:\/\/stayfit.com.ar\/index.php?rest_route=%2Fwp%2Fv2%2Fproduct_tag&post=19193"}],"curies":[{"name":"wp","href":"https:\/\/api.w.org\/{rel}","templated":true}]}}