{"id":20056,"date":"2024-05-05T20:47:16","date_gmt":"2024-05-05T23:47:16","guid":{"rendered":"https:\/\/stayfit.com.ar\/?post_type=product&#038;p=20056"},"modified":"2026-03-27T09:22:38","modified_gmt":"2026-03-27T12:22:38","slug":"creatina-ultramicronizada-sin-sabor-1000gr-star-nutrition","status":"publish","type":"product","link":"https:\/\/stayfit.com.ar\/?product=creatina-ultramicronizada-sin-sabor-1000gr-star-nutrition","title":{"rendered":"CREATINA ULTRAMICRONIZADA SIN SABOR 1000gr STAR NUTRITION"},"content":{"rendered":"<p>DESCRIPCION:<br \/>\nLa creatina micronizada es la uni\u00f3n de tres amino\u00e1cidos que ofrece mayores ventajas que la creatina normal, mejorando su asimilaci\u00f3n.<br \/>\nLa creatina monohidrato es recomendada durante un plan de entrenamiento para aumentar la fuerza, resistencia y recuperaci\u00f3n.<br \/>\nMODO DE USO:<br \/>\nDurante los primeros 4 d\u00edas, consumir 4 porciones diarias, y los d\u00edas siguientes consumir una o dos porciones diarias preferentemente con el est\u00f3mgo vac\u00edo.<\/p>\n","protected":false},"excerpt":{"rendered":"<p>Suplemento dietario a base de Creatina Monohidrato.<br \/>\n1000G\u00a0 5G CREATINA X SERV. | ULTRAMICRONIZED<br \/>\n100% PURA | AUMENTA EL VOLUMEN Y LA RESISTENCIA<\/p>\n","protected":false},"featured_media":20057,"template":"","meta":{"_monsterinsights_skip_tracking":false,"_monsterinsights_sitenote_active":false,"_monsterinsights_sitenote_note":"","_monsterinsights_sitenote_category":0},"product_brand":[],"product_cat":[149,129],"product_tag":[],"class_list":{"0":"post-20056","1":"product","2":"type-product","3":"status-publish","4":"has-post-thumbnail","6":"product_cat-creatinas","7":"product_cat-star-nutrition","9":"first","10":"instock","11":"taxable","12":"shipping-taxable","13":"purchasable","14":"product-type-simple"},"_links":{"self":[{"href":"https:\/\/stayfit.com.ar\/index.php?rest_route=\/wp\/v2\/product\/20056","targetHints":{"allow":["GET"]}}],"collection":[{"href":"https:\/\/stayfit.com.ar\/index.php?rest_route=\/wp\/v2\/product"}],"about":[{"href":"https:\/\/stayfit.com.ar\/index.php?rest_route=\/wp\/v2\/types\/product"}],"wp:featuredmedia":[{"embeddable":true,"href":"https:\/\/stayfit.com.ar\/index.php?rest_route=\/wp\/v2\/media\/20057"}],"wp:attachment":[{"href":"https:\/\/stayfit.com.ar\/index.php?rest_route=%2Fwp%2Fv2%2Fmedia&parent=20056"}],"wp:term":[{"taxonomy":"product_brand","embeddable":true,"href":"https:\/\/stayfit.com.ar\/index.php?rest_route=%2Fwp%2Fv2%2Fproduct_brand&post=20056"},{"taxonomy":"product_cat","embeddable":true,"href":"https:\/\/stayfit.com.ar\/index.php?rest_route=%2Fwp%2Fv2%2Fproduct_cat&post=20056"},{"taxonomy":"product_tag","embeddable":true,"href":"https:\/\/stayfit.com.ar\/index.php?rest_route=%2Fwp%2Fv2%2Fproduct_tag&post=20056"}],"curies":[{"name":"wp","href":"https:\/\/api.w.org\/{rel}","templated":true}]}}