{"id":20073,"date":"2024-05-05T21:08:15","date_gmt":"2024-05-06T00:08:15","guid":{"rendered":"https:\/\/stayfit.com.ar\/?post_type=product&#038;p=20073"},"modified":"2025-11-24T18:15:13","modified_gmt":"2025-11-24T21:15:13","slug":"proteina-veggie-500gr-creatina-monohidrato-250gr-gentech","status":"publish","type":"product","link":"https:\/\/stayfit.com.ar\/?product=proteina-veggie-500gr-creatina-monohidrato-250gr-gentech","title":{"rendered":"PROTEINA VEGGIE 500GR + CREATINA MONOHIDRATO 250gr GENTECH"},"content":{"rendered":"<p>DESCRIPCION PROTEINA VEGGIE:<br \/>\nLa Veggie Protein shake es una prote\u00edna vegetal pura a base de arveja, desarrollada por la empresa Gentech para aquellos que eligen una alimentaci\u00f3n diferente, en este caso para veganos o vegetarianos. Es una excelente opci\u00f3n para completar el aporte necesario de prote\u00ednas diarias, con la suma de muchas vitaminas entre ellas vitamina D y vitamina B12.<br \/>\nMODO DE USO PROTEINA VEGGIE:<br \/>\n2 MEDIDAS DIARIAS (30 g C\/U)<br \/>\nAntes y\/o despu\u00e9s del entrenamiento.<\/p>\n<p>DESCRIPCION CREATINA:<br \/>\nDiversos estudios han demostrado que, a trav\u00e9s de la incorporaci\u00f3n de Creatina a tu suplementaci\u00f3n, tu potencia y energ\u00eda se incrementan considerablemente. El consumo de Creatina es clave para ejercicios que llevan menos de 10 segundos, como las repeticiones con mancuernas. La clave de este ingrediente es que desarrolla r\u00e1pidamente la energ\u00eda celular, y esto mejora la resistencia para potenciar el crecimiento de tus m\u00fasculos.<br \/>\nMODO DE USO CREATINA:<br \/>\nlos primeros cinco d\u00edas (fase de carga*) se debe incorporar 24 gramos diarios. Una vez superado este proceso, a partir del sexto d\u00eda (fase de entrenamiento) se reduce a 15 gramos. Los d\u00edas de entrenamiento tomarlo por la ma\u00f1ana e inmediatamente despu\u00e9s del ejercicio. El resto de los d\u00edas, hacerlo por la ma\u00f1ana y repetir en cualquier momento del d\u00eda. Por otro lado, beber 10 vasos de agua por d\u00eda favorece la absorci\u00f3n de creatina y ayuda a mantener un buen estado de hidrataci\u00f3n corporal.<\/p>\n","protected":false},"excerpt":{"rendered":"<p>Este combo te ayudara a incrementar tu masa muscular gracias<br \/>\na VEGGIE PROTEIN y mejorar tu resistencia y rendimiento f\u00edsico a la hora de entrenar con la CREATINA MONOHIDRATO GENTECH<\/p>\n","protected":false},"featured_media":22237,"template":"","meta":{"_monsterinsights_skip_tracking":false,"_monsterinsights_sitenote_active":false,"_monsterinsights_sitenote_note":"","_monsterinsights_sitenote_category":0},"product_brand":[],"product_cat":[192,147],"product_tag":[],"class_list":{"0":"post-20073","1":"product","2":"type-product","3":"status-publish","4":"has-post-thumbnail","6":"product_cat-combos","7":"product_cat-gentech","9":"first","10":"outofstock","11":"taxable","12":"shipping-taxable","13":"purchasable","14":"product-type-simple"},"_links":{"self":[{"href":"https:\/\/stayfit.com.ar\/index.php?rest_route=\/wp\/v2\/product\/20073","targetHints":{"allow":["GET"]}}],"collection":[{"href":"https:\/\/stayfit.com.ar\/index.php?rest_route=\/wp\/v2\/product"}],"about":[{"href":"https:\/\/stayfit.com.ar\/index.php?rest_route=\/wp\/v2\/types\/product"}],"wp:featuredmedia":[{"embeddable":true,"href":"https:\/\/stayfit.com.ar\/index.php?rest_route=\/wp\/v2\/media\/22237"}],"wp:attachment":[{"href":"https:\/\/stayfit.com.ar\/index.php?rest_route=%2Fwp%2Fv2%2Fmedia&parent=20073"}],"wp:term":[{"taxonomy":"product_brand","embeddable":true,"href":"https:\/\/stayfit.com.ar\/index.php?rest_route=%2Fwp%2Fv2%2Fproduct_brand&post=20073"},{"taxonomy":"product_cat","embeddable":true,"href":"https:\/\/stayfit.com.ar\/index.php?rest_route=%2Fwp%2Fv2%2Fproduct_cat&post=20073"},{"taxonomy":"product_tag","embeddable":true,"href":"https:\/\/stayfit.com.ar\/index.php?rest_route=%2Fwp%2Fv2%2Fproduct_tag&post=20073"}],"curies":[{"name":"wp","href":"https:\/\/api.w.org\/{rel}","templated":true}]}}