{"id":20075,"date":"2024-05-05T21:13:33","date_gmt":"2024-05-06T00:13:33","guid":{"rendered":"https:\/\/stayfit.com.ar\/?post_type=product&#038;p=20075"},"modified":"2026-04-09T21:06:21","modified_gmt":"2026-04-10T00:06:21","slug":"platinum-doypack-907gr-colageno-hidrolizado-210gr-de-star-nutrition-copy","status":"publish","type":"product","link":"https:\/\/stayfit.com.ar\/?product=platinum-doypack-907gr-colageno-hidrolizado-210gr-de-star-nutrition-copy","title":{"rendered":"<strong>PLATINUM DOYPACK 907gr + COL\u00c1GENO HIDROLIZADO 360GR DE STAR NUTRITION <\/strong>"},"content":{"rendered":"<p>DESCRIPCION\u00a0 WHEY PROTEIN:<\/p>\n<p>Compuesta por ultra concentrado, aislado e hidrolizado de suero de m\u00e1xima pureza, obtenido por m\u00e9todos no agresivos que garantizan la calidad y estabilidad del producto.<br \/>\nSu agradable sabor y alta disoluci\u00f3n lo determinan en la opci\u00f3n inteligente a la hora de agregar prote\u00ednas de alto valor deportivo biol\u00f3gico a nuestra dieta, o como parte de un programa nutricional.<br \/>\n100% PROTE\u00cdNA ALIMENTADA CON HIERBA NATURAL<br \/>\nFuente natural de amino\u00e1cidos esenciales, amino\u00e1cidos de cadena ramificada y Glutamina.<\/p>\n<p>MODO DE USO WHEY PROTEIN:<\/p>\n<p>Mezclar 1 medida de Platinum Whey Protein en 200cm3 de agua o leche descremada.<br \/>\nConsumir 1 hora antes del entrenamiento, luego del mismo o simplemente en cualquier momento del d\u00eda para alcanzar tus necesidades proteicas.<\/p>\n<p>DESCRIPCION COL\u00c1GENO:<\/p>\n<p>COLAGENO SPORT:<br \/>\nColageno hidrolizado, Vitamina C (Acido Ascorbico), citrato de magnesio, Cafeina, Aro: Sabor naranja, Edu: Stevia<br \/>\nCada porci\u00f3n contiene:<br \/>\n10 gramos de col\u00e1geno<br \/>\n1000 mg de vitamina C<br \/>\n80 mg de magnesio<br \/>\n200 mg de cafe\u00edna<\/p>\n<p>COLAGENO PLUS:<br \/>\nCol\u00e1geno hidrolizado, Fosfato de Calcio, Vitamina C (Acido Asc\u00f3rbico), citrato de magnesio, Gluconato de Zinc, Aro: Sabor Lim\u00f3n, Edu: Stevia<br \/>\nCada porci\u00f3n contiene:<br \/>\n8 gramos de col\u00e1geno<br \/>\n500 mg de calcio<br \/>\n8 g de magnesio<br \/>\n7 mg de zinc<br \/>\n1000 mg de vitamina C<\/p>\n<p>MODO DE USO COL\u00c1GENO:<br \/>\nDiluir 2 medidas (12g) en 300ml de agua, con el est\u00f3mago vac\u00edo.<\/p>\n","protected":false},"excerpt":{"rendered":"<p>Este combo te ayudara a incrementar tu masa muscular gracias<\/p>\n<p>a PLATINUM WHEY STAR NUTRITION y mejorar tu PIEL, U\u00d1AS PELO Y MAS con COL\u00c1GENO DE STAR NUTRITION<\/p>\n","protected":false},"featured_media":43797,"template":"","meta":{"_monsterinsights_skip_tracking":false,"_monsterinsights_sitenote_active":false,"_monsterinsights_sitenote_note":"","_monsterinsights_sitenote_category":0},"product_brand":[],"product_cat":[192,129],"product_tag":[],"class_list":{"0":"post-20075","1":"product","2":"type-product","3":"status-publish","4":"has-post-thumbnail","6":"product_cat-combos","7":"product_cat-star-nutrition","9":"first","10":"instock","11":"taxable","12":"shipping-taxable","13":"purchasable","14":"product-type-variable"},"_links":{"self":[{"href":"https:\/\/stayfit.com.ar\/index.php?rest_route=\/wp\/v2\/product\/20075","targetHints":{"allow":["GET"]}}],"collection":[{"href":"https:\/\/stayfit.com.ar\/index.php?rest_route=\/wp\/v2\/product"}],"about":[{"href":"https:\/\/stayfit.com.ar\/index.php?rest_route=\/wp\/v2\/types\/product"}],"wp:featuredmedia":[{"embeddable":true,"href":"https:\/\/stayfit.com.ar\/index.php?rest_route=\/wp\/v2\/media\/43797"}],"wp:attachment":[{"href":"https:\/\/stayfit.com.ar\/index.php?rest_route=%2Fwp%2Fv2%2Fmedia&parent=20075"}],"wp:term":[{"taxonomy":"product_brand","embeddable":true,"href":"https:\/\/stayfit.com.ar\/index.php?rest_route=%2Fwp%2Fv2%2Fproduct_brand&post=20075"},{"taxonomy":"product_cat","embeddable":true,"href":"https:\/\/stayfit.com.ar\/index.php?rest_route=%2Fwp%2Fv2%2Fproduct_cat&post=20075"},{"taxonomy":"product_tag","embeddable":true,"href":"https:\/\/stayfit.com.ar\/index.php?rest_route=%2Fwp%2Fv2%2Fproduct_tag&post=20075"}],"curies":[{"name":"wp","href":"https:\/\/api.w.org\/{rel}","templated":true}]}}