{"id":20079,"date":"2024-05-05T21:27:10","date_gmt":"2024-05-06T00:27:10","guid":{"rendered":"https:\/\/stayfit.com.ar\/?post_type=product&#038;p=20079"},"modified":"2025-11-21T11:10:20","modified_gmt":"2025-11-21T14:10:20","slug":"creatina-309gr-de-bsn","status":"publish","type":"product","link":"https:\/\/stayfit.com.ar\/?product=creatina-309gr-de-bsn","title":{"rendered":"CREATINA 309gr DE BSN"},"content":{"rendered":"<p>DESCRIPCION:<br \/>\nCreatine\u00a0 BSN es un producto a base de creatina monohidrato, un ingrediente que incrementa los niveles celulares de fosfocreatina aumentando los niveles de energ\u00eda y retrasando el momento en el que aparece la fatiga muscular<br \/>\nLa creatina monohidrato es un ingrediente muy utilizado y eficaz, permite incrementar el volumen celular gracias a una mayor retenci\u00f3n de agua intracelular, contribuyendo a mantener la hidrataci\u00f3n e incrementar el tama\u00f1o del m\u00fasculo<br \/>\nLos efectos m\u00e1s importante de la creatina se observan en deportes de alta intensidad y corta duraci\u00f3n, en los que permite mayor capacidad de recuperaci\u00f3n entre esfuerzos<br \/>\nCreatine de BSN una l\u00ednea vers\u00e1til, en la que todos los productos se pueden bien utilizar solos, combinados entre ellos o a\u00f1adidos a tus suplementos pre o post entrenamiento habituales, \u00a1escoge la combinaci\u00f3n apropiada y lleva tus resultandos a otro nivel!<br \/>\nMODO DE USO:<br \/>\n1 scoop en 350lm de agua<\/p>\n","protected":false},"excerpt":{"rendered":"<h5 class=\"s-text8 p-t-10\" style=\"text-align: center;\">Suplemento dietario a base de Creatina.<br \/>\n304G\u00a0 5G CREATINA X SERV. | ULTRAMICRONIZED<br \/>\n100% PURA | AUMENTA EL VOLUMEN Y LA RESISTENCIA<\/p>\n","protected":false},"featured_media":20080,"template":"","meta":{"_monsterinsights_skip_tracking":false,"_monsterinsights_sitenote_active":false,"_monsterinsights_sitenote_note":"","_monsterinsights_sitenote_category":0},"product_brand":[],"product_cat":[149,186],"product_tag":[],"class_list":{"0":"post-20079","1":"product","2":"type-product","3":"status-publish","4":"has-post-thumbnail","6":"product_cat-creatinas","7":"product_cat-importados","9":"first","10":"instock","11":"sale","12":"taxable","13":"shipping-taxable","14":"purchasable","15":"product-type-simple"},"_links":{"self":[{"href":"https:\/\/stayfit.com.ar\/index.php?rest_route=\/wp\/v2\/product\/20079","targetHints":{"allow":["GET"]}}],"collection":[{"href":"https:\/\/stayfit.com.ar\/index.php?rest_route=\/wp\/v2\/product"}],"about":[{"href":"https:\/\/stayfit.com.ar\/index.php?rest_route=\/wp\/v2\/types\/product"}],"wp:featuredmedia":[{"embeddable":true,"href":"https:\/\/stayfit.com.ar\/index.php?rest_route=\/wp\/v2\/media\/20080"}],"wp:attachment":[{"href":"https:\/\/stayfit.com.ar\/index.php?rest_route=%2Fwp%2Fv2%2Fmedia&parent=20079"}],"wp:term":[{"taxonomy":"product_brand","embeddable":true,"href":"https:\/\/stayfit.com.ar\/index.php?rest_route=%2Fwp%2Fv2%2Fproduct_brand&post=20079"},{"taxonomy":"product_cat","embeddable":true,"href":"https:\/\/stayfit.com.ar\/index.php?rest_route=%2Fwp%2Fv2%2Fproduct_cat&post=20079"},{"taxonomy":"product_tag","embeddable":true,"href":"https:\/\/stayfit.com.ar\/index.php?rest_route=%2Fwp%2Fv2%2Fproduct_tag&post=20079"}],"curies":[{"name":"wp","href":"https:\/\/api.w.org\/{rel}","templated":true}]}}