{"id":20089,"date":"2024-05-05T21:42:16","date_gmt":"2024-05-06T00:42:16","guid":{"rendered":"https:\/\/stayfit.com.ar\/?post_type=product&#038;p=20089"},"modified":"2026-05-08T00:29:57","modified_gmt":"2026-05-08T03:29:57","slug":"syntha-6-2-91-libras-creatine-309gr-bsn","status":"publish","type":"product","link":"https:\/\/stayfit.com.ar\/?product=syntha-6-2-91-libras-creatine-309gr-bsn","title":{"rendered":"SYNTHA 6 2.91 LIBRAS + CREATINE 309GR BSN"},"content":{"rendered":"<p>DESCRIPCION SYNTHA6:<br \/>\nSyntha-6 Isolate es una prote\u00edna en polvo ultrapremium que consiste en una mezcla de aislado de prote\u00edna de suero de leche y aislado de prote\u00edna de leche.\u00a0La exclusiva matriz de prote\u00edna Isolate combina las ventajas de las fuentes de prote\u00ednas de digesti\u00f3n r\u00e1pida y lenta, lo que convierte a Syntha-6 Isolate en el batido de recuperaci\u00f3n ideal para despu\u00e9s del entrenamiento.\u00a0Adem\u00e1s, tiene el mismo sabor delicioso que Syntha-6, gracias a la tecnolog\u00eda de sabor exclusiva de BSN.<br \/>\nMODO DE USO SYNTHA6:<br \/>\nTome 1 cucharada con 4-5 oz.\u00a0de agua fr\u00eda o cualquier bebida de su elecci\u00f3n.\u00a0Para aumentar su ingesta de prote\u00ednas por porci\u00f3n y lograr un incre\u00edble sabor a malteada, use leche descremada o baja en grasa<\/p>\n<p>DESCRIPCION CREATINA:<br \/>\nCreatine\u00a0 BSN es un producto a base de creatina monohidrato, un ingrediente que incrementa los niveles celulares de fosfocreatina aumentando los niveles de energ\u00eda y retrasando el momento en el que aparece la fatiga muscular<br \/>\nLa creatina monohidrato es un ingrediente muy utilizado y eficaz, permite incrementar el volumen celular gracias a una mayor retenci\u00f3n de agua intracelular, contribuyendo a mantener la hidrataci\u00f3n e incrementar el tama\u00f1o del m\u00fasculo<br \/>\nLos efectos m\u00e1s importante de la creatina se observan en deportes de alta intensidad y corta duraci\u00f3n, en los que permite mayor capacidad de recuperaci\u00f3n entre esfuerzos<br \/>\nCreatine de BSN una l\u00ednea vers\u00e1til, en la que todos los productos se pueden bien utilizar solos, combinados entre ellos o a\u00f1adidos a tus suplementos pre o post entrenamiento habituales, \u00a1escoge la combinaci\u00f3n apropiada y lleva tus resultandos a otro nivel!<br \/>\nMODO DE USO CREATINA:<br \/>\nConsumir 5gr de creatina por d\u00eda<\/p>\n","protected":false},"excerpt":{"rendered":"<p>Este combo te ayudara a incrementar tu masa muscular gracias<br \/>\na WHEY PRO y mejorar tu resistencia y rendimiento f\u00edsico a la hora de entrenar con la CREATINA SHOCK NUTRILAB<\/p>\n","protected":false},"featured_media":20090,"template":"","meta":{"_monsterinsights_skip_tracking":false,"_monsterinsights_sitenote_active":false,"_monsterinsights_sitenote_note":"","_monsterinsights_sitenote_category":0},"product_brand":[],"product_cat":[329,192,186],"product_tag":[],"class_list":{"0":"post-20089","1":"product","2":"type-product","3":"status-publish","4":"has-post-thumbnail","6":"product_cat-bsn","7":"product_cat-combos","8":"product_cat-importados","10":"first","11":"instock","12":"taxable","13":"shipping-taxable","14":"purchasable","15":"product-type-simple"},"_links":{"self":[{"href":"https:\/\/stayfit.com.ar\/index.php?rest_route=\/wp\/v2\/product\/20089","targetHints":{"allow":["GET"]}}],"collection":[{"href":"https:\/\/stayfit.com.ar\/index.php?rest_route=\/wp\/v2\/product"}],"about":[{"href":"https:\/\/stayfit.com.ar\/index.php?rest_route=\/wp\/v2\/types\/product"}],"wp:featuredmedia":[{"embeddable":true,"href":"https:\/\/stayfit.com.ar\/index.php?rest_route=\/wp\/v2\/media\/20090"}],"wp:attachment":[{"href":"https:\/\/stayfit.com.ar\/index.php?rest_route=%2Fwp%2Fv2%2Fmedia&parent=20089"}],"wp:term":[{"taxonomy":"product_brand","embeddable":true,"href":"https:\/\/stayfit.com.ar\/index.php?rest_route=%2Fwp%2Fv2%2Fproduct_brand&post=20089"},{"taxonomy":"product_cat","embeddable":true,"href":"https:\/\/stayfit.com.ar\/index.php?rest_route=%2Fwp%2Fv2%2Fproduct_cat&post=20089"},{"taxonomy":"product_tag","embeddable":true,"href":"https:\/\/stayfit.com.ar\/index.php?rest_route=%2Fwp%2Fv2%2Fproduct_tag&post=20089"}],"curies":[{"name":"wp","href":"https:\/\/api.w.org\/{rel}","templated":true}]}}