{"id":20099,"date":"2024-05-05T21:56:14","date_gmt":"2024-05-06T00:56:14","guid":{"rendered":"https:\/\/stayfit.com.ar\/?post_type=product&#038;p=20099"},"modified":"2026-04-14T21:57:33","modified_gmt":"2026-04-15T00:57:33","slug":"low-carb-protein-bar-12-unidades-mervick","status":"publish","type":"product","link":"https:\/\/stayfit.com.ar\/?product=low-carb-protein-bar-12-unidades-mervick","title":{"rendered":"<strong>LOW CARB PROTEIN BAR 12 unidades MERVICK<\/strong>"},"content":{"rendered":"<p>DESCRIPCION:<br \/>\nBarritas nutritivas\u00a0a base de proteinas\u00a0concentradas de suero l\u00e1cteo , ideales para su uso\u00a0 post entrenamiento o para llenar huecos entre comidas.<br \/>\nLa prote\u00edna es un elemento fundamental para el mantenimiento de la buena salud, la vitalidad, y es de primordial importancia en el crecimiento y desarrollo de TODOS los tejidos del cuerpo.<br \/>\nMODO DE USO:<br \/>\n1 Barra diaria<\/p>\n","protected":false},"excerpt":{"rendered":"<p>Las barritas LOW CARB son ideales para consumir en planes de alimentaci\u00f3n bajos en carbohidratos, siendo parte de desayunos y meriendas pr\u00e1cticas como as\u00ed tambi\u00e9n en colaciones.<\/p>\n","protected":false},"featured_media":20102,"template":"","meta":{"_monsterinsights_skip_tracking":false,"_monsterinsights_sitenote_active":false,"_monsterinsights_sitenote_note":"","_monsterinsights_sitenote_category":0},"product_brand":[],"product_cat":[159,201],"product_tag":[],"class_list":{"0":"post-20099","1":"product","2":"type-product","3":"status-publish","4":"has-post-thumbnail","6":"product_cat-barras-de-proteina","7":"product_cat-mervick","9":"first","10":"instock","11":"taxable","12":"shipping-taxable","13":"purchasable","14":"product-type-variable"},"_links":{"self":[{"href":"https:\/\/stayfit.com.ar\/index.php?rest_route=\/wp\/v2\/product\/20099","targetHints":{"allow":["GET"]}}],"collection":[{"href":"https:\/\/stayfit.com.ar\/index.php?rest_route=\/wp\/v2\/product"}],"about":[{"href":"https:\/\/stayfit.com.ar\/index.php?rest_route=\/wp\/v2\/types\/product"}],"wp:featuredmedia":[{"embeddable":true,"href":"https:\/\/stayfit.com.ar\/index.php?rest_route=\/wp\/v2\/media\/20102"}],"wp:attachment":[{"href":"https:\/\/stayfit.com.ar\/index.php?rest_route=%2Fwp%2Fv2%2Fmedia&parent=20099"}],"wp:term":[{"taxonomy":"product_brand","embeddable":true,"href":"https:\/\/stayfit.com.ar\/index.php?rest_route=%2Fwp%2Fv2%2Fproduct_brand&post=20099"},{"taxonomy":"product_cat","embeddable":true,"href":"https:\/\/stayfit.com.ar\/index.php?rest_route=%2Fwp%2Fv2%2Fproduct_cat&post=20099"},{"taxonomy":"product_tag","embeddable":true,"href":"https:\/\/stayfit.com.ar\/index.php?rest_route=%2Fwp%2Fv2%2Fproduct_tag&post=20099"}],"curies":[{"name":"wp","href":"https:\/\/api.w.org\/{rel}","templated":true}]}}