{"id":20185,"date":"2024-06-04T09:53:19","date_gmt":"2024-06-04T12:53:19","guid":{"rendered":"https:\/\/stayfit.com.ar\/?post_type=product&#038;p=20185"},"modified":"2026-04-04T11:55:29","modified_gmt":"2026-04-04T14:55:29","slug":"creatina-star-nutrition-doypack-300-gramos","status":"publish","type":"product","link":"https:\/\/stayfit.com.ar\/?product=creatina-star-nutrition-doypack-300-gramos","title":{"rendered":"CREATINA MONOHIDRATO ULTRAMICRONIZADA SIN SABOR STAR NUTRITION 300GR DOYPACK"},"content":{"rendered":"<p>DESCRIPCION:<br \/>\nLa creatina monohidrato ayuda a fabricar m\u00e1s combustible para el m\u00fasculo en forma de ATP, esto asegura que los m\u00fasculos trabajen m\u00e1s r\u00e1pido durante m\u00e1s tiempo, y tambi\u00e9n que se recuperen m\u00e1s r\u00e1pido luego del entrenamiento intenso. STAR NUTRITION CREATINE MONOHIDRATE es 100% pura creatina micronizada de m\u00e1xima absorci\u00f3n USP grado farmacol\u00f3gico.<br \/>\nLa creatina micronizada es la uni\u00f3n de tres amino\u00e1cidos que ofrece mayores ventajas que la creatina normal, mejorando su asimilaci\u00f3n. Es recomendada durante un plan de entrenamiento para aumentar las fuerza, resistencia y recuperaci\u00f3n.<br \/>\nMODO DE USO:<br \/>\nDurante los primeros 4 d\u00edas, consumir 4 porciones diarias, y los d\u00edas siguientes consumir una o dos porciones diarias preferentemente con el est\u00f3mgo vac\u00edo.<\/p>\n","protected":false},"excerpt":{"rendered":"<p>Suplemento dietario a base de Creatina Monohidrato.<br \/>\n300G |\u00a0 5G CREATINA X SERV. | ULTRAMICRONIZED<br \/>\n100% PURA | AUMENTA EL VOLUMEN Y LA RESISTENCIA<\/p>\n","protected":false},"featured_media":21157,"template":"","meta":{"_monsterinsights_skip_tracking":false,"_monsterinsights_sitenote_active":false,"_monsterinsights_sitenote_note":"","_monsterinsights_sitenote_category":0},"product_brand":[],"product_cat":[149,129],"product_tag":[],"class_list":{"0":"post-20185","1":"product","2":"type-product","3":"status-publish","4":"has-post-thumbnail","6":"product_cat-creatinas","7":"product_cat-star-nutrition","9":"first","10":"instock","11":"sale","12":"taxable","13":"shipping-taxable","14":"purchasable","15":"product-type-variable"},"_links":{"self":[{"href":"https:\/\/stayfit.com.ar\/index.php?rest_route=\/wp\/v2\/product\/20185","targetHints":{"allow":["GET"]}}],"collection":[{"href":"https:\/\/stayfit.com.ar\/index.php?rest_route=\/wp\/v2\/product"}],"about":[{"href":"https:\/\/stayfit.com.ar\/index.php?rest_route=\/wp\/v2\/types\/product"}],"wp:featuredmedia":[{"embeddable":true,"href":"https:\/\/stayfit.com.ar\/index.php?rest_route=\/wp\/v2\/media\/21157"}],"wp:attachment":[{"href":"https:\/\/stayfit.com.ar\/index.php?rest_route=%2Fwp%2Fv2%2Fmedia&parent=20185"}],"wp:term":[{"taxonomy":"product_brand","embeddable":true,"href":"https:\/\/stayfit.com.ar\/index.php?rest_route=%2Fwp%2Fv2%2Fproduct_brand&post=20185"},{"taxonomy":"product_cat","embeddable":true,"href":"https:\/\/stayfit.com.ar\/index.php?rest_route=%2Fwp%2Fv2%2Fproduct_cat&post=20185"},{"taxonomy":"product_tag","embeddable":true,"href":"https:\/\/stayfit.com.ar\/index.php?rest_route=%2Fwp%2Fv2%2Fproduct_tag&post=20185"}],"curies":[{"name":"wp","href":"https:\/\/api.w.org\/{rel}","templated":true}]}}