{"id":20333,"date":"2024-07-29T16:55:43","date_gmt":"2024-07-29T19:55:43","guid":{"rendered":"https:\/\/stayfit.com.ar\/?post_type=product&#038;p=20333"},"modified":"2026-03-27T09:22:38","modified_gmt":"2026-03-27T12:22:38","slug":"citrato-magnesio-x60-caps-star-nutrition","status":"publish","type":"product","link":"https:\/\/stayfit.com.ar\/?product=citrato-magnesio-x60-caps-star-nutrition","title":{"rendered":"CITRATO MAGNESIO x60 caps STAR NUTRITION"},"content":{"rendered":"<p>DESCRIPCION:<br \/>\nEl citrato de magnesio es una forma altamente absorbible de magnesio LIBRE DE GLUTEN Y SIN TACC, un mineral esencial que desempe\u00f1a un papel fundamental en una amplia variedad de funciones corporales, incluida la salud nerviosa, la funci\u00f3n muscular, el metabolismo energ\u00e9tico y la salud \u00f3sea.<br \/>\nBENEFICIOS:<br \/>\n\u25ba Mejora del Rendimiento<br \/>\n\u25ba Reducci\u00f3n de la Fatiga Muscular<br \/>\n\u25ba Mejora la Recuperaci\u00f3n<br \/>\n\u25ba Apoya la Salud \u00d3sea<br \/>\n\u25ba Apoyo al Sue\u00f1o Reparador<br \/>\n\u25ba Regulaci\u00f3n del Estr\u00e9s<br \/>\nMODO DE USO:<\/p>\n<p>Se recomienda consumir 2 c\u00e1psulas (1 porci\u00f3n), preferentemente por la ma\u00f1ana, acompa\u00f1ado de un vaso con agua.<\/p>\n","protected":false},"excerpt":{"rendered":"<p>PRESENTACI\u00d3N: En c\u00e1psulas, (60 caps.)<br \/>\nBENEFICIOS:<br \/>\n\u25ba Mejora del Rendimiento<br \/>\n\u25ba Reducci\u00f3n de la Fatiga Muscular<br \/>\n\u25ba Mejora la Recuperaci\u00f3n<br \/>\n\u25ba Apoya la Salud \u00d3sea<br \/>\n\u25ba Apoyo al Sue\u00f1o Reparador<br \/>\n\u25ba Regulaci\u00f3n del Estr\u00e9s<\/p>\n","protected":false},"featured_media":20947,"template":"","meta":{"_monsterinsights_skip_tracking":false,"_monsterinsights_sitenote_active":false,"_monsterinsights_sitenote_note":"","_monsterinsights_sitenote_category":0},"product_brand":[],"product_cat":[171,129],"product_tag":[],"class_list":{"0":"post-20333","1":"product","2":"type-product","3":"status-publish","4":"has-post-thumbnail","6":"product_cat-vitaminas","7":"product_cat-star-nutrition","9":"first","10":"instock","11":"taxable","12":"shipping-taxable","13":"purchasable","14":"product-type-simple"},"_links":{"self":[{"href":"https:\/\/stayfit.com.ar\/index.php?rest_route=\/wp\/v2\/product\/20333","targetHints":{"allow":["GET"]}}],"collection":[{"href":"https:\/\/stayfit.com.ar\/index.php?rest_route=\/wp\/v2\/product"}],"about":[{"href":"https:\/\/stayfit.com.ar\/index.php?rest_route=\/wp\/v2\/types\/product"}],"wp:featuredmedia":[{"embeddable":true,"href":"https:\/\/stayfit.com.ar\/index.php?rest_route=\/wp\/v2\/media\/20947"}],"wp:attachment":[{"href":"https:\/\/stayfit.com.ar\/index.php?rest_route=%2Fwp%2Fv2%2Fmedia&parent=20333"}],"wp:term":[{"taxonomy":"product_brand","embeddable":true,"href":"https:\/\/stayfit.com.ar\/index.php?rest_route=%2Fwp%2Fv2%2Fproduct_brand&post=20333"},{"taxonomy":"product_cat","embeddable":true,"href":"https:\/\/stayfit.com.ar\/index.php?rest_route=%2Fwp%2Fv2%2Fproduct_cat&post=20333"},{"taxonomy":"product_tag","embeddable":true,"href":"https:\/\/stayfit.com.ar\/index.php?rest_route=%2Fwp%2Fv2%2Fproduct_tag&post=20333"}],"curies":[{"name":"wp","href":"https:\/\/api.w.org\/{rel}","templated":true}]}}