{"id":20357,"date":"2024-07-29T19:18:25","date_gmt":"2024-07-29T22:18:25","guid":{"rendered":"https:\/\/stayfit.com.ar\/?post_type=product&#038;p=20357"},"modified":"2025-11-08T11:53:09","modified_gmt":"2025-11-08T14:53:09","slug":"testolander-booster-120-caps","status":"publish","type":"product","link":"https:\/\/stayfit.com.ar\/?product=testolander-booster-120-caps","title":{"rendered":"TESTOLANDER BOOSTER 120 CAPS"},"content":{"rendered":"<p>DESCRIPCION:<br \/>\nTestolander Booster est\u00e1 formulado con los ingredientes m\u00e1s potentes para elevar naturalmente los niveles de testosterona. Cargado con todo lo que necesitas para incrementar la fuerza y la resistencia, aumentar la masa muscular y elevar el libido y la energ\u00eda, Testolander Booster est\u00e1 dise\u00f1ado para llevar tu rendimiento al siguiente nivel.<br \/>\nMODO DE USO:<\/p>\n<p>Producto: Pro-hormonal.<br \/>\nMarca: Landerfit.<br \/>\nContenido: 120 c\u00e1psulas.<br \/>\nServicio: 4 c\u00e1psulas.<br \/>\nServicios por Envase: 30 servicios.<br \/>\nFunci\u00f3n: Aumentar los niveles de testosterona del cuerpo y mejorar el rendimiento en el entrenamiento.<br \/>\nModo de uso: Consumir 4 c\u00e1psulas al d\u00eda. Puede consumirse con las comidas o por la noche.<\/p>\n","protected":false},"excerpt":{"rendered":"<p>Prohormonal Testolander Booster (LANDERFIT)<br \/>\n120 c\u00e1psulas.<\/p>\n","protected":false},"featured_media":20989,"template":"","meta":{"_monsterinsights_skip_tracking":false,"_monsterinsights_sitenote_active":false,"_monsterinsights_sitenote_note":"","_monsterinsights_sitenote_category":0},"product_brand":[],"product_cat":[157,205],"product_tag":[],"class_list":{"0":"post-20357","1":"product","2":"type-product","3":"status-publish","4":"has-post-thumbnail","6":"product_cat-pro-hormonales","7":"product_cat-landerfit","9":"first","10":"instock","11":"taxable","12":"shipping-taxable","13":"purchasable","14":"product-type-simple"},"_links":{"self":[{"href":"https:\/\/stayfit.com.ar\/index.php?rest_route=\/wp\/v2\/product\/20357","targetHints":{"allow":["GET"]}}],"collection":[{"href":"https:\/\/stayfit.com.ar\/index.php?rest_route=\/wp\/v2\/product"}],"about":[{"href":"https:\/\/stayfit.com.ar\/index.php?rest_route=\/wp\/v2\/types\/product"}],"wp:featuredmedia":[{"embeddable":true,"href":"https:\/\/stayfit.com.ar\/index.php?rest_route=\/wp\/v2\/media\/20989"}],"wp:attachment":[{"href":"https:\/\/stayfit.com.ar\/index.php?rest_route=%2Fwp%2Fv2%2Fmedia&parent=20357"}],"wp:term":[{"taxonomy":"product_brand","embeddable":true,"href":"https:\/\/stayfit.com.ar\/index.php?rest_route=%2Fwp%2Fv2%2Fproduct_brand&post=20357"},{"taxonomy":"product_cat","embeddable":true,"href":"https:\/\/stayfit.com.ar\/index.php?rest_route=%2Fwp%2Fv2%2Fproduct_cat&post=20357"},{"taxonomy":"product_tag","embeddable":true,"href":"https:\/\/stayfit.com.ar\/index.php?rest_route=%2Fwp%2Fv2%2Fproduct_tag&post=20357"}],"curies":[{"name":"wp","href":"https:\/\/api.w.org\/{rel}","templated":true}]}}