{"id":20660,"date":"2024-09-01T20:45:21","date_gmt":"2024-09-01T23:45:21","guid":{"rendered":"https:\/\/stayfit.com.ar\/?post_type=product&#038;p=20660"},"modified":"2026-04-11T15:51:30","modified_gmt":"2026-04-11T18:51:30","slug":"omega-3-fish-oil-60caps-star-nutrition-copy","status":"publish","type":"product","link":"https:\/\/stayfit.com.ar\/?product=omega-3-fish-oil-60caps-star-nutrition-copy","title":{"rendered":"OMEGA 3 30 caps GOLD NUTRITION"},"content":{"rendered":"<p>DESCRIPCION:<br \/>\nEl\u00a0Omega 3 &#8211; Fish Oil\u00ae\u00a0de Gold Nutrition\u00ae, es el resultado de a\u00f1os de investigaci\u00f3n y est\u00e1ndares rigurosos de ultra purificaci\u00f3n y filtrado para ofrecerte los m\u00e1ximos beneficios de\u00a0EPA\u00a0y\u00a0DHA,\u00a0desechando toda impureza no deseada.<br \/>\nCada c\u00e1psula est\u00e1 encapsulada en nuestra exclusiva softgel patentada de m\u00e1xima pureza, dise\u00f1ada para garantizar la absorci\u00f3n \u00f3ptima y preservar la frescura del aceite de pescado.<br \/>\n\u25ba\u00a0Salud cardiovascular<br \/>\n\u25ba\u00a0Salud articular<br \/>\n\u25ba\u00a0Apoyo inmunologico<br \/>\n\u25ba\u00a0Mejora la memoria y concentraci\u00f3n<br \/>\nMODO DE USO:<\/p>\n<p>1 capsulas por d\u00eda tomar con mucha agua<\/p>\n","protected":false},"excerpt":{"rendered":"<p>Omega 3 Fish Oil es un suplemento alimenticio que contiene aceites Omega 3, EPA y DHA ultra concentrado destilados molecularmente. Este es un aceite puro y saludable, de fuentes de pescado de alta calidad. EPA 300 mg y DHA 400 mg.<br \/>\ncontiene 30 capsulas blandas<\/p>\n","protected":false},"featured_media":43691,"template":"","meta":{"_monsterinsights_skip_tracking":false,"_monsterinsights_sitenote_active":false,"_monsterinsights_sitenote_note":"","_monsterinsights_sitenote_category":0},"product_brand":[],"product_cat":[174,141],"product_tag":[],"class_list":{"0":"post-20660","1":"product","2":"type-product","3":"status-publish","4":"has-post-thumbnail","6":"product_cat-omega-3","7":"product_cat-gold-nutrition","9":"first","10":"instock","11":"taxable","12":"shipping-taxable","13":"purchasable","14":"product-type-simple"},"_links":{"self":[{"href":"https:\/\/stayfit.com.ar\/index.php?rest_route=\/wp\/v2\/product\/20660","targetHints":{"allow":["GET"]}}],"collection":[{"href":"https:\/\/stayfit.com.ar\/index.php?rest_route=\/wp\/v2\/product"}],"about":[{"href":"https:\/\/stayfit.com.ar\/index.php?rest_route=\/wp\/v2\/types\/product"}],"wp:featuredmedia":[{"embeddable":true,"href":"https:\/\/stayfit.com.ar\/index.php?rest_route=\/wp\/v2\/media\/43691"}],"wp:attachment":[{"href":"https:\/\/stayfit.com.ar\/index.php?rest_route=%2Fwp%2Fv2%2Fmedia&parent=20660"}],"wp:term":[{"taxonomy":"product_brand","embeddable":true,"href":"https:\/\/stayfit.com.ar\/index.php?rest_route=%2Fwp%2Fv2%2Fproduct_brand&post=20660"},{"taxonomy":"product_cat","embeddable":true,"href":"https:\/\/stayfit.com.ar\/index.php?rest_route=%2Fwp%2Fv2%2Fproduct_cat&post=20660"},{"taxonomy":"product_tag","embeddable":true,"href":"https:\/\/stayfit.com.ar\/index.php?rest_route=%2Fwp%2Fv2%2Fproduct_tag&post=20660"}],"curies":[{"name":"wp","href":"https:\/\/api.w.org\/{rel}","templated":true}]}}