{"id":20937,"date":"2024-10-18T19:19:30","date_gmt":"2024-10-18T22:19:30","guid":{"rendered":"https:\/\/stayfit.com.ar\/?post_type=product&#038;p=20937"},"modified":"2026-03-27T09:22:38","modified_gmt":"2026-03-27T12:22:38","slug":"vitaminacstar","status":"publish","type":"product","link":"https:\/\/stayfit.com.ar\/?product=vitaminacstar","title":{"rendered":"VITAMINA C x60 caps STAR NUTRITION"},"content":{"rendered":"<p>DESCRIPCION:<br \/>\nSuplemento dietario a base de Vitamina C en c\u00e1psula. Libre de Gluten<br \/>\n60 c\u00e1psulas | 30 servicios<br \/>\nBENEFICIOS:<br \/>\n\u25ba Formar una prote\u00edna importante llamada col\u00e1geno, utilizada para producir la piel, los tendones, los ligamentos y los vasos sangu\u00edneos.<br \/>\n\u25baSanar heridas y formar tejido cicatricial.<br \/>\n\u25baReparar y mantener el cart\u00edlago, los huesos y los dientes.<br \/>\n\u25baAyudar a la absorci\u00f3n del hierro.<br \/>\nMODO DE USO:<\/p>\n<p>Se recomienda consumir 2 c\u00e1psulas (1 porci\u00f3n), preferentemente por la ma\u00f1ana, acompa\u00f1ado de un vaso con agua.<\/p>\n","protected":false},"excerpt":{"rendered":"<p>Suplemento dietario a base de Vitamina C en c\u00e1psula. Libre de Gluten<br \/>\n60 c\u00e1psulas | 30 servicios<\/p>\n","protected":false},"featured_media":20949,"template":"","meta":{"_monsterinsights_skip_tracking":false,"_monsterinsights_sitenote_active":false,"_monsterinsights_sitenote_note":"","_monsterinsights_sitenote_category":0},"product_brand":[],"product_cat":[171,129],"product_tag":[],"class_list":{"0":"post-20937","1":"product","2":"type-product","3":"status-publish","4":"has-post-thumbnail","6":"product_cat-vitaminas","7":"product_cat-star-nutrition","9":"first","10":"instock","11":"taxable","12":"shipping-taxable","13":"purchasable","14":"product-type-simple"},"_links":{"self":[{"href":"https:\/\/stayfit.com.ar\/index.php?rest_route=\/wp\/v2\/product\/20937","targetHints":{"allow":["GET"]}}],"collection":[{"href":"https:\/\/stayfit.com.ar\/index.php?rest_route=\/wp\/v2\/product"}],"about":[{"href":"https:\/\/stayfit.com.ar\/index.php?rest_route=\/wp\/v2\/types\/product"}],"wp:featuredmedia":[{"embeddable":true,"href":"https:\/\/stayfit.com.ar\/index.php?rest_route=\/wp\/v2\/media\/20949"}],"wp:attachment":[{"href":"https:\/\/stayfit.com.ar\/index.php?rest_route=%2Fwp%2Fv2%2Fmedia&parent=20937"}],"wp:term":[{"taxonomy":"product_brand","embeddable":true,"href":"https:\/\/stayfit.com.ar\/index.php?rest_route=%2Fwp%2Fv2%2Fproduct_brand&post=20937"},{"taxonomy":"product_cat","embeddable":true,"href":"https:\/\/stayfit.com.ar\/index.php?rest_route=%2Fwp%2Fv2%2Fproduct_cat&post=20937"},{"taxonomy":"product_tag","embeddable":true,"href":"https:\/\/stayfit.com.ar\/index.php?rest_route=%2Fwp%2Fv2%2Fproduct_tag&post=20937"}],"curies":[{"name":"wp","href":"https:\/\/api.w.org\/{rel}","templated":true}]}}