{"id":20961,"date":"2024-10-20T21:27:16","date_gmt":"2024-10-21T00:27:16","guid":{"rendered":"https:\/\/stayfit.com.ar\/?post_type=product&#038;p=20961"},"modified":"2026-04-11T15:51:30","modified_gmt":"2026-04-11T18:51:30","slug":"shaker-goldnutrition-proone","status":"publish","type":"product","link":"https:\/\/stayfit.com.ar\/?product=shaker-goldnutrition-proone","title":{"rendered":"SHAKER PRO ONE GOLD NUTRITION 750ml"},"content":{"rendered":"<p>DESCRIPCION:<br \/>\nPara mezclas sin grumos, presentamos el Vaso Batidor GOLD NUTRITION. Un modelo ideal para aquellos productos en polvo que requieran de una excelente disoluci\u00f3n. G\u00e9nero: Unisex. Presenta en su interior un resorte rompe grumos. Capacidad m\u00e1xima: 750cc.<br \/>\nComposici\u00f3n: pl\u00e1stico<\/p>\n","protected":false},"excerpt":{"rendered":"<p>Vaso mezclador GOLD NUTRITION PRO ONE 750 ml.<\/p>\n","protected":false},"featured_media":20964,"template":"","meta":{"_monsterinsights_skip_tracking":false,"_monsterinsights_sitenote_active":false,"_monsterinsights_sitenote_note":"","_monsterinsights_sitenote_category":0},"product_brand":[],"product_cat":[141,160],"product_tag":[],"class_list":{"0":"post-20961","1":"product","2":"type-product","3":"status-publish","4":"has-post-thumbnail","6":"product_cat-gold-nutrition","7":"product_cat-shakers","9":"first","10":"instock","11":"taxable","12":"shipping-taxable","13":"purchasable","14":"product-type-simple"},"_links":{"self":[{"href":"https:\/\/stayfit.com.ar\/index.php?rest_route=\/wp\/v2\/product\/20961","targetHints":{"allow":["GET"]}}],"collection":[{"href":"https:\/\/stayfit.com.ar\/index.php?rest_route=\/wp\/v2\/product"}],"about":[{"href":"https:\/\/stayfit.com.ar\/index.php?rest_route=\/wp\/v2\/types\/product"}],"wp:featuredmedia":[{"embeddable":true,"href":"https:\/\/stayfit.com.ar\/index.php?rest_route=\/wp\/v2\/media\/20964"}],"wp:attachment":[{"href":"https:\/\/stayfit.com.ar\/index.php?rest_route=%2Fwp%2Fv2%2Fmedia&parent=20961"}],"wp:term":[{"taxonomy":"product_brand","embeddable":true,"href":"https:\/\/stayfit.com.ar\/index.php?rest_route=%2Fwp%2Fv2%2Fproduct_brand&post=20961"},{"taxonomy":"product_cat","embeddable":true,"href":"https:\/\/stayfit.com.ar\/index.php?rest_route=%2Fwp%2Fv2%2Fproduct_cat&post=20961"},{"taxonomy":"product_tag","embeddable":true,"href":"https:\/\/stayfit.com.ar\/index.php?rest_route=%2Fwp%2Fv2%2Fproduct_tag&post=20961"}],"curies":[{"name":"wp","href":"https:\/\/api.w.org\/{rel}","templated":true}]}}