{"id":20965,"date":"2024-10-20T21:52:04","date_gmt":"2024-10-21T00:52:04","guid":{"rendered":"https:\/\/stayfit.com.ar\/?post_type=product&#038;p=20965"},"modified":"2025-11-24T18:15:14","modified_gmt":"2025-11-24T21:15:14","slug":"shaker-gentech-500ml","status":"publish","type":"product","link":"https:\/\/stayfit.com.ar\/?product=shaker-gentech-500ml","title":{"rendered":"SHAKER GENTECH 500ml"},"content":{"rendered":"<p>DESCRIPCION:<\/p>\n<p>El shaker o vaso mezclador es un contenedor, que generalmente est\u00e1n hechos de pl\u00e1stico, dise\u00f1ados para mezclar de manera c\u00f3moda suplementos alimenticios con agua o leche. El objetivo principal del producto es ser un complemento en la alimentaci\u00f3n e hidrataci\u00f3n a la hora de entrenar.<\/p>\n<p>Caracter\u00edsticas del Blender Shaker de Gentech<br \/>\nEl Shaker de Gentech est\u00e1 fabricado con pl\u00e1stico apto comestible, libre de BPA. Compuesto por tapa abatible stay open, rejilla rompe grumos y dos compartimentos que te permiten transportar tu dosis de producto y\/o comprimidos.<br \/>\nCapacidad; 500 ml.<\/p>\n","protected":false},"excerpt":{"rendered":"<p>Vaso mezclador GENTECH 500ml. con compartimientos<\/p>\n","protected":false},"featured_media":20966,"template":"","meta":{"_monsterinsights_skip_tracking":false,"_monsterinsights_sitenote_active":false,"_monsterinsights_sitenote_note":"","_monsterinsights_sitenote_category":0},"product_brand":[],"product_cat":[147,160],"product_tag":[],"class_list":{"0":"post-20965","1":"product","2":"type-product","3":"status-publish","4":"has-post-thumbnail","6":"product_cat-gentech","7":"product_cat-shakers","9":"first","10":"instock","11":"taxable","12":"shipping-taxable","13":"purchasable","14":"product-type-simple"},"_links":{"self":[{"href":"https:\/\/stayfit.com.ar\/index.php?rest_route=\/wp\/v2\/product\/20965","targetHints":{"allow":["GET"]}}],"collection":[{"href":"https:\/\/stayfit.com.ar\/index.php?rest_route=\/wp\/v2\/product"}],"about":[{"href":"https:\/\/stayfit.com.ar\/index.php?rest_route=\/wp\/v2\/types\/product"}],"wp:featuredmedia":[{"embeddable":true,"href":"https:\/\/stayfit.com.ar\/index.php?rest_route=\/wp\/v2\/media\/20966"}],"wp:attachment":[{"href":"https:\/\/stayfit.com.ar\/index.php?rest_route=%2Fwp%2Fv2%2Fmedia&parent=20965"}],"wp:term":[{"taxonomy":"product_brand","embeddable":true,"href":"https:\/\/stayfit.com.ar\/index.php?rest_route=%2Fwp%2Fv2%2Fproduct_brand&post=20965"},{"taxonomy":"product_cat","embeddable":true,"href":"https:\/\/stayfit.com.ar\/index.php?rest_route=%2Fwp%2Fv2%2Fproduct_cat&post=20965"},{"taxonomy":"product_tag","embeddable":true,"href":"https:\/\/stayfit.com.ar\/index.php?rest_route=%2Fwp%2Fv2%2Fproduct_tag&post=20965"}],"curies":[{"name":"wp","href":"https:\/\/api.w.org\/{rel}","templated":true}]}}