{"id":20979,"date":"2024-10-20T23:08:36","date_gmt":"2024-10-21T02:08:36","guid":{"rendered":"https:\/\/stayfit.com.ar\/?post_type=product&#038;p=20979"},"modified":"2025-11-14T10:45:17","modified_gmt":"2025-11-14T13:45:17","slug":"dhea25mg-landerfit","status":"publish","type":"product","link":"https:\/\/stayfit.com.ar\/?product=dhea25mg-landerfit","title":{"rendered":"DHEA 25mg  LANDERFIT 90 CAPS"},"content":{"rendered":"<p>DESCRIPCI\u00d3N:<br \/>\nLanderFit Dhea 25mg esta dise\u00f1ado para ayudar a restaurar estos niveles, lograr el equilibrio hormonal y metabolismo saludable, mejorar el libido, la funci\u00f3n cognitiva y el sistema inmune e incrementar los niveles de energ\u00eda y bienestar.<br \/>\nPresentaci\u00f3n: 90 c\u00e1psulas.<br \/>\nMODO DE USO:<\/p>\n<p>Consultar siempre la complementaci\u00f3n con tu medico de cabecera.<br \/>\nComo suplemento dietario para mujeres 2 c\u00e1psula por d\u00eda. Como suplemento dietario para hombres 4 c\u00e1sulas al d\u00eda.<\/p>\n","protected":false},"excerpt":{"rendered":"<p>Pro Hormonal DHEA LANDERFIT<br \/>\nPresentaci\u00f3n: 90 c\u00e1psulas x 25 mg.<\/p>\n","protected":false},"featured_media":20983,"template":"","meta":{"_monsterinsights_skip_tracking":false,"_monsterinsights_sitenote_active":false,"_monsterinsights_sitenote_note":"","_monsterinsights_sitenote_category":0},"product_brand":[],"product_cat":[157,186,205],"product_tag":[],"class_list":{"0":"post-20979","1":"product","2":"type-product","3":"status-publish","4":"has-post-thumbnail","6":"product_cat-pro-hormonales","7":"product_cat-importados","8":"product_cat-landerfit","10":"first","11":"outofstock","12":"taxable","13":"shipping-taxable","14":"purchasable","15":"product-type-simple"},"_links":{"self":[{"href":"https:\/\/stayfit.com.ar\/index.php?rest_route=\/wp\/v2\/product\/20979","targetHints":{"allow":["GET"]}}],"collection":[{"href":"https:\/\/stayfit.com.ar\/index.php?rest_route=\/wp\/v2\/product"}],"about":[{"href":"https:\/\/stayfit.com.ar\/index.php?rest_route=\/wp\/v2\/types\/product"}],"wp:featuredmedia":[{"embeddable":true,"href":"https:\/\/stayfit.com.ar\/index.php?rest_route=\/wp\/v2\/media\/20983"}],"wp:attachment":[{"href":"https:\/\/stayfit.com.ar\/index.php?rest_route=%2Fwp%2Fv2%2Fmedia&parent=20979"}],"wp:term":[{"taxonomy":"product_brand","embeddable":true,"href":"https:\/\/stayfit.com.ar\/index.php?rest_route=%2Fwp%2Fv2%2Fproduct_brand&post=20979"},{"taxonomy":"product_cat","embeddable":true,"href":"https:\/\/stayfit.com.ar\/index.php?rest_route=%2Fwp%2Fv2%2Fproduct_cat&post=20979"},{"taxonomy":"product_tag","embeddable":true,"href":"https:\/\/stayfit.com.ar\/index.php?rest_route=%2Fwp%2Fv2%2Fproduct_tag&post=20979"}],"curies":[{"name":"wp","href":"https:\/\/api.w.org\/{rel}","templated":true}]}}