{"id":20990,"date":"2024-10-20T23:57:58","date_gmt":"2024-10-21T02:57:58","guid":{"rendered":"https:\/\/stayfit.com.ar\/?post_type=product&#038;p=20990"},"modified":"2026-03-27T09:22:42","modified_gmt":"2026-03-27T12:22:42","slug":"collagenwhey-2lbs-star-nutrition","status":"publish","type":"product","link":"https:\/\/stayfit.com.ar\/?product=collagenwhey-2lbs-star-nutrition","title":{"rendered":"<strong>COLLAGEN WHEY PROTEIN 2lbs STAR NUTRITION<\/strong>"},"content":{"rendered":"<p>DESCRIPCION: Compuesta concentrado de prote\u00edna de suero l\u00e1cteo y col\u00e1geno hidrolizado.<br \/>\nSu agradable sabor y alta disoluci\u00f3n lo determinan en la opci\u00f3n inteligente a la hora de agregar prote\u00ednas de alto valor deportivo biol\u00f3gico a nuestra dieta, o como parte de un programa nutricional.<br \/>\n100% PROTE\u00cdNA ALIMENTADA CON HIERBA NATURAL<br \/>\nFuente natural de amino\u00e1cidos esenciales, amino\u00e1cidos de cadena ramificada y colageno hidrolizado.<br \/>\nMODO DE USO: Mezclar 1 medida de Platinum Whey Protein en 250cm3 de agua o leche descremada.<br \/>\nConsumir 1 hora antes del entrenamiento, luego del mismo o simplemente en cualquier momento del d\u00eda para alcanzar tus necesidades proteicas.<\/p>\n","protected":false},"excerpt":{"rendered":"<p>Suplemento Dietario en polvo diet\u00e9tico a base de Concentrado de Prote\u00edna de Suero L\u00e1cteo, Col\u00e1geno Hidrolizado. Sabor Vainilla o Chocolate. Libre de Gluten.<br \/>\n2lb (908gr) | 30 porciones | 30gr por porci\u00f3n<\/p>\n","protected":false},"featured_media":20996,"template":"","meta":{"_monsterinsights_skip_tracking":false,"_monsterinsights_sitenote_active":false,"_monsterinsights_sitenote_note":"","_monsterinsights_sitenote_category":0},"product_brand":[],"product_cat":[146,129],"product_tag":[],"class_list":{"0":"post-20990","1":"product","2":"type-product","3":"status-publish","4":"has-post-thumbnail","6":"product_cat-proteinas","7":"product_cat-star-nutrition","9":"first","10":"instock","11":"taxable","12":"shipping-taxable","13":"purchasable","14":"product-type-variable"},"_links":{"self":[{"href":"https:\/\/stayfit.com.ar\/index.php?rest_route=\/wp\/v2\/product\/20990","targetHints":{"allow":["GET"]}}],"collection":[{"href":"https:\/\/stayfit.com.ar\/index.php?rest_route=\/wp\/v2\/product"}],"about":[{"href":"https:\/\/stayfit.com.ar\/index.php?rest_route=\/wp\/v2\/types\/product"}],"wp:featuredmedia":[{"embeddable":true,"href":"https:\/\/stayfit.com.ar\/index.php?rest_route=\/wp\/v2\/media\/20996"}],"wp:attachment":[{"href":"https:\/\/stayfit.com.ar\/index.php?rest_route=%2Fwp%2Fv2%2Fmedia&parent=20990"}],"wp:term":[{"taxonomy":"product_brand","embeddable":true,"href":"https:\/\/stayfit.com.ar\/index.php?rest_route=%2Fwp%2Fv2%2Fproduct_brand&post=20990"},{"taxonomy":"product_cat","embeddable":true,"href":"https:\/\/stayfit.com.ar\/index.php?rest_route=%2Fwp%2Fv2%2Fproduct_cat&post=20990"},{"taxonomy":"product_tag","embeddable":true,"href":"https:\/\/stayfit.com.ar\/index.php?rest_route=%2Fwp%2Fv2%2Fproduct_tag&post=20990"}],"curies":[{"name":"wp","href":"https:\/\/api.w.org\/{rel}","templated":true}]}}