{"id":20999,"date":"2024-10-21T00:32:10","date_gmt":"2024-10-21T03:32:10","guid":{"rendered":"https:\/\/stayfit.com.ar\/?post_type=product&#038;p=20999"},"modified":"2025-11-08T11:53:12","modified_gmt":"2025-11-08T14:53:12","slug":"liporevolution-landerfit","status":"publish","type":"product","link":"https:\/\/stayfit.com.ar\/?product=liporevolution-landerfit","title":{"rendered":"LIPO REVOLUTION 60 caps LANDERFIT"},"content":{"rendered":"<p>DESCRIPCION:<br \/>\nLanderFit Lipo Revolution es un completo complejo quemador de grasa especialmente formulado para aumentar la actividad termog\u00e9nica y el enfoque mental. Esta mezcla \u00fanica asegura la quema de grasa, reduce el apetito y da una lato impulso de energ\u00eda.<br \/>\nPresentaci\u00f3n: 60 c\u00e1psulas (2 c\u00e1psulas por servicio).<\/p>\n<p>MODO DE USO:<br \/>\n2 c\u00e1psulas por d\u00eda. Puede consumirse en ayunas o con las principales comidas. No se recomienda su consumo luego de las 18:00hrs.<\/p>\n","protected":false},"excerpt":{"rendered":"<p>Quemador LIPO REVOLUTION LANDERFIT<br \/>\n60 capsulas.<\/p>\n","protected":false},"featured_media":21034,"template":"","meta":{"_monsterinsights_skip_tracking":false,"_monsterinsights_sitenote_active":false,"_monsterinsights_sitenote_note":"","_monsterinsights_sitenote_category":0},"product_brand":[],"product_cat":[186,205,152],"product_tag":[],"class_list":{"0":"post-20999","1":"product","2":"type-product","3":"status-publish","4":"has-post-thumbnail","6":"product_cat-importados","7":"product_cat-landerfit","8":"product_cat-quemadores","10":"first","11":"instock","12":"taxable","13":"shipping-taxable","14":"purchasable","15":"product-type-simple"},"_links":{"self":[{"href":"https:\/\/stayfit.com.ar\/index.php?rest_route=\/wp\/v2\/product\/20999","targetHints":{"allow":["GET"]}}],"collection":[{"href":"https:\/\/stayfit.com.ar\/index.php?rest_route=\/wp\/v2\/product"}],"about":[{"href":"https:\/\/stayfit.com.ar\/index.php?rest_route=\/wp\/v2\/types\/product"}],"wp:featuredmedia":[{"embeddable":true,"href":"https:\/\/stayfit.com.ar\/index.php?rest_route=\/wp\/v2\/media\/21034"}],"wp:attachment":[{"href":"https:\/\/stayfit.com.ar\/index.php?rest_route=%2Fwp%2Fv2%2Fmedia&parent=20999"}],"wp:term":[{"taxonomy":"product_brand","embeddable":true,"href":"https:\/\/stayfit.com.ar\/index.php?rest_route=%2Fwp%2Fv2%2Fproduct_brand&post=20999"},{"taxonomy":"product_cat","embeddable":true,"href":"https:\/\/stayfit.com.ar\/index.php?rest_route=%2Fwp%2Fv2%2Fproduct_cat&post=20999"},{"taxonomy":"product_tag","embeddable":true,"href":"https:\/\/stayfit.com.ar\/index.php?rest_route=%2Fwp%2Fv2%2Fproduct_tag&post=20999"}],"curies":[{"name":"wp","href":"https:\/\/api.w.org\/{rel}","templated":true}]}}