{"id":21153,"date":"2024-11-10T20:52:11","date_gmt":"2024-11-10T23:52:11","guid":{"rendered":"https:\/\/stayfit.com.ar\/?post_type=product&#038;p=21153"},"modified":"2026-03-27T09:22:38","modified_gmt":"2026-03-27T12:22:38","slug":"creatina-monohidrato-ultrafiltrada-sin-sabor-500gr-star-nutrition","status":"publish","type":"product","link":"https:\/\/stayfit.com.ar\/?product=creatina-monohidrato-ultrafiltrada-sin-sabor-500gr-star-nutrition","title":{"rendered":"CREATINA MONOHIDRATO ULTRAFILTRADA SIN SABOR 500gr STAR NUTRITION"},"content":{"rendered":"<p>DESCRIPCION:<br \/>\nLa creatina ultramicronizada es la uni\u00f3n de tres amino\u00e1cidos que ofrece mayores ventajas que la creatina normal, mejorando su asimilaci\u00f3n.<br \/>\nLa creatina monohidrato es recomendada durante un plan de entrenamiento para aumentar la fuerza, resistencia y recuperaci\u00f3n.<br \/>\nMODO DE USO:<br \/>\n5 gramos diarios (una cucharada de te al ras) en un vaso de agua o jugo.<\/p>\n","protected":false},"excerpt":{"rendered":"<p>Suplemento dietario de creatina monohidrato ultramicronizada.<br \/>\n500gr. | 100 servicios | 5 gramos\u00a0 por servicio |<br \/>\n100% pura | aumenta la fuerza, resistencia y mejora la recuperacion.<\/p>\n","protected":false},"featured_media":21156,"template":"","meta":{"_monsterinsights_skip_tracking":false,"_monsterinsights_sitenote_active":false,"_monsterinsights_sitenote_note":"","_monsterinsights_sitenote_category":0},"product_brand":[],"product_cat":[149,129],"product_tag":[],"class_list":{"0":"post-21153","1":"product","2":"type-product","3":"status-publish","4":"has-post-thumbnail","6":"product_cat-creatinas","7":"product_cat-star-nutrition","9":"first","10":"instock","11":"taxable","12":"shipping-taxable","13":"purchasable","14":"product-type-simple"},"_links":{"self":[{"href":"https:\/\/stayfit.com.ar\/index.php?rest_route=\/wp\/v2\/product\/21153","targetHints":{"allow":["GET"]}}],"collection":[{"href":"https:\/\/stayfit.com.ar\/index.php?rest_route=\/wp\/v2\/product"}],"about":[{"href":"https:\/\/stayfit.com.ar\/index.php?rest_route=\/wp\/v2\/types\/product"}],"wp:featuredmedia":[{"embeddable":true,"href":"https:\/\/stayfit.com.ar\/index.php?rest_route=\/wp\/v2\/media\/21156"}],"wp:attachment":[{"href":"https:\/\/stayfit.com.ar\/index.php?rest_route=%2Fwp%2Fv2%2Fmedia&parent=21153"}],"wp:term":[{"taxonomy":"product_brand","embeddable":true,"href":"https:\/\/stayfit.com.ar\/index.php?rest_route=%2Fwp%2Fv2%2Fproduct_brand&post=21153"},{"taxonomy":"product_cat","embeddable":true,"href":"https:\/\/stayfit.com.ar\/index.php?rest_route=%2Fwp%2Fv2%2Fproduct_cat&post=21153"},{"taxonomy":"product_tag","embeddable":true,"href":"https:\/\/stayfit.com.ar\/index.php?rest_route=%2Fwp%2Fv2%2Fproduct_tag&post=21153"}],"curies":[{"name":"wp","href":"https:\/\/api.w.org\/{rel}","templated":true}]}}