{"id":21204,"date":"2024-11-18T19:06:44","date_gmt":"2024-11-18T22:06:44","guid":{"rendered":"https:\/\/stayfit.com.ar\/?post_type=product&#038;p=21204"},"modified":"2026-03-15T23:08:44","modified_gmt":"2026-03-16T02:08:44","slug":"growsbar-low-carb-world-nutrition-12-unidades","status":"publish","type":"product","link":"https:\/\/stayfit.com.ar\/?product=growsbar-low-carb-world-nutrition-12-unidades","title":{"rendered":"<strong>GROWSBAR LOW CARB (WORLD NUTRITION) 12 UNIDADES<\/strong>"},"content":{"rendered":"<p>DESCRIPCION:<br \/>\nBarra nutricional con un importante aporte de prote\u00ednas de suero l\u00e1cteo y baja en hidratos de carbono, las primeras con alta concentraci\u00f3n de amino\u00e1cidos ramificados (recuperaci\u00f3n y crecimiento muscular). Ideal para dietas bajas en carbohidratos.<br \/>\nMODO DE USO:<br \/>\nEn cualquier momento del d\u00eda como un snack saludable.<\/p>\n","protected":false},"excerpt":{"rendered":"<p>Barra nutricional con un importante aporte de prote\u00ednas de suero l\u00e1cteo y baja en hidratos de carbono, las primeras con alta concentraci\u00f3n de amino\u00e1cidos ramificados (recuperaci\u00f3n y crecimiento muscular). Ideal para dietas bajas en carbohidratos.<\/p>\n","protected":false},"featured_media":21220,"template":"","meta":{"_monsterinsights_skip_tracking":false,"_monsterinsights_sitenote_active":false,"_monsterinsights_sitenote_note":"","_monsterinsights_sitenote_category":0},"product_brand":[],"product_cat":[159],"product_tag":[],"class_list":{"0":"post-21204","1":"product","2":"type-product","3":"status-publish","4":"has-post-thumbnail","6":"product_cat-barras-de-proteina","8":"first","9":"instock","10":"taxable","11":"shipping-taxable","12":"purchasable","13":"product-type-variable"},"_links":{"self":[{"href":"https:\/\/stayfit.com.ar\/index.php?rest_route=\/wp\/v2\/product\/21204","targetHints":{"allow":["GET"]}}],"collection":[{"href":"https:\/\/stayfit.com.ar\/index.php?rest_route=\/wp\/v2\/product"}],"about":[{"href":"https:\/\/stayfit.com.ar\/index.php?rest_route=\/wp\/v2\/types\/product"}],"wp:featuredmedia":[{"embeddable":true,"href":"https:\/\/stayfit.com.ar\/index.php?rest_route=\/wp\/v2\/media\/21220"}],"wp:attachment":[{"href":"https:\/\/stayfit.com.ar\/index.php?rest_route=%2Fwp%2Fv2%2Fmedia&parent=21204"}],"wp:term":[{"taxonomy":"product_brand","embeddable":true,"href":"https:\/\/stayfit.com.ar\/index.php?rest_route=%2Fwp%2Fv2%2Fproduct_brand&post=21204"},{"taxonomy":"product_cat","embeddable":true,"href":"https:\/\/stayfit.com.ar\/index.php?rest_route=%2Fwp%2Fv2%2Fproduct_cat&post=21204"},{"taxonomy":"product_tag","embeddable":true,"href":"https:\/\/stayfit.com.ar\/index.php?rest_route=%2Fwp%2Fv2%2Fproduct_tag&post=21204"}],"curies":[{"name":"wp","href":"https:\/\/api.w.org\/{rel}","templated":true}]}}