{"id":22263,"date":"2025-01-03T15:27:09","date_gmt":"2025-01-03T18:27:09","guid":{"rendered":"https:\/\/stayfit.com.ar\/?post_type=product&#038;p=22263"},"modified":"2026-04-09T23:57:21","modified_gmt":"2026-04-10T02:57:21","slug":"combo-duo-star-nutrition","status":"publish","type":"product","link":"https:\/\/stayfit.com.ar\/?product=combo-duo-star-nutrition","title":{"rendered":"Combo Duo Star Nutrition"},"content":{"rendered":"<p>DESCRIPCION: Compuesta por ultra concentrado, aislado e hidrolizado de suero de m\u00e1xima pureza, obtenido por m\u00e9todos no agresivos que garantizan la calidad y estabilidad del producto.<br \/>\nSu agradable sabor y alta disoluci\u00f3n lo determinan en la opci\u00f3n inteligente a la hora de agregar prote\u00ednas de alto valor deportivo biol\u00f3gico a nuestra dieta, o como parte de un programa nutricional.<br \/>\n100% PROTE\u00cdNA ALIMENTADA CON HIERBA NATURAL<br \/>\nFuente natural de amino\u00e1cidos esenciales, amino\u00e1cidos de cadena ramificada y Glutamina.<br \/>\nMODO DE USO: Mezclar 1 medida de Platinum Whey Protein en 200cm3 de agua o leche descremada.<br \/>\nConsumir 1 hora antes del entrenamiento, luego del mismo o simplemente en cualquier momento del d\u00eda para alcanzar tus necesidades proteicas.<\/p>\n","protected":false},"excerpt":{"rendered":"<p style=\"padding-left: 40px;\">COMBO DUO STAR NUTRITION<br \/>\n2 Platinum Whey doypack 2 libras<br \/>\nSuplemento diet\u00e9tico en polvo diet\u00e9tico para preparar bebida a base de prote\u00ednas de suero.<br \/>\n2 libras | 30 servicios | 25 gr. por servicio<\/p>\n","protected":false},"featured_media":22269,"template":"","meta":{"_monsterinsights_skip_tracking":false,"_monsterinsights_sitenote_active":false,"_monsterinsights_sitenote_note":"","_monsterinsights_sitenote_category":0},"product_brand":[],"product_cat":[146,129],"product_tag":[],"class_list":{"0":"post-22263","1":"product","2":"type-product","3":"status-publish","4":"has-post-thumbnail","6":"product_cat-proteinas","7":"product_cat-star-nutrition","9":"first","10":"instock","11":"taxable","12":"shipping-taxable","13":"purchasable","14":"product-type-simple"},"_links":{"self":[{"href":"https:\/\/stayfit.com.ar\/index.php?rest_route=\/wp\/v2\/product\/22263","targetHints":{"allow":["GET"]}}],"collection":[{"href":"https:\/\/stayfit.com.ar\/index.php?rest_route=\/wp\/v2\/product"}],"about":[{"href":"https:\/\/stayfit.com.ar\/index.php?rest_route=\/wp\/v2\/types\/product"}],"wp:featuredmedia":[{"embeddable":true,"href":"https:\/\/stayfit.com.ar\/index.php?rest_route=\/wp\/v2\/media\/22269"}],"wp:attachment":[{"href":"https:\/\/stayfit.com.ar\/index.php?rest_route=%2Fwp%2Fv2%2Fmedia&parent=22263"}],"wp:term":[{"taxonomy":"product_brand","embeddable":true,"href":"https:\/\/stayfit.com.ar\/index.php?rest_route=%2Fwp%2Fv2%2Fproduct_brand&post=22263"},{"taxonomy":"product_cat","embeddable":true,"href":"https:\/\/stayfit.com.ar\/index.php?rest_route=%2Fwp%2Fv2%2Fproduct_cat&post=22263"},{"taxonomy":"product_tag","embeddable":true,"href":"https:\/\/stayfit.com.ar\/index.php?rest_route=%2Fwp%2Fv2%2Fproduct_tag&post=22263"}],"curies":[{"name":"wp","href":"https:\/\/api.w.org\/{rel}","templated":true}]}}