{"id":22458,"date":"2025-02-02T21:50:03","date_gmt":"2025-02-03T00:50:03","guid":{"rendered":"https:\/\/stayfit.com.ar\/?post_type=product&#038;p=22458"},"modified":"2026-03-27T09:22:42","modified_gmt":"2026-03-27T12:22:42","slug":"citrato-magnesio-x500gramos-star-nutrition","status":"publish","type":"product","link":"https:\/\/stayfit.com.ar\/?product=citrato-magnesio-x500gramos-star-nutrition","title":{"rendered":"Citrato Magnesio X 500 Gramos Star Nutrition"},"content":{"rendered":"<p>DESCRIPCION:<br \/>\nEl citrato de magnesio es una forma altamente absorbible de magnesio LIBRE DE GLUTEN Y SIN TACC, un mineral esencial que desempe\u00f1a un papel fundamental en una amplia variedad de funciones corporales, incluida la salud nerviosa, la funci\u00f3n muscular, el metabolismo energ\u00e9tico y la salud \u00f3sea.<br \/>\nBENEFICIOS:<br \/>\n\u25ba Mejora del Rendimiento<br \/>\n\u25ba Reducci\u00f3n de la Fatiga Muscular<br \/>\n\u25ba Mejora la Recuperaci\u00f3n<br \/>\n\u25ba Apoya la Salud \u00d3sea<br \/>\n\u25ba Apoyo al Sue\u00f1o Reparador<br \/>\n\u25ba Regulaci\u00f3n del Estr\u00e9s<br \/>\nMODO DE USO:<\/p>\n<p>Se recomienda consumir 1 porci\u00f3n diaria (3.5 gramos) preferentemente antes de acostarse en la noche, acompa\u00f1ado de un vaso con agua.<\/p>\n","protected":false},"excerpt":{"rendered":"<p>PRESENTACI\u00d3N: en polvo x 500 gramos (142 servicios).<br \/>\nSin T.A.C.C. Libre de gluten.<\/p>\n<p>BENEFICIOS:<br \/>\n\u25ba Mejora del Rendimiento<br \/>\n\u25ba Reducci\u00f3n de la Fatiga Muscular<br \/>\n\u25ba Mejora la Recuperaci\u00f3n<br \/>\n\u25ba Apoya la Salud \u00d3sea<br \/>\n\u25ba Apoyo al Sue\u00f1o Reparador<br \/>\n\u25ba Regulaci\u00f3n del Estr\u00e9s<br \/>\n\u25ba Regulador de la funci\u00f3n intestinal<\/p>\n","protected":false},"featured_media":22461,"template":"","meta":{"_monsterinsights_skip_tracking":false,"_monsterinsights_sitenote_active":false,"_monsterinsights_sitenote_note":"","_monsterinsights_sitenote_category":0},"product_brand":[],"product_cat":[171,129],"product_tag":[],"class_list":{"0":"post-22458","1":"product","2":"type-product","3":"status-publish","4":"has-post-thumbnail","6":"product_cat-vitaminas","7":"product_cat-star-nutrition","9":"first","10":"instock","11":"taxable","12":"shipping-taxable","13":"purchasable","14":"product-type-variable"},"_links":{"self":[{"href":"https:\/\/stayfit.com.ar\/index.php?rest_route=\/wp\/v2\/product\/22458","targetHints":{"allow":["GET"]}}],"collection":[{"href":"https:\/\/stayfit.com.ar\/index.php?rest_route=\/wp\/v2\/product"}],"about":[{"href":"https:\/\/stayfit.com.ar\/index.php?rest_route=\/wp\/v2\/types\/product"}],"wp:featuredmedia":[{"embeddable":true,"href":"https:\/\/stayfit.com.ar\/index.php?rest_route=\/wp\/v2\/media\/22461"}],"wp:attachment":[{"href":"https:\/\/stayfit.com.ar\/index.php?rest_route=%2Fwp%2Fv2%2Fmedia&parent=22458"}],"wp:term":[{"taxonomy":"product_brand","embeddable":true,"href":"https:\/\/stayfit.com.ar\/index.php?rest_route=%2Fwp%2Fv2%2Fproduct_brand&post=22458"},{"taxonomy":"product_cat","embeddable":true,"href":"https:\/\/stayfit.com.ar\/index.php?rest_route=%2Fwp%2Fv2%2Fproduct_cat&post=22458"},{"taxonomy":"product_tag","embeddable":true,"href":"https:\/\/stayfit.com.ar\/index.php?rest_route=%2Fwp%2Fv2%2Fproduct_tag&post=22458"}],"curies":[{"name":"wp","href":"https:\/\/api.w.org\/{rel}","templated":true}]}}