{"id":22464,"date":"2025-02-02T22:09:36","date_gmt":"2025-02-03T01:09:36","guid":{"rendered":"https:\/\/stayfit.com.ar\/?post_type=product&#038;p=22464"},"modified":"2026-04-11T15:51:30","modified_gmt":"2026-04-11T18:51:30","slug":"vitamina-d3k2-30caps-goldnutrition","status":"publish","type":"product","link":"https:\/\/stayfit.com.ar\/?product=vitamina-d3k2-30caps-goldnutrition","title":{"rendered":"Vitamina D3 + K2 30Caps Gold Nutrition"},"content":{"rendered":"<p>DESCRIPCION:<br \/>\n\u00bfPor qu\u00e9 K2+D3 Gold Nutrition?<br \/>\nLas vitaminas K2 y D3 trabajan en sinergia para dar un soporte integral a tus huesos y coraz\u00f3n. Su combinaci\u00f3n optimiza la salud \u00f3sea y cardiovascular, asegurando que el calcio se utilice de manera efectiva en tu cuerpo<br \/>\nLa Vitamina K2 juega un papel crucial en la prevenci\u00f3n de la calcificaci\u00f3n arterial. Asegura que el calcio se dirija de manera efectiva a los huesos y dientes y no se acumule en las arterias<br \/>\nLa combinaci\u00f3n con Vitamina D3 ayuda a mejorar la absorci\u00f3n de calcio, adem\u00e1s es conocida por su capacidad de fortalecer el sistema inmunol\u00f3gico, ayudando a combatir infecciones y enfermedades<br \/>\nLa F\u00f3rmula Combinada de vitamina K2 y D3 en un solo comprimido proporciona un soporte integral para quienes tienen deficiencia de estas vitaminas, ayudando a la absorci\u00f3n de calcio de los alimentos y su correcta distribuci\u00f3n en el cuerpo.<\/p>\n<p>MODO DE USO:<\/p>\n<p>Se recomienda consumir 1 comprimido al d\u00eda, acompa\u00f1ado de agua. Preferentemente junto a las comidas.<\/p>\n","protected":false},"excerpt":{"rendered":"<p>PRESENTACI\u00d3N: En comprimidos x 30<br \/>\nBENEFICIOS:<br \/>\n\u25ba Salud cardiovascular<br \/>\n\u25ba Salud \u00f3sea y articular<br \/>\n\u25ba Apoyo inmunologico<\/p>\n","protected":false},"featured_media":22465,"template":"","meta":{"_monsterinsights_skip_tracking":false,"_monsterinsights_sitenote_active":false,"_monsterinsights_sitenote_note":"","_monsterinsights_sitenote_category":0},"product_brand":[],"product_cat":[171,141],"product_tag":[],"class_list":{"0":"post-22464","1":"product","2":"type-product","3":"status-publish","4":"has-post-thumbnail","6":"product_cat-vitaminas","7":"product_cat-gold-nutrition","9":"first","10":"instock","11":"taxable","12":"shipping-taxable","13":"purchasable","14":"product-type-simple"},"_links":{"self":[{"href":"https:\/\/stayfit.com.ar\/index.php?rest_route=\/wp\/v2\/product\/22464","targetHints":{"allow":["GET"]}}],"collection":[{"href":"https:\/\/stayfit.com.ar\/index.php?rest_route=\/wp\/v2\/product"}],"about":[{"href":"https:\/\/stayfit.com.ar\/index.php?rest_route=\/wp\/v2\/types\/product"}],"wp:featuredmedia":[{"embeddable":true,"href":"https:\/\/stayfit.com.ar\/index.php?rest_route=\/wp\/v2\/media\/22465"}],"wp:attachment":[{"href":"https:\/\/stayfit.com.ar\/index.php?rest_route=%2Fwp%2Fv2%2Fmedia&parent=22464"}],"wp:term":[{"taxonomy":"product_brand","embeddable":true,"href":"https:\/\/stayfit.com.ar\/index.php?rest_route=%2Fwp%2Fv2%2Fproduct_brand&post=22464"},{"taxonomy":"product_cat","embeddable":true,"href":"https:\/\/stayfit.com.ar\/index.php?rest_route=%2Fwp%2Fv2%2Fproduct_cat&post=22464"},{"taxonomy":"product_tag","embeddable":true,"href":"https:\/\/stayfit.com.ar\/index.php?rest_route=%2Fwp%2Fv2%2Fproduct_tag&post=22464"}],"curies":[{"name":"wp","href":"https:\/\/api.w.org\/{rel}","templated":true}]}}