{"id":22538,"date":"2025-02-16T23:55:38","date_gmt":"2025-02-17T02:55:38","guid":{"rendered":"https:\/\/stayfit.com.ar\/?post_type=product&#038;p=22538"},"modified":"2026-03-27T09:22:40","modified_gmt":"2026-03-27T12:22:40","slug":"collagen-sport-star-nutrition-360-gramos-sabor-naranja","status":"publish","type":"product","link":"https:\/\/stayfit.com.ar\/?product=collagen-sport-star-nutrition-360-gramos-sabor-naranja","title":{"rendered":"Collagen Sport Star Nutrition (360 Gramos) Sabor Naranja"},"content":{"rendered":"<p>DESCRIPCION:<br \/>\nMejora tu performance deportiva siendo tu aliado principal para mantener tu cuerpo a<br \/>\nla altura de tu rendimiento, otorgando protecci\u00f3n optima en ligamentos y tendones<br \/>\ndada la combinaci\u00f3n de col\u00e1geno bio activo y vitamina C que hace posible la s\u00edntesis<br \/>\ndel tejido conectivo.<br \/>\nEl d\u00e9ficit de magnesio puede provocar espasmos musculares. El magnesio y col\u00e1geno<br \/>\nen conjunto potencian los beneficios de ambos y reducen la fatiga y las contracturas<br \/>\nmusculares.<br \/>\nla cafe\u00edna contribuye a conservar las reservas de gluc\u00f3geno en los m\u00fasculos,<br \/>\npostergando el agotamiento y de esa manera mejorando el rendimiento.<\/p>\n<p>MODO DE USO:<br \/>\nDiluir 2 medidas (12 gramos) en 300ml. de agua, con es estomago vacio.<\/p>\n<p>INGREDIENTES:<br \/>\nColageno hidrolizado, Vitamina C (Acido Ascorbico), citrato de magnesio, Cafeina, Aro: Sabor naranja, Edu: Stevia<br \/>\nCada porci\u00f3n contiene:<br \/>\n8 gramos de col\u00e1geno<br \/>\n500 mg de calcio<br \/>\n8 g de magnesio<br \/>\n7 mg de zinc<br \/>\n1000 mg de vitamina C<\/p>\n","protected":false},"excerpt":{"rendered":"<p>Colageno hidrolizado, Vitamina C (Acido Ascorbico), citrato de magnesio, Cafeina.<br \/>\nSabor: naranja.<br \/>\nCada porci\u00f3n contiene:<br \/>\n8 gramos de col\u00e1geno<br \/>\n500 mg de calcio<br \/>\n8 g de magnesio<br \/>\n7 mg de zinc<br \/>\n1000 mg de vitamina C<\/p>\n","protected":false},"featured_media":22539,"template":"","meta":{"_monsterinsights_skip_tracking":false,"_monsterinsights_sitenote_active":false,"_monsterinsights_sitenote_note":"","_monsterinsights_sitenote_category":0},"product_brand":[],"product_cat":[158,129],"product_tag":[],"class_list":{"0":"post-22538","1":"product","2":"type-product","3":"status-publish","4":"has-post-thumbnail","6":"product_cat-colagenos","7":"product_cat-star-nutrition","9":"first","10":"instock","11":"taxable","12":"shipping-taxable","13":"purchasable","14":"product-type-simple"},"_links":{"self":[{"href":"https:\/\/stayfit.com.ar\/index.php?rest_route=\/wp\/v2\/product\/22538","targetHints":{"allow":["GET"]}}],"collection":[{"href":"https:\/\/stayfit.com.ar\/index.php?rest_route=\/wp\/v2\/product"}],"about":[{"href":"https:\/\/stayfit.com.ar\/index.php?rest_route=\/wp\/v2\/types\/product"}],"wp:featuredmedia":[{"embeddable":true,"href":"https:\/\/stayfit.com.ar\/index.php?rest_route=\/wp\/v2\/media\/22539"}],"wp:attachment":[{"href":"https:\/\/stayfit.com.ar\/index.php?rest_route=%2Fwp%2Fv2%2Fmedia&parent=22538"}],"wp:term":[{"taxonomy":"product_brand","embeddable":true,"href":"https:\/\/stayfit.com.ar\/index.php?rest_route=%2Fwp%2Fv2%2Fproduct_brand&post=22538"},{"taxonomy":"product_cat","embeddable":true,"href":"https:\/\/stayfit.com.ar\/index.php?rest_route=%2Fwp%2Fv2%2Fproduct_cat&post=22538"},{"taxonomy":"product_tag","embeddable":true,"href":"https:\/\/stayfit.com.ar\/index.php?rest_route=%2Fwp%2Fv2%2Fproduct_tag&post=22538"}],"curies":[{"name":"wp","href":"https:\/\/api.w.org\/{rel}","templated":true}]}}