{"id":22542,"date":"2025-02-17T00:06:35","date_gmt":"2025-02-17T03:06:35","guid":{"rendered":"https:\/\/stayfit.com.ar\/?post_type=product&#038;p=22542"},"modified":"2026-03-27T09:22:40","modified_gmt":"2026-03-27T12:22:40","slug":"collagen-plus-star-nutrition-360-gramos-sabor-limon","status":"publish","type":"product","link":"https:\/\/stayfit.com.ar\/?product=collagen-plus-star-nutrition-360-gramos-sabor-limon","title":{"rendered":"Collagen Plus Star Nutrition (360 Gramos) Sabor Limon"},"content":{"rendered":"<p>DESCRIPCION:<br \/>\nAumenta la salud de tus huesos y articulaciones,<br \/>\nEl col\u00e1geno hidrolizado mantiene la integridad de tus huesos y de las articulaciones.<br \/>\nEl zinc contribuye al crecimiento y al desarrollo, a mantener la vista sana, a proteger el<br \/>\nsistema inmunitario y a ayudar al metabolismo a funcionar correctamente.<br \/>\nEl zinc es vital para la s\u00edntesis de prote\u00ednas y el crecimiento muscular, mientras que el magnesio ayuda a regular la funci\u00f3n muscular y nerviosa. Un beneficio potencial de<br \/>\nambos minerales es que pueden trabajar juntos para mejorar el rendimiento diario.<br \/>\nLa vitamina C es esencial para la s\u00edntesis del col\u00e1geno en el organismo.<\/p>\n<p>MODO DE USO:<br \/>\nDiluir 2 medidas (12 gramos) en 300ml. de agua, con es estomago vacio.<\/p>\n<p>INGREDIENTES:<br \/>\nCol\u00e1geno hidrolizado, Fosfato de Calcio, Vitamina C (Acido Asc\u00f3rbico), citrato de magnesio, Gluconato de Zinc, Aro: Sabor Lim\u00f3n, Edu: Stevia<br \/>\nCada porci\u00f3n contiene:<br \/>\n8 gramos de col\u00e1geno<br \/>\n500 mg de calcio<br \/>\n8 g de magnesio<br \/>\n7 mg de zinc<br \/>\n1000 mg de vitamina C<\/p>\n","protected":false},"excerpt":{"rendered":"<p>Col\u00e1geno hidrolizado, Fosfato de Calcio, Vitamina C (Acido Asc\u00f3rbico), citrato de magnesio, Gluconato de Zinc.<br \/>\n Sabor Lim\u00f3n<br \/>\nCada porci\u00f3n contiene:<br \/>\n8 gramos de col\u00e1geno<br \/>\n500 mg de calcio<br \/>\n8 g de magnesio<br \/>\n7 mg de zinc<br \/>\n1000 mg de vitamina C<\/p>\n","protected":false},"featured_media":22544,"template":"","meta":{"_monsterinsights_skip_tracking":false,"_monsterinsights_sitenote_active":false,"_monsterinsights_sitenote_note":"","_monsterinsights_sitenote_category":0},"product_brand":[],"product_cat":[158,129],"product_tag":[],"class_list":{"0":"post-22542","1":"product","2":"type-product","3":"status-publish","4":"has-post-thumbnail","6":"product_cat-colagenos","7":"product_cat-star-nutrition","9":"first","10":"instock","11":"taxable","12":"shipping-taxable","13":"purchasable","14":"product-type-simple"},"_links":{"self":[{"href":"https:\/\/stayfit.com.ar\/index.php?rest_route=\/wp\/v2\/product\/22542","targetHints":{"allow":["GET"]}}],"collection":[{"href":"https:\/\/stayfit.com.ar\/index.php?rest_route=\/wp\/v2\/product"}],"about":[{"href":"https:\/\/stayfit.com.ar\/index.php?rest_route=\/wp\/v2\/types\/product"}],"wp:featuredmedia":[{"embeddable":true,"href":"https:\/\/stayfit.com.ar\/index.php?rest_route=\/wp\/v2\/media\/22544"}],"wp:attachment":[{"href":"https:\/\/stayfit.com.ar\/index.php?rest_route=%2Fwp%2Fv2%2Fmedia&parent=22542"}],"wp:term":[{"taxonomy":"product_brand","embeddable":true,"href":"https:\/\/stayfit.com.ar\/index.php?rest_route=%2Fwp%2Fv2%2Fproduct_brand&post=22542"},{"taxonomy":"product_cat","embeddable":true,"href":"https:\/\/stayfit.com.ar\/index.php?rest_route=%2Fwp%2Fv2%2Fproduct_cat&post=22542"},{"taxonomy":"product_tag","embeddable":true,"href":"https:\/\/stayfit.com.ar\/index.php?rest_route=%2Fwp%2Fv2%2Fproduct_tag&post=22542"}],"curies":[{"name":"wp","href":"https:\/\/api.w.org\/{rel}","templated":true}]}}