{"id":22547,"date":"2025-02-17T00:33:57","date_gmt":"2025-02-17T03:33:57","guid":{"rendered":"https:\/\/stayfit.com.ar\/?post_type=product&#038;p=22547"},"modified":"2026-04-11T15:51:32","modified_gmt":"2026-04-11T18:51:32","slug":"hydrolyzed-collagen-200gr-sabor-frutilla-gold-nutrition","status":"publish","type":"product","link":"https:\/\/stayfit.com.ar\/?product=hydrolyzed-collagen-200gr-sabor-frutilla-gold-nutrition","title":{"rendered":"Hydrolyzed Collagen 200Gr Sabor Frutilla Gold Nutrition"},"content":{"rendered":"<p>DESCRIPCION:<br \/>\nLos beneficios del col\u00e1geno en nuestro cuerpo son innumerables.<br \/>\nUna toma diaria de nuestro\u00a0HYDROLYZED COLLAGEN+\u00c1cido Hialur\u00f3nico + Te blanco es tan beneficiosa para una piel sana, como para las u\u00f1as, el cabello,\u00a0los huesos y las articulaciones<br \/>\nMODO DE USO:<br \/>\nDisolver 2 cucharas (incluida) de 10g en un vaso con aprox. 250cc de agua bien fr\u00eda, mezclar bien y disfrutar!<\/p>\n","protected":false},"excerpt":{"rendered":"<p>Hydrolyzed Collagen\u00a0 de Age-Biologique es un suplemento dietario en polvo a base de Col\u00e1geno Hidrolizado,\u00a0\u00c1cido Hialur\u00f3nico, Te blanco y Vitamina C.<br \/>\nPresentacion: 200 gramos<br \/>\nSabor: frutilla<\/p>\n","protected":false},"featured_media":22548,"template":"","meta":{"_monsterinsights_skip_tracking":false,"_monsterinsights_sitenote_active":false,"_monsterinsights_sitenote_note":"","_monsterinsights_sitenote_category":0},"product_brand":[],"product_cat":[195,158,141],"product_tag":[],"class_list":{"0":"post-22547","1":"product","2":"type-product","3":"status-publish","4":"has-post-thumbnail","6":"product_cat-age-biologique","7":"product_cat-colagenos","8":"product_cat-gold-nutrition","10":"first","11":"instock","12":"taxable","13":"shipping-taxable","14":"purchasable","15":"product-type-simple"},"_links":{"self":[{"href":"https:\/\/stayfit.com.ar\/index.php?rest_route=\/wp\/v2\/product\/22547","targetHints":{"allow":["GET"]}}],"collection":[{"href":"https:\/\/stayfit.com.ar\/index.php?rest_route=\/wp\/v2\/product"}],"about":[{"href":"https:\/\/stayfit.com.ar\/index.php?rest_route=\/wp\/v2\/types\/product"}],"wp:featuredmedia":[{"embeddable":true,"href":"https:\/\/stayfit.com.ar\/index.php?rest_route=\/wp\/v2\/media\/22548"}],"wp:attachment":[{"href":"https:\/\/stayfit.com.ar\/index.php?rest_route=%2Fwp%2Fv2%2Fmedia&parent=22547"}],"wp:term":[{"taxonomy":"product_brand","embeddable":true,"href":"https:\/\/stayfit.com.ar\/index.php?rest_route=%2Fwp%2Fv2%2Fproduct_brand&post=22547"},{"taxonomy":"product_cat","embeddable":true,"href":"https:\/\/stayfit.com.ar\/index.php?rest_route=%2Fwp%2Fv2%2Fproduct_cat&post=22547"},{"taxonomy":"product_tag","embeddable":true,"href":"https:\/\/stayfit.com.ar\/index.php?rest_route=%2Fwp%2Fv2%2Fproduct_tag&post=22547"}],"curies":[{"name":"wp","href":"https:\/\/api.w.org\/{rel}","templated":true}]}}