{"id":22697,"date":"2025-03-30T19:08:48","date_gmt":"2025-03-30T22:08:48","guid":{"rendered":"https:\/\/stayfit.com.ar\/?post_type=product&#038;p=22697"},"modified":"2025-10-11T10:36:42","modified_gmt":"2025-10-11T13:36:42","slug":"pro-salts-60caps-nutremax","status":"publish","type":"product","link":"https:\/\/stayfit.com.ar\/?product=pro-salts-60caps-nutremax","title":{"rendered":"Pro Salts 60Caps Nutremax"},"content":{"rendered":"<p>DESCRIPCION:<br \/>\nPROSALTS<br \/>\nCuando hacemos una actividad f\u00edsica intensa, transpiramos y nuestro cuerpo pierde agua y electrolitos a trav\u00e9s del sudor. Con \u00e9l se pierden electrolitos fundamentales como Sodio, Potasio, Calcio, Magnesio y Cloruros. Los electrolitos son conductores de energ\u00eda y desempe\u00f1an un papel fundamental en el mantenimiento de la funci\u00f3n muscular. La escasez de cualquiera de estos elementos puede afectar el rendimiento general.<br \/>\nPROSALTS est\u00e1 dise\u00f1ado para restaurar el equilibrio electrol\u00edtico que el cuerpo sufre durante la actividad f\u00edsica extrema. Proporciona una \u00f3ptima reposici\u00f3n de electrolitos permitiendo maximizar el rendimiento, mantenerse hidratado, combatir la fatiga y prevenir los calambres musculares.<br \/>\nLas c\u00e1psulas PROSALTS son muy c\u00f3modas e ideales para cualquier persona que necesite mantener la energ\u00eda, la hidrataci\u00f3n y funci\u00f3n muscular adecuada en condiciones de estr\u00e9s por calor y\/o m\u00e1ximo esfuerzo.<\/p>\n<p>PRESENTACION:<br \/>\nEn c\u00e1psulas. 60 caps.<\/p>\n<p>BENEFICIOS:<br \/>\n\u25ba Rehidrata r\u00e1pidamente de forma eficiente<br \/>\n\u25ba Reposici\u00f3n de electrolitos sin calor\u00edas<br \/>\n\u25ba Previene calambres y fatiga muscular<br \/>\n\u25ba Apoya el rendimiento y la recuperaci\u00f3n<br \/>\n\u25ba Dosis exacta y personalizable.<\/p>\n<p>MODO DE USO:<br \/>\nSe recomienda tomar 1 c\u00e1psula cada 60 minutos durante la actividad f\u00edsica.<\/p>\n","protected":false},"excerpt":{"rendered":"<p>PRESENTACI\u00d3N: En comprimidos x 30<br \/>\nBENEFICIOS:<br \/>\n\u25ba Salud cardiovascular<br \/>\n\u25ba Salud \u00f3sea y articular<br \/>\n\u25ba Apoyo inmunologico<\/p>\n","protected":false},"featured_media":22698,"template":"","meta":{"_monsterinsights_skip_tracking":false,"_monsterinsights_sitenote_active":false,"_monsterinsights_sitenote_note":"","_monsterinsights_sitenote_category":0},"product_brand":[],"product_cat":[327],"product_tag":[],"class_list":{"0":"post-22697","1":"product","2":"type-product","3":"status-publish","4":"has-post-thumbnail","6":"product_cat-sales","8":"first","9":"instock","10":"taxable","11":"shipping-taxable","12":"purchasable","13":"product-type-simple"},"_links":{"self":[{"href":"https:\/\/stayfit.com.ar\/index.php?rest_route=\/wp\/v2\/product\/22697","targetHints":{"allow":["GET"]}}],"collection":[{"href":"https:\/\/stayfit.com.ar\/index.php?rest_route=\/wp\/v2\/product"}],"about":[{"href":"https:\/\/stayfit.com.ar\/index.php?rest_route=\/wp\/v2\/types\/product"}],"wp:featuredmedia":[{"embeddable":true,"href":"https:\/\/stayfit.com.ar\/index.php?rest_route=\/wp\/v2\/media\/22698"}],"wp:attachment":[{"href":"https:\/\/stayfit.com.ar\/index.php?rest_route=%2Fwp%2Fv2%2Fmedia&parent=22697"}],"wp:term":[{"taxonomy":"product_brand","embeddable":true,"href":"https:\/\/stayfit.com.ar\/index.php?rest_route=%2Fwp%2Fv2%2Fproduct_brand&post=22697"},{"taxonomy":"product_cat","embeddable":true,"href":"https:\/\/stayfit.com.ar\/index.php?rest_route=%2Fwp%2Fv2%2Fproduct_cat&post=22697"},{"taxonomy":"product_tag","embeddable":true,"href":"https:\/\/stayfit.com.ar\/index.php?rest_route=%2Fwp%2Fv2%2Fproduct_tag&post=22697"}],"curies":[{"name":"wp","href":"https:\/\/api.w.org\/{rel}","templated":true}]}}