{"id":22709,"date":"2025-03-30T19:49:23","date_gmt":"2025-03-30T22:49:23","guid":{"rendered":"https:\/\/stayfit.com.ar\/?post_type=product&#038;p=22709"},"modified":"2025-10-11T10:36:44","modified_gmt":"2025-10-11T13:36:44","slug":"recovery-drink-nutremax","status":"publish","type":"product","link":"https:\/\/stayfit.com.ar\/?product=recovery-drink-nutremax","title":{"rendered":"Recovery Drink Nutremax"},"content":{"rendered":"<p>RECOVERY DRINK<br \/>\nPara lograr una correcta recuperaci\u00f3n despu\u00e9s del ejercicio debemos rehidratar, recargar el gluc\u00f3geno muscular, reparar el m\u00fasculo da\u00f1ado y reducir el estr\u00e9s oxidativo.<br \/>\nRECOVERY DRINK aporta todos los nutrientes necesarios para lograr la mejor recuperaci\u00f3n en el menor tiempo posible.<br \/>\nSu cuidadosa f\u00f3rmula aporta de manera precisa y con excelente sabor carbohidratos de r\u00e1pida absorci\u00f3n, prote\u00ednas de alto valor biol\u00f3gico, BCAA extras y Glutamina para acelerar la recuperaci\u00f3n y Vitaminas, Minerales y Electrolitos para una inmediata reposici\u00f3n.<\/p>\n<p>PRESENTACION:<br \/>\n540 y 1500 gramos<\/p>\n<p>SABORES:<\/p>\n<ul>\n<li>\nANANA\n<\/li>\n<li>\nNARANJA\n<\/li>\n<\/ul>\n<p>MODO DE USO:<br \/>\n8 medidas al ras (60g) en 500cc de agua.<\/p>\n","protected":false},"excerpt":{"rendered":"<p>\u2714 R\u00e1pida reparaci\u00f3n y recuperaci\u00f3n muscular .<br \/>\n\u2714 Efectiva rehidrataci\u00f3n.<br \/>\n\u2714 Refuerzo del Sistema inmune.<\/p>\n<p>PRESENTACION:<br \/>\n540 y 1500 gramos<\/p>\n<p>SABORES:<\/p>\n<ul>\n<li>\nANAN\u00c1\n<\/li>\n<li>\nNARANZA\n<\/li>\n<\/ul>\n<p>MODO DE USO:<br \/>\n8 medidas al ras (60g) en 500cc de agua.<\/p>\n","protected":false},"featured_media":22716,"template":"","meta":{"_monsterinsights_skip_tracking":false,"_monsterinsights_sitenote_active":false,"_monsterinsights_sitenote_note":"","_monsterinsights_sitenote_category":0},"product_brand":[],"product_cat":[169],"product_tag":[],"class_list":{"0":"post-22709","1":"product","2":"type-product","3":"status-publish","4":"has-post-thumbnail","6":"product_cat-bebidas-isotonicas","8":"first","9":"instock","10":"taxable","11":"shipping-taxable","12":"purchasable","13":"product-type-variable"},"_links":{"self":[{"href":"https:\/\/stayfit.com.ar\/index.php?rest_route=\/wp\/v2\/product\/22709","targetHints":{"allow":["GET"]}}],"collection":[{"href":"https:\/\/stayfit.com.ar\/index.php?rest_route=\/wp\/v2\/product"}],"about":[{"href":"https:\/\/stayfit.com.ar\/index.php?rest_route=\/wp\/v2\/types\/product"}],"wp:featuredmedia":[{"embeddable":true,"href":"https:\/\/stayfit.com.ar\/index.php?rest_route=\/wp\/v2\/media\/22716"}],"wp:attachment":[{"href":"https:\/\/stayfit.com.ar\/index.php?rest_route=%2Fwp%2Fv2%2Fmedia&parent=22709"}],"wp:term":[{"taxonomy":"product_brand","embeddable":true,"href":"https:\/\/stayfit.com.ar\/index.php?rest_route=%2Fwp%2Fv2%2Fproduct_brand&post=22709"},{"taxonomy":"product_cat","embeddable":true,"href":"https:\/\/stayfit.com.ar\/index.php?rest_route=%2Fwp%2Fv2%2Fproduct_cat&post=22709"},{"taxonomy":"product_tag","embeddable":true,"href":"https:\/\/stayfit.com.ar\/index.php?rest_route=%2Fwp%2Fv2%2Fproduct_tag&post=22709"}],"curies":[{"name":"wp","href":"https:\/\/api.w.org\/{rel}","templated":true}]}}