{"id":22873,"date":"2025-05-04T19:27:54","date_gmt":"2025-05-04T22:27:54","guid":{"rendered":"https:\/\/stayfit.com.ar\/?post_type=product&#038;p=22873"},"modified":"2025-11-21T15:35:38","modified_gmt":"2025-11-21T18:35:38","slug":"gold-standard-682gr-on","status":"publish","type":"product","link":"https:\/\/stayfit.com.ar\/?product=gold-standard-682gr-on","title":{"rendered":"GOLD STANDARD 682gr ON"},"content":{"rendered":"<p>DESCRIPCION:<br \/>\n\u2013 MARCA: ON \u2013 OPTIMUM NUTRITION\u00ae GOLD STANDARD\u00ae 100% WHEY\u2122<br \/>\n\u2013 INFORMACION NUTRICIONAL: Protein Blend (Whey Protein Isolate \u2013 Whey Protein Concentrate \u2013 Whey Peptides) \/ Natural and Artificial Flavors \/ Lecithin \/ Salt \/ Acesulfame Potassium \/ Aminogen\u00ae \/ Sucralose \/ Lactase.<br \/>\n\u2013 ALLERGEN INFORMATION: Contains Milk and Soy (Lecithin) ingredients. \/ GLUTEN FREE.<br \/>\n\u2013 CONTENIDO: 1,5 Lbs. \/ 682 Grs.<br \/>\n\u2013 SERVICIO: 1 Scoop (31g).<br \/>\n\u2013 SERVICIOS POR ENVASE: 22<br \/>\n\u2013 SABORES: Double Rich Chocolate \/ Strawberry &amp; Cream \/ Vanilla Ice Cream.<br \/>\n\u2013 FUNCION: Incrementar la masa muscular \/ Minimizar el tiempo de recuperaci\u00f3n.<br \/>\n\u2013 MODO DE USO: Mezclar en un shaker 1 scoop (1 servicio) en 250 cm3 de agua. Consumir 1 \u2013 2 servicios diarios seg\u00fan necesidades nutricionales. Para \u00f3ptimos resultados, consumir 1 servicio preferentemente como colaci\u00f3n entre comidas, y\/o antes y despu\u00e9s de la actividad f\u00edsica.<br \/>\n\u2013 ORIGEN: Estados Unidos.<\/p>\n","protected":false},"excerpt":{"rendered":"<p>Suplemento diet\u00e9tico en polvo para preparar bebida a base de prote\u00ednas de suero.<br \/>\n907gr | 25GR DE PROTE\u00cdNA X SERV.<\/p>\n","protected":false},"featured_media":22874,"template":"","meta":{"_monsterinsights_skip_tracking":false,"_monsterinsights_sitenote_active":false,"_monsterinsights_sitenote_note":"","_monsterinsights_sitenote_category":0},"product_brand":[],"product_cat":[186,328,146],"product_tag":[],"class_list":{"0":"post-22873","1":"product","2":"type-product","3":"status-publish","4":"has-post-thumbnail","6":"product_cat-importados","7":"product_cat-optimun-nutrition","8":"product_cat-proteinas","10":"first","11":"instock","12":"taxable","13":"shipping-taxable","14":"purchasable","15":"product-type-variable"},"_links":{"self":[{"href":"https:\/\/stayfit.com.ar\/index.php?rest_route=\/wp\/v2\/product\/22873","targetHints":{"allow":["GET"]}}],"collection":[{"href":"https:\/\/stayfit.com.ar\/index.php?rest_route=\/wp\/v2\/product"}],"about":[{"href":"https:\/\/stayfit.com.ar\/index.php?rest_route=\/wp\/v2\/types\/product"}],"wp:featuredmedia":[{"embeddable":true,"href":"https:\/\/stayfit.com.ar\/index.php?rest_route=\/wp\/v2\/media\/22874"}],"wp:attachment":[{"href":"https:\/\/stayfit.com.ar\/index.php?rest_route=%2Fwp%2Fv2%2Fmedia&parent=22873"}],"wp:term":[{"taxonomy":"product_brand","embeddable":true,"href":"https:\/\/stayfit.com.ar\/index.php?rest_route=%2Fwp%2Fv2%2Fproduct_brand&post=22873"},{"taxonomy":"product_cat","embeddable":true,"href":"https:\/\/stayfit.com.ar\/index.php?rest_route=%2Fwp%2Fv2%2Fproduct_cat&post=22873"},{"taxonomy":"product_tag","embeddable":true,"href":"https:\/\/stayfit.com.ar\/index.php?rest_route=%2Fwp%2Fv2%2Fproduct_tag&post=22873"}],"curies":[{"name":"wp","href":"https:\/\/api.w.org\/{rel}","templated":true}]}}